{"id":50237,"date":"2025-11-07T10:49:29","date_gmt":"2025-11-07T09:49:29","guid":{"rendered":"https:\/\/mamparasyduchas.com\/?page_id=50237"},"modified":"2025-11-07T12:18:32","modified_gmt":"2025-11-07T11:18:32","slug":"plato-de-ducha-doccia","status":"publish","type":"page","link":"https:\/\/mamparasyduchas.com\/en\/plato-de-ducha-doccia\/","title":{"rendered":"Plato de ducha Doccia"},"content":{"rendered":"<div data-elementor-type=\"wp-page\" data-elementor-id=\"50237\" class=\"elementor elementor-50237\" data-elementor-post-type=\"page\">\n\t\t\t\t\t\t\t<div class=\"elementor-element elementor-element-629746f e-flex e-con-boxed e-con e-parent\" data-id=\"629746f\" data-element_type=\"container\" data-e-type=\"container\">\r\n\t\t\t\t\t\t\t<div class=\"e-con-inner\">\r\n\t\t\t\t\t\t<div class=\"elementor-element elementor-element-0702fc9 elementor-widget elementor-widget-heading\" data-id=\"0702fc9\" data-element_type=\"widget\" data-e-type=\"widget\" data-widget_type=\"heading.default\">\n\t\t\t\t\t<h1 class=\"elementor-heading-title elementor-size-default\">Plato de ducha Doccia<\/h1>\t\t\t\t<\/div>\n\t\t\t\t\t\t<\/div>\r\n\t\t\t\t\r\n\t\t\t<\/div>\r\n\t\t\t\t\t\t<div class=\"elementor-element elementor-element-ffb4f5b e-flex e-con-boxed e-con e-parent\" data-id=\"ffb4f5b\" data-element_type=\"container\" data-e-type=\"container\">\r\n\t\t\t\t\t\t\t<div class=\"e-con-inner\">\r\n\t\t\t\t\t\t\t<div class=\"elementor-element elementor-element-c0011ba e-con-full e-flex e-con e-child\" data-id=\"c0011ba\" data-element_type=\"container\" data-e-type=\"container\">\r\n\t\t\t\t\t<div class=\"elementor-element elementor-element-a2a4965 elementor-widget elementor-widget-text-editor\" data-id=\"a2a4965\" data-element_type=\"widget\" data-e-type=\"widget\" data-widget_type=\"text-editor.default\">\n\t\t\t\t\t\t\t\t\t<p data-start=\"144\" data-end=\"671\">Renovar tu ba\u00f1o es una oportunidad para transformar tu hogar en un espacio m\u00e1s c\u00f3modo, moderno y funcional. Cada detalle cuenta, y elegir los elementos adecuados marca la diferencia entre un ba\u00f1o corriente y uno con personalidad. En <strong data-start=\"377\" data-end=\"398\">Mamparas y Duchas<\/strong> lo sabemos bien, por eso apostamos por productos que combinan dise\u00f1o, calidad y durabilidad. Los <strong data-start=\"496\" data-end=\"522\">platos de ducha Doccia<\/strong> son un claro ejemplo de ello: piezas pensadas para ofrecer una experiencia de ducha segura, est\u00e9tica y adaptada a las necesidades de cada usuario.<\/p><p data-start=\"673\" data-end=\"1073\">Si buscas un ba\u00f1o que refleje elegancia y practicidad, el <strong data-start=\"731\" data-end=\"756\">plato de ducha Doccia<\/strong> es la elecci\u00f3n perfecta. Fabricado con materiales de alta resistencia y un acabado cuidadosamente dise\u00f1ado, aporta un toque sofisticado sin renunciar a la funcionalidad. Su instalaci\u00f3n sencilla y su dise\u00f1o extraplanar permiten integrarlo en cualquier ambiente, aportando amplitud visual y confort en el uso diario.<\/p>\t\t\t\t\t\t\t\t<\/div>\n\t\t\r\n\t\t\t<\/div>\r\n\t\t\t\t\t\t<div class=\"elementor-element elementor-element-4d1b1ce e-con-full e-flex e-con e-child\" data-id=\"4d1b1ce\" data-element_type=\"container\" data-e-type=\"container\">\r\n\t\t\t\t\t<div class=\"elementor-element elementor-element-c432ebd elementor-widget elementor-widget-image\" data-id=\"c432ebd\" data-element_type=\"widget\" data-e-type=\"widget\" data-widget_type=\"image.default\">\n\t\t\t\t\t\t\t\t\t\t\t\t\t\t\t<img fetchpriority=\"high\" decoding=\"async\" width=\"500\" height=\"641\" src=\"https:\/\/mamparasyduchas.com\/wp-content\/uploads\/2024\/02\/platos-de-ducha.jpg\" class=\"attachment-large size-large wp-image-34205\" alt=\"plato de ducha Doccia\" srcset=\"https:\/\/mamparasyduchas.com\/wp-content\/uploads\/2024\/02\/platos-de-ducha.jpg 500w, https:\/\/mamparasyduchas.com\/wp-content\/uploads\/2024\/02\/platos-de-ducha-468x600.jpg 468w\" sizes=\"(max-width: 500px) 100vw, 500px\" \/>\t\t\t\t\t\t\t\t\t\t\t\t\t\t\t<\/div>\n\t\t\r\n\t\t\t<\/div>\r\n\t\t\t\t\t\t\t<\/div>\r\n\t\t\t\t\r\n\t\t\t<\/div>\r\n\t\t\t\t\t\t<div class=\"elementor-element elementor-element-281dbd9 e-flex e-con-boxed e-con e-parent\" data-id=\"281dbd9\" data-element_type=\"container\" data-e-type=\"container\">\r\n\t\t\t\t\t\t\t<div class=\"e-con-inner\">\r\n\t\t\t\t\t\t<div class=\"elementor-element elementor-element-3dc6d34 elementor-widget elementor-widget-heading\" data-id=\"3dc6d34\" data-element_type=\"widget\" data-e-type=\"widget\" data-widget_type=\"heading.default\">\n\t\t\t\t\t<h2 class=\"elementor-heading-title elementor-size-default\">\u00bfQu\u00e9 hace especial al plato de ducha Doccia?<\/h2>\t\t\t\t<\/div>\n\t\t\t\t\t\t<\/div>\r\n\t\t\t\t\r\n\t\t\t<\/div>\r\n\t\t\t\t\t\t<div class=\"elementor-element elementor-element-4cf7daa e-flex e-con-boxed e-con e-parent\" data-id=\"4cf7daa\" data-element_type=\"container\" data-e-type=\"container\">\r\n\t\t\t\t\t\t\t<div class=\"e-con-inner\">\r\n\t\t\t\t\t\t<div class=\"elementor-element elementor-element-217140a elementor-widget elementor-widget-text-editor\" data-id=\"217140a\" data-element_type=\"widget\" data-e-type=\"widget\" data-widget_type=\"text-editor.default\">\n\t\t\t\t\t\t\t\t\t<p><span style=\"font-weight: 400;\">Platos de ducha antideslizantes, extraplanos y con un acabado elegante y \u00fanico. Estas son las caracter\u00edsticas del <\/span><b>plato de ducha Doccia<\/b><span style=\"font-weight: 400;\">, un elemento exclusivo y funcional para tu cuarto de ba\u00f1o. Doccia Group es una empresa que lleva apostando por la innovaci\u00f3n y la calidad desde sus inicios. En Mamparas y Duchas solo trabajamos con las mejores firmas y esta es una de ellas.<\/span><\/p><p><span style=\"font-weight: 400;\">Sabemos que no siempre dispones del tiempo necesario para elegir los elementos que necesitas para tu hogar. <\/span><i><span style=\"font-weight: 400;\">Comprar mamparas de ducha online<\/span><\/i><span style=\"font-weight: 400;\"> es la soluci\u00f3n perfecta. Se trata de un procedimiento muy sencillo, como el de cualquier otra compra online, contando adem\u00e1s con el asesoramiento profesional de nuestro equipo.<\/span><\/p><p><span style=\"font-weight: 400;\">En el cat\u00e1logo encontrar\u00e1s <\/span><i><span style=\"font-weight: 400;\">mamparas de ducha con puerta abatible<\/span><\/i><span style=\"font-weight: 400;\">, mamparas plegables, fijas, etc. Si tienes dudas respecto a cu\u00e1l de ellas es la que mejor se adapta a tu espacio, no dudes en preguntarnos, estamos aqu\u00ed para asesorarte. Disponemos de una amplia gama de productos para que encuentres aquellos que hagan tu d\u00eda a d\u00eda m\u00e1s c\u00f3modo y accesible. Si adem\u00e1s quieres crear espacios \u00fanicos, a\u00f1ade un\u00a0 <\/span><b>plato de ducha Doccia<\/b><span style=\"font-weight: 400;\"> a tu cuarto de ba\u00f1o.<\/span><\/p>\t\t\t\t\t\t\t\t<\/div>\n\t\t\t\t\t\t<\/div>\r\n\t\t\t\t\r\n\t\t\t<\/div>\r\n\t\t\t\t\t\t<div class=\"elementor-element elementor-element-aa7a1e0 e-flex e-con-boxed e-con e-parent\" data-id=\"aa7a1e0\" data-element_type=\"container\" data-e-type=\"container\">\r\n\t\t\t\t\t\t\t<div class=\"e-con-inner\">\r\n\t\t\t\t\t\t<div class=\"elementor-element elementor-element-5f83fb2 elementor-widget elementor-widget-heading\" data-id=\"5f83fb2\" data-element_type=\"widget\" data-e-type=\"widget\" data-widget_type=\"heading.default\">\n\t\t\t\t\t<h2 class=\"elementor-heading-title elementor-size-default\">Nuestra seleccion de platos de ducha Doccia:<\/h2>\t\t\t\t<\/div>\n\t\t\t\t\t\t<\/div>\r\n\t\t\t\t\r\n\t\t\t<\/div>\r\n\t\t\t\t\t\t<section class=\"elementor-element elementor-element-b152fd3 e-flex e-con-boxed e-con e-parent\" data-id=\"b152fd3\" data-element_type=\"container\" data-e-type=\"container\">\r\n\t\t\t\t\t\t\t<div class=\"e-con-inner\">\r\n\t\t\t\t\t\t\t<div class=\"elementor-element elementor-element-36b433f e-con-full e-flex e-con e-child\" data-id=\"36b433f\" data-element_type=\"container\" data-e-type=\"container\">\r\n\t\t\t\t\t<div class=\"elementor-element elementor-element-3c26001 elementor-widget elementor-widget-image\" data-id=\"3c26001\" data-element_type=\"widget\" data-e-type=\"widget\" data-widget_type=\"image.default\">\n\t\t\t\t\t\t\t\t\t\t\t\t\t\t\t<img decoding=\"async\" width=\"595\" height=\"383\" src=\"https:\/\/mamparasyduchas.com\/wp-content\/uploads\/2025\/11\/Plato-Ducha-Resina-Vulcano-Doccia-e1762507047454.jpg\" class=\"attachment-large size-large wp-image-50238\" alt=\"\" \/>\t\t\t\t\t\t\t\t\t\t\t\t\t\t\t<\/div>\n\t\t\r\n\t\t\t<\/div>\r\n\t\t\t\t\t\t<div class=\"elementor-element elementor-element-0f7caf1 e-con-full e-flex e-con e-child\" data-id=\"0f7caf1\" data-element_type=\"container\" data-e-type=\"container\">\r\n\t\t\t\t\t<div class=\"elementor-element elementor-element-7d381e8 elementor-widget elementor-widget-text-editor\" data-id=\"7d381e8\" data-element_type=\"widget\" data-e-type=\"widget\" data-widget_type=\"text-editor.default\">\n\t\t\t\t\t\t\t\t\t<h3 class=\"product_title entry-title\"><a href=\"https:\/\/mamparasyduchas.com\/en\/platos-de-ducha-antideslizantes-y-extraplanos\/plato-ducha-resina-vulcano-doccia\/\">Plato Ducha Resina Vulcano (Doccia)<\/a><\/h3><ul><li>Plato de ducha resina textura piedra.<\/li><li>Fabricado en resina con tecnolog\u00eda Nanotech.<\/li><li>Tratamiento antideslizante nivel C-3.<\/li><li>Incluye<strong>\u00a0rejilla del mismo color que el plato y v\u00e1lvula de desag\u00fce<\/strong>.<\/li><\/ul>\t\t\t\t\t\t\t\t<\/div>\n\t\t\r\n\t\t\t<\/div>\r\n\t\t\t\t\t\t\t<\/div>\r\n\t\t\t\t\r\n\t\t\t<\/section>\r\n\t\t\t\t\t\t<section class=\"elementor-element elementor-element-81ab13d e-flex e-con-boxed e-con e-parent\" data-id=\"81ab13d\" data-element_type=\"container\" data-e-type=\"container\">\r\n\t\t\t\t\t\t\t<div class=\"e-con-inner\">\r\n\t\t\t\t\t\t\t<div class=\"elementor-element elementor-element-e034957 e-con-full e-flex e-con e-child\" data-id=\"e034957\" data-element_type=\"container\" data-e-type=\"container\">\r\n\t\t\t\t\t<div class=\"elementor-element elementor-element-d7f5ff6 elementor-widget elementor-widget-image\" data-id=\"d7f5ff6\" data-element_type=\"widget\" data-e-type=\"widget\" data-widget_type=\"image.default\">\n\t\t\t\t\t\t\t\t\t\t\t\t\t\t\t<img decoding=\"async\" width=\"460\" height=\"274\" src=\"https:\/\/mamparasyduchas.com\/wp-content\/uploads\/2025\/11\/Plato-Ducha-Resina-Pizarra-Doccia-e1762507907956.jpg\" class=\"attachment-large size-large wp-image-50239\" alt=\"Plato Ducha Resina Pizarra (Doccia)\" \/>\t\t\t\t\t\t\t\t\t\t\t\t\t\t\t<\/div>\n\t\t\r\n\t\t\t<\/div>\r\n\t\t\t\t\t\t<div class=\"elementor-element elementor-element-5309c6c e-con-full e-flex e-con e-child\" data-id=\"5309c6c\" data-element_type=\"container\" data-e-type=\"container\">\r\n\t\t\t\t\t<div class=\"elementor-element elementor-element-46c4dfe elementor-widget elementor-widget-text-editor\" data-id=\"46c4dfe\" data-element_type=\"widget\" data-e-type=\"widget\" data-widget_type=\"text-editor.default\">\n\t\t\t\t\t\t\t\t\t<h3 class=\"product_title entry-title\"><a href=\"https:\/\/mamparasyduchas.com\/en\/platos-de-ducha-antideslizantes-y-extraplanos\/plato-ducha-resina-pizarra-doccia\/\">Plato Ducha Resina Pizarra (Doccia)<\/a><\/h3><ul><li>Plato de ducha con textura pizarra.<\/li><li>Fabricado en resina y Gel-Coat, altura 3 cm<\/li><li>Masa del mismo color que el revestimiento.<\/li><li>V\u00e1lvula sif\u00f3nica en polipreno 90 mm.<\/li><\/ul>\t\t\t\t\t\t\t\t<\/div>\n\t\t\r\n\t\t\t<\/div>\r\n\t\t\t\t\t\t\t<\/div>\r\n\t\t\t\t\r\n\t\t\t<\/section>\r\n\t\t\t\t\t\t<section class=\"elementor-element elementor-element-2f9e2a3 e-flex e-con-boxed e-con e-parent\" data-id=\"2f9e2a3\" data-element_type=\"container\" data-e-type=\"container\">\r\n\t\t\t\t\t\t\t<div class=\"e-con-inner\">\r\n\t\t\t\t\t\t\t<div class=\"elementor-element elementor-element-cb69336 e-con-full e-flex e-con e-child\" data-id=\"cb69336\" data-element_type=\"container\" data-e-type=\"container\">\r\n\t\t\t\t\t<div class=\"elementor-element elementor-element-d1d0686 elementor-widget elementor-widget-image\" data-id=\"d1d0686\" data-element_type=\"widget\" data-e-type=\"widget\" data-widget_type=\"image.default\">\n\t\t\t\t\t\t\t\t\t\t\t\t\t\t\t<img loading=\"lazy\" decoding=\"async\" width=\"593\" height=\"381\" src=\"https:\/\/mamparasyduchas.com\/wp-content\/uploads\/2025\/11\/Plato-Ducha-Resina-Albero-Doccia-e1762508524862.jpg\" class=\"attachment-large size-large wp-image-50241\" alt=\"Plato Ducha Resina Albero (Doccia)\" \/>\t\t\t\t\t\t\t\t\t\t\t\t\t\t\t<\/div>\n\t\t\r\n\t\t\t<\/div>\r\n\t\t\t\t\t\t<div class=\"elementor-element elementor-element-95ed1b1 e-con-full e-flex e-con e-child\" data-id=\"95ed1b1\" data-element_type=\"container\" data-e-type=\"container\">\r\n\t\t\t\t\t<div class=\"elementor-element elementor-element-55ce3ee elementor-widget elementor-widget-text-editor\" data-id=\"55ce3ee\" data-element_type=\"widget\" data-e-type=\"widget\" data-widget_type=\"text-editor.default\">\n\t\t\t\t\t\t\t\t\t<h3 class=\"product_title entry-title\"><a href=\"https:\/\/mamparasyduchas.com\/en\/platos-de-ducha-antideslizantes-y-extraplanos\/plato-ducha-resina-albero-doccia\/\">Plato Ducha Resina Albero (Doccia)<\/a><\/h3><ul><li>Plato de ducha resina textura piedra.<\/li><li>Fabricado en resina.<\/li><li>Tratamiento antideslizante nivel C-3.<\/li><li>Incluye<strong>\u00a0rejilla del mismo color que el plato y v\u00e1lvula de desag\u00fce<\/strong>.<\/li><li><strong>Indicar siempre posicion de la rejilla, izquierda o derecha.<\/strong><\/li><\/ul>\t\t\t\t\t\t\t\t<\/div>\n\t\t\r\n\t\t\t<\/div>\r\n\t\t\t\t\t\t\t<\/div>\r\n\t\t\t\t\r\n\t\t\t<\/section>\r\n\t\t\t\t\t\t<section class=\"elementor-element elementor-element-3f93869 e-flex e-con-boxed e-con e-parent\" data-id=\"3f93869\" data-element_type=\"container\" data-e-type=\"container\">\r\n\t\t\t\t\t\t\t<div class=\"e-con-inner\">\r\n\t\t\t\t\t\t\t<div class=\"elementor-element elementor-element-56d5f44 e-con-full e-flex e-con e-child\" data-id=\"56d5f44\" data-element_type=\"container\" data-e-type=\"container\">\r\n\t\t\t\t\t<div class=\"elementor-element elementor-element-dae75d6 elementor-widget elementor-widget-image\" data-id=\"dae75d6\" data-element_type=\"widget\" data-e-type=\"widget\" data-widget_type=\"image.default\">\n\t\t\t\t\t\t\t\t\t\t\t\t\t\t\t<img loading=\"lazy\" decoding=\"async\" width=\"461\" height=\"269\" src=\"https:\/\/mamparasyduchas.com\/wp-content\/uploads\/2025\/11\/Plato-de-ducha-de-piedras-en-resina-Doccia2-e1762508848379.jpg\" class=\"attachment-large size-large wp-image-50244\" alt=\"Plato de ducha de piedras en resina (Doccia)\" \/>\t\t\t\t\t\t\t\t\t\t\t\t\t\t\t<\/div>\n\t\t\r\n\t\t\t<\/div>\r\n\t\t\t\t\t\t<div class=\"elementor-element elementor-element-9855222 e-con-full e-flex e-con e-child\" data-id=\"9855222\" data-element_type=\"container\" data-e-type=\"container\">\r\n\t\t\t\t\t<div class=\"elementor-element elementor-element-d75c5a6 elementor-widget elementor-widget-text-editor\" data-id=\"d75c5a6\" data-element_type=\"widget\" data-e-type=\"widget\" data-widget_type=\"text-editor.default\">\n\t\t\t\t\t\t\t\t\t<h3 class=\"product_title entry-title\"><a href=\"https:\/\/mamparasyduchas.com\/en\/platos-de-ducha-antideslizantes-y-extraplanos\/plato-ducha-resina-piedra-doccia\/\">Plato de ducha de piedras en resina (Doccia)<\/a><\/h3><ul><li>Plato de ducha con textura piedra.<\/li><li>Fabricado en resina y Gel-Coat, altura 3 cm.<\/li><li>Masa del mismo color que el revestimiento.<\/li><li>V\u00e1lvula sif\u00f3nica en polipreno 90 mm.<\/li><\/ul>\t\t\t\t\t\t\t\t<\/div>\n\t\t\r\n\t\t\t<\/div>\r\n\t\t\t\t\t\t\t<\/div>\r\n\t\t\t\t\r\n\t\t\t<\/section>\r\n\t\t\t\t\t<\/div>","protected":false},"excerpt":{"rendered":"<p>Plato de ducha Doccia Renovar tu ba\u00f1o es una oportunidad para transformar tu hogar en un espacio m\u00e1s c\u00f3modo, moderno y funcional. Cada detalle cuenta, y elegir los elementos adecuados marca la diferencia entre un ba\u00f1o corriente y uno con personalidad. En Mamparas y Duchas lo sabemos bien, por eso apostamos por productos que combinan [&hellip;]<\/p>\n","protected":false},"author":1,"featured_media":0,"parent":0,"menu_order":0,"comment_status":"closed","ping_status":"closed","template":"","meta":{"footnotes":""},"class_list":["post-50237","page","type-page","status-publish","hentry"],"_links":{"self":[{"href":"https:\/\/mamparasyduchas.com\/en\/wp-json\/wp\/v2\/pages\/50237","targetHints":{"allow":["GET"]}}],"collection":[{"href":"https:\/\/mamparasyduchas.com\/en\/wp-json\/wp\/v2\/pages"}],"about":[{"href":"https:\/\/mamparasyduchas.com\/en\/wp-json\/wp\/v2\/types\/page"}],"author":[{"embeddable":true,"href":"https:\/\/mamparasyduchas.com\/en\/wp-json\/wp\/v2\/users\/1"}],"replies":[{"embeddable":true,"href":"https:\/\/mamparasyduchas.com\/en\/wp-json\/wp\/v2\/comments?post=50237"}],"version-history":[{"count":0,"href":"https:\/\/mamparasyduchas.com\/en\/wp-json\/wp\/v2\/pages\/50237\/revisions"}],"wp:attachment":[{"href":"https:\/\/mamparasyduchas.com\/en\/wp-json\/wp\/v2\/media?parent=50237"}],"curies":[{"name":"wp","href":"https:\/\/api.w.org\/{rel}","templated":true}]}}