{"id":10224,"date":"2024-02-02T12:05:28","date_gmt":"2024-02-02T12:05:28","guid":{"rendered":"https:\/\/www.mamparasyduchas.com\/?post_type=product&#038;p=10224"},"modified":"2024-08-18T11:04:09","modified_gmt":"2024-08-18T09:04:09","slug":"columna-monomando-ducha-line-negro-imex","status":"publish","type":"product","link":"https:\/\/mamparasyduchas.com\/en\/griferia-y-accesorios\/columnas-ducha\/monomando\/columna-monomando-ducha-line-negro-imex\/","title":{"rendered":"Columna Monomando Ducha Line Negro (Imex)"},"content":{"rendered":"<p>Busca productos de confianza con una excelente relaci\u00f3n calidad precio, la columna monomando ducha <strong>LINE<\/strong> es un producto elegante y sobrio con una tecnolog\u00eda insuperable.<\/p>\n<p>No tendr\u00e1s ning\u00fan problema con la instalaci\u00f3n, no obstante, sabes que puedes contactar con nuestro servicio de instalaci\u00f3n, cons\u00faltanos.<\/p>","protected":false},"excerpt":{"rendered":"<p>Modelo polivalente y adaptable a cualquier ba\u00f1o. Robustez y sobriedad son sus principales cualidades.<\/p>\n<ul>\n<li>Grifer\u00eda monomando de lat\u00f3n negro mate.<\/li>\n<li>Barra de ducha de acero inox, extensible 95\/132 cm. negro mate.<\/li>\n<li>Rociador de acero inox, \u00d820cm, extraplano, negro mate y antical.<\/li>\n<li>Soporte mango de ducha negro mate regulable en altura.<\/li>\n<li>Mango de ducha redondo de 1 posici\u00f3n negro mate.<\/li>\n<li>Flexo reforzado PVC 1.5 m. negro mate.<\/li>\n<li>Fabricado en Espa\u00f1a.<\/li>\n<\/ul>\n<p><strong><span class=\"ng-scope\">Plazo de entrega de 5 a 7 d\u00edas laborables.<\/span><\/strong><\/p>","protected":false},"featured_media":40316,"template":"","meta":[],"product_brand":[],"product_cat":[899,370,917],"product_tag":[],"class_list":{"0":"post-10224","1":"product","2":"type-product","3":"status-publish","4":"has-post-thumbnail","6":"product_cat-columnas-ducha","7":"product_cat-griferia-y-accesorios","8":"product_cat-monomando","10":"first","11":"instock","12":"sale","13":"taxable","14":"shipping-taxable","15":"purchasable","16":"product-type-simple"},"_links":{"self":[{"href":"https:\/\/mamparasyduchas.com\/en\/wp-json\/wp\/v2\/product\/10224","targetHints":{"allow":["GET"]}}],"collection":[{"href":"https:\/\/mamparasyduchas.com\/en\/wp-json\/wp\/v2\/product"}],"about":[{"href":"https:\/\/mamparasyduchas.com\/en\/wp-json\/wp\/v2\/types\/product"}],"wp:featuredmedia":[{"embeddable":true,"href":"https:\/\/mamparasyduchas.com\/en\/wp-json\/wp\/v2\/media\/40316"}],"wp:attachment":[{"href":"https:\/\/mamparasyduchas.com\/en\/wp-json\/wp\/v2\/media?parent=10224"}],"wp:term":[{"taxonomy":"product_brand","embeddable":true,"href":"https:\/\/mamparasyduchas.com\/en\/wp-json\/wp\/v2\/product_brand?post=10224"},{"taxonomy":"product_cat","embeddable":true,"href":"https:\/\/mamparasyduchas.com\/en\/wp-json\/wp\/v2\/product_cat?post=10224"},{"taxonomy":"product_tag","embeddable":true,"href":"https:\/\/mamparasyduchas.com\/en\/wp-json\/wp\/v2\/product_tag?post=10224"}],"curies":[{"name":"wp","href":"https:\/\/api.w.org\/{rel}","templated":true}]}}