{"id":11280,"date":"2024-02-02T12:08:42","date_gmt":"2024-02-02T12:08:42","guid":{"rendered":"https:\/\/www.mamparasyduchas.com\/?post_type=product&#038;p=11280"},"modified":"2024-07-11T11:16:41","modified_gmt":"2024-07-11T09:16:41","slug":"mampara-glase-300-blanco-kassandra","status":"publish","type":"product","link":"https:\/\/mamparasyduchas.com\/en\/mamparas-de-ducha\/mamparas-angulares\/2-cristales-fijos-2-hojas-correderas-mamparas-angulares\/mampara-glase-300-blanco-kassandra\/","title":{"rendered":"Mampara Glase 300 Blanco (Kassandra)"},"content":{"rendered":"<p><strong>Mampara\u00a0 serie Glase (Kassandra).<\/strong><\/p>\n<p>Est\u00e1 compuesta por un frontal de 2 cristales fijos y 2 hojas correderas de 6 mm, con apertura en el v\u00e9rtice,\u00a0 en vidrio templado de seguridad.<\/p>\n<p>Est\u00e1 fabricada en aluminio anodizado.<\/p>\n<p>Liberador de puerta para una c\u00f3moda limpieza.<\/p>\n<p>Limpiar con una soluci\u00f3n de agua tibia y un poco de jab\u00f3n neutro. Aclarar con agua utilizando y utilizar un pa\u00f1o suave, nunca utilizar productos abrasivos.<\/p>","protected":false},"excerpt":{"rendered":"<p><strong>CARACTER\u00cdSTICAS PRINCIPALES:<\/strong><\/p>\n<ul>\n<li>Angular de ducha 2 fijos + 2 puertas correderas, entrada por el v\u00e9rtice.<\/li>\n<li>Perfiler\u00eda Aluminio Blanco.<\/li>\n<li>Cristal templado de seguridad de 6 mm, EASY-CLEAN incluido.<\/li>\n<li>Altura 195 cm.<\/li>\n<\/ul>\n<p><strong>Indicar medidas exactas.<\/strong><\/p>\n<p><strong><span class=\"ng-scope\">Plazo de entrega de 3\u00a0a 5 d\u00edas laborables.<\/span><\/strong><br class=\"ng-scope\" \/><span class=\"ng-scope\"><strong>IVA y transporte a pie de calle en pen\u00ednsula incluidos.<\/strong><\/span><\/p>\n<p>medidas, 80 x 70, 90 x 70, 80 x 75, 90 x 75, 80 x 80, 90 x 80, 90 x 90, 100 x 90, 100 x 100, 120 x 100, 130 x 100 y 140 x 100, solamente se fabrica en cristal transparente.<\/p>","protected":false},"featured_media":36554,"template":"","meta":[],"product_brand":[],"product_cat":[234,233,165],"product_tag":[],"class_list":{"0":"post-11280","1":"product","2":"type-product","3":"status-publish","4":"has-post-thumbnail","6":"product_cat-2-cristales-fijos-2-hojas-correderas-mamparas-angulares","7":"product_cat-mamparas-angulares","8":"product_cat-mamparas-de-ducha","10":"first","11":"instock","12":"featured","13":"taxable","14":"shipping-taxable","15":"purchasable","16":"product-type-variable"},"_links":{"self":[{"href":"https:\/\/mamparasyduchas.com\/en\/wp-json\/wp\/v2\/product\/11280","targetHints":{"allow":["GET"]}}],"collection":[{"href":"https:\/\/mamparasyduchas.com\/en\/wp-json\/wp\/v2\/product"}],"about":[{"href":"https:\/\/mamparasyduchas.com\/en\/wp-json\/wp\/v2\/types\/product"}],"wp:featuredmedia":[{"embeddable":true,"href":"https:\/\/mamparasyduchas.com\/en\/wp-json\/wp\/v2\/media\/36554"}],"wp:attachment":[{"href":"https:\/\/mamparasyduchas.com\/en\/wp-json\/wp\/v2\/media?parent=11280"}],"wp:term":[{"taxonomy":"product_brand","embeddable":true,"href":"https:\/\/mamparasyduchas.com\/en\/wp-json\/wp\/v2\/product_brand?post=11280"},{"taxonomy":"product_cat","embeddable":true,"href":"https:\/\/mamparasyduchas.com\/en\/wp-json\/wp\/v2\/product_cat?post=11280"},{"taxonomy":"product_tag","embeddable":true,"href":"https:\/\/mamparasyduchas.com\/en\/wp-json\/wp\/v2\/product_tag?post=11280"}],"curies":[{"name":"wp","href":"https:\/\/api.w.org\/{rel}","templated":true}]}}