{"id":12402,"date":"2024-02-02T12:11:56","date_gmt":"2024-02-02T12:11:56","guid":{"rendered":"https:\/\/www.mamparasyduchas.com\/?post_type=product&#038;p=12402"},"modified":"2025-01-20T18:02:55","modified_gmt":"2025-01-20T17:02:55","slug":"plato-ducha-resina-stromboli-doccia","status":"publish","type":"product","link":"https:\/\/mamparasyduchas.com\/en\/platos-de-ducha-antideslizantes-y-extraplanos\/aligerado\/stromboli\/plato-ducha-resina-stromboli-doccia\/","title":{"rendered":"Plato Ducha Resina Stromboli (Doccia)"},"content":{"rendered":"<h3 class=\"font-medium font-title text-lg mt-8 lg:w-80 mb-3\">Plato de ducha con una terminaci\u00f3n similar a la piedra natural con una textura elegante y regular.<\/h3>\n<p>Su terminaci\u00f3n es muy natural y su rejilla circular tiene un dise\u00f1o muy actual. 47% m\u00e1s ligero y 5 a\u00f1os de garant\u00eda.<\/p>\n<p>Es perfectamente antideslizante.<\/p>\n<p>Recortable cm a cm.<\/p>\n<p>Plato personalizable tanto en medida como en colores.<\/p>","protected":false},"excerpt":{"rendered":"<p><strong>CARACTER\u00cdSTICAS PRINCIPALES:<\/strong><\/p>\n<ul>\n<li>Plato de ducha con textura piedra.<\/li>\n<li>Fabricado en carga mineral volc\u00e1nica con micropart\u00edculas de grafeno.<\/li>\n<li>Compacto y homog\u00e9neo.\u00a0Mayor dureza y resistencia, superior a la del acero.<\/li>\n<li><strong>47% m\u00e1s ligero.<\/strong><\/li>\n<\/ul>\n<p><strong><span class=\"ng-scope\">Plazo de entrega de 3\u00a0a 5 d\u00edas laborables.<\/span><\/strong><br class=\"ng-scope\" \/><span class=\"ng-scope\"><strong>IVA y transporte a pie de calle en pen\u00ednsula incluido.<\/strong><\/span><\/p>\n<p>Echa un vistazo a nuestras <a href=\"https:\/\/mamparasyduchas.com\/en\/mamparas-de-ducha\/\">Mamparas de ducha<\/a><\/p>\n<p>Echa un vistazo a nuestras\u00a0<a href=\"https:\/\/mamparasyduchas.com\/en\/griferia-y-accesorios\/columnas-ducha\/\">Columnas De Ducha<\/a><\/p>\n<p>&nbsp;<\/p>","protected":false},"featured_media":40928,"template":"","meta":[],"product_brand":[],"product_cat":[349,162,368],"product_tag":[],"class_list":{"0":"post-12402","1":"product","2":"type-product","3":"status-publish","4":"has-post-thumbnail","6":"product_cat-aligerado","7":"product_cat-platos-de-ducha-antideslizantes-y-extraplanos","8":"product_cat-stromboli","10":"first","11":"instock","12":"featured","13":"taxable","14":"shipping-taxable","15":"purchasable","16":"product-type-variable"},"_links":{"self":[{"href":"https:\/\/mamparasyduchas.com\/en\/wp-json\/wp\/v2\/product\/12402","targetHints":{"allow":["GET"]}}],"collection":[{"href":"https:\/\/mamparasyduchas.com\/en\/wp-json\/wp\/v2\/product"}],"about":[{"href":"https:\/\/mamparasyduchas.com\/en\/wp-json\/wp\/v2\/types\/product"}],"wp:featuredmedia":[{"embeddable":true,"href":"https:\/\/mamparasyduchas.com\/en\/wp-json\/wp\/v2\/media\/40928"}],"wp:attachment":[{"href":"https:\/\/mamparasyduchas.com\/en\/wp-json\/wp\/v2\/media?parent=12402"}],"wp:term":[{"taxonomy":"product_brand","embeddable":true,"href":"https:\/\/mamparasyduchas.com\/en\/wp-json\/wp\/v2\/product_brand?post=12402"},{"taxonomy":"product_cat","embeddable":true,"href":"https:\/\/mamparasyduchas.com\/en\/wp-json\/wp\/v2\/product_cat?post=12402"},{"taxonomy":"product_tag","embeddable":true,"href":"https:\/\/mamparasyduchas.com\/en\/wp-json\/wp\/v2\/product_tag?post=12402"}],"curies":[{"name":"wp","href":"https:\/\/api.w.org\/{rel}","templated":true}]}}