{"id":12811,"date":"2024-02-02T12:13:14","date_gmt":"2024-02-02T12:13:14","guid":{"rendered":"https:\/\/www.mamparasyduchas.com\/?post_type=product&#038;p=12811"},"modified":"2025-02-27T12:51:40","modified_gmt":"2025-02-27T11:51:40","slug":"columna-termostatica-ducha-inversa-norte4-arcoban","status":"publish","type":"product","link":"https:\/\/mamparasyduchas.com\/en\/griferia-y-accesorios\/columnas-ducha\/termostatico\/columna-termostatica-ducha-inversa-norte4-arcoban\/","title":{"rendered":"Columna Termost\u00e1tica Ducha Norte 4 (Arcoba\u00f1)"},"content":{"rendered":"<p>Busca productos de confianza con una excelente relaci\u00f3n calidad precio, la columna termost\u00e1tico ducha<strong> NORTE 4<\/strong> es un producto elegante y sobrio con una tecnolog\u00eda insuperable.<\/p>\n<p>No tendr\u00e1s ning\u00fan problema con la instalaci\u00f3n, no obstante, sabes que puedes contactar con nuestro servicio de instalaci\u00f3n, cons\u00faltanos. <a href=\"\/en\/mamparas-de-ducha\/mamparas-plegables\/1-plegable\/\">mamparas plegables<\/a>!<\/p>","protected":false},"excerpt":{"rendered":"<p>Modelo polivalente y adaptable a cualquier ba\u00f1o. Robustez y sobriedad son sus principales cualidades.<\/p>\n<ul>\n<li>Termostatico ducha norte 4.<\/li>\n<li>Fabricado acero inox.<\/li>\n<li>Telesc\u00f3pica de 79 cm a 122 cm.<\/li>\n<li>Duch\u00f3n antical circular extraplano 25 cm de di\u00e1metro acero inox.<\/li>\n<li>Mango de ducha antical Duero redondeado cromo.<\/li>\n<li>Flexo acero\/lat\u00f3n 1,50 cm.<\/li>\n<\/ul>\n<p><strong><span class=\"ng-scope\">Plazo de entrega de 5 a 7 d\u00edas laborables.<\/span><\/strong><\/p>","protected":false},"featured_media":40410,"template":"","meta":[],"product_brand":[],"product_cat":[899,370,923],"product_tag":[],"class_list":{"0":"post-12811","1":"product","2":"type-product","3":"status-publish","4":"has-post-thumbnail","6":"product_cat-columnas-ducha","7":"product_cat-griferia-y-accesorios","8":"product_cat-termostatico","10":"first","11":"instock","12":"sale","13":"taxable","14":"shipping-taxable","15":"purchasable","16":"product-type-simple"},"_links":{"self":[{"href":"https:\/\/mamparasyduchas.com\/en\/wp-json\/wp\/v2\/product\/12811","targetHints":{"allow":["GET"]}}],"collection":[{"href":"https:\/\/mamparasyduchas.com\/en\/wp-json\/wp\/v2\/product"}],"about":[{"href":"https:\/\/mamparasyduchas.com\/en\/wp-json\/wp\/v2\/types\/product"}],"wp:featuredmedia":[{"embeddable":true,"href":"https:\/\/mamparasyduchas.com\/en\/wp-json\/wp\/v2\/media\/40410"}],"wp:attachment":[{"href":"https:\/\/mamparasyduchas.com\/en\/wp-json\/wp\/v2\/media?parent=12811"}],"wp:term":[{"taxonomy":"product_brand","embeddable":true,"href":"https:\/\/mamparasyduchas.com\/en\/wp-json\/wp\/v2\/product_brand?post=12811"},{"taxonomy":"product_cat","embeddable":true,"href":"https:\/\/mamparasyduchas.com\/en\/wp-json\/wp\/v2\/product_cat?post=12811"},{"taxonomy":"product_tag","embeddable":true,"href":"https:\/\/mamparasyduchas.com\/en\/wp-json\/wp\/v2\/product_tag?post=12811"}],"curies":[{"name":"wp","href":"https:\/\/api.w.org\/{rel}","templated":true}]}}