{"id":12859,"date":"2024-02-02T12:13:26","date_gmt":"2024-02-02T12:13:26","guid":{"rendered":"https:\/\/www.mamparasyduchas.com\/?post_type=product&#038;p=12859"},"modified":"2024-08-18T09:43:16","modified_gmt":"2024-08-18T07:43:16","slug":"columna-hidromasaje-monomando-beka-cromo-lluvibath","status":"publish","type":"product","link":"https:\/\/mamparasyduchas.com\/en\/griferia-y-accesorios\/columnas-ducha\/columna-hidromasaje-monomando-beka-cromo-lluvibath\/","title":{"rendered":"Columna Hidromasaje Monomando Beka Cromo (Lluvibath)"},"content":{"rendered":"<p>Columna de hidromasaje de la serie <strong>BEKA<\/strong>. Grifer\u00eda monomando de 4 v\u00edas. Instalaci\u00f3n frontal. Rociador cenital, 50 inyectores antical. 14,5 l\/min. Rociador dorsal y lumbar, 32 inyectores antical (13,5 l\/min.) Incluye mango de ducha y flexo.<\/p>","protected":false},"excerpt":{"rendered":"<p><strong>Caracter\u00edsticas Principales:<\/strong><\/p>\n<ul>\n<li>Acero inox. antihuellas, 4 v\u00edas.<\/li>\n<li>Cartucho monomando cer\u00e1mico, 4 cm.<\/li>\n<li>Instalaci\u00f3n frontal.<\/li>\n<li>Presi\u00f3n m\u00ednima: 2 bar, m\u00e1xima: 5 bar.<\/li>\n<li>Rociador cenital, 50 inyectores antical. 14,5 l\/min.<\/li>\n<li>Rociador dorsal y lumbar, 32 inyectores antical. 13,5 l\/min.<\/li>\n<li>Mango de ducha. 12 l\/min.<\/li>\n<li>Funci\u00f3n cascada. 14,5 l\/min.<\/li>\n<li>Latiguillos 50 cm, rosca: 1\/2&#8243;.<\/li>\n<\/ul>\n<p><strong><span class=\"ng-scope\">Plazo de entrega de 5 a 7 d\u00edas laborables.<\/span><\/strong><\/p>","protected":false},"featured_media":40243,"template":"","meta":[],"product_brand":[],"product_cat":[899,370,898],"product_tag":[],"class_list":{"0":"post-12859","1":"product","2":"type-product","3":"status-publish","4":"has-post-thumbnail","6":"product_cat-columnas-ducha","7":"product_cat-griferia-y-accesorios","8":"product_cat-hidromasaje","10":"first","11":"instock","12":"taxable","13":"shipping-taxable","14":"purchasable","15":"product-type-simple"},"_links":{"self":[{"href":"https:\/\/mamparasyduchas.com\/en\/wp-json\/wp\/v2\/product\/12859","targetHints":{"allow":["GET"]}}],"collection":[{"href":"https:\/\/mamparasyduchas.com\/en\/wp-json\/wp\/v2\/product"}],"about":[{"href":"https:\/\/mamparasyduchas.com\/en\/wp-json\/wp\/v2\/types\/product"}],"wp:featuredmedia":[{"embeddable":true,"href":"https:\/\/mamparasyduchas.com\/en\/wp-json\/wp\/v2\/media\/40243"}],"wp:attachment":[{"href":"https:\/\/mamparasyduchas.com\/en\/wp-json\/wp\/v2\/media?parent=12859"}],"wp:term":[{"taxonomy":"product_brand","embeddable":true,"href":"https:\/\/mamparasyduchas.com\/en\/wp-json\/wp\/v2\/product_brand?post=12859"},{"taxonomy":"product_cat","embeddable":true,"href":"https:\/\/mamparasyduchas.com\/en\/wp-json\/wp\/v2\/product_cat?post=12859"},{"taxonomy":"product_tag","embeddable":true,"href":"https:\/\/mamparasyduchas.com\/en\/wp-json\/wp\/v2\/product_tag?post=12859"}],"curies":[{"name":"wp","href":"https:\/\/api.w.org\/{rel}","templated":true}]}}