{"id":12870,"date":"2024-02-02T12:13:27","date_gmt":"2024-02-02T12:13:27","guid":{"rendered":"https:\/\/www.mamparasyduchas.com\/?post_type=product&#038;p=12870"},"modified":"2024-11-19T19:55:04","modified_gmt":"2024-11-19T18:55:04","slug":"rinconera-angular-acero-inoxidable-arcoban","status":"publish","type":"product","link":"https:\/\/mamparasyduchas.com\/en\/griferia-y-accesorios\/cesta-portagel\/acero-inox\/rinconera-angular-acero-inoxidable-arcoban\/","title":{"rendered":"Rinconera Angular Acero Inoxidable (Arcoba\u00f1)"},"content":{"rendered":"<p>Busca productos de confianza con una excelente relaci\u00f3n calidad precio, nos complace presentarte las cestas portageles\u00a0 en acero inoxidable.<\/p>\n<p>No tendr\u00e1s ning\u00fan problema con la instalaci\u00f3n, no obstante, sabes que puedes contactar con nuestro servicio de instalaci\u00f3n, cons\u00faltanos.<\/p>","protected":false},"excerpt":{"rendered":"<p><strong>CARACTER\u00cdSTICAS PRINCIPALES:<\/strong><\/p>\n<ul>\n<li>Cesta portagel.<\/li>\n<li>Fabricada en Acero Inoxidable.<\/li>\n<li>Medidas: Alto: 12 cm Ancho: 12,5 cm Largo: 25 cm x 25 cm.<\/li>\n<\/ul>\n<p><strong><span class=\"ng-scope\">Plazo de entrega de 3 a 5 d\u00edas laborables<\/span><\/strong><\/p>","protected":false},"featured_media":41527,"template":"","meta":[],"product_brand":[],"product_cat":[910,908,370],"product_tag":[],"class_list":{"0":"post-12870","1":"product","2":"type-product","3":"status-publish","4":"has-post-thumbnail","6":"product_cat-acero-inox","7":"product_cat-cesta-portagel","8":"product_cat-griferia-y-accesorios","10":"first","11":"instock","12":"taxable","13":"shipping-taxable","14":"purchasable","15":"product-type-simple"},"_links":{"self":[{"href":"https:\/\/mamparasyduchas.com\/en\/wp-json\/wp\/v2\/product\/12870","targetHints":{"allow":["GET"]}}],"collection":[{"href":"https:\/\/mamparasyduchas.com\/en\/wp-json\/wp\/v2\/product"}],"about":[{"href":"https:\/\/mamparasyduchas.com\/en\/wp-json\/wp\/v2\/types\/product"}],"wp:featuredmedia":[{"embeddable":true,"href":"https:\/\/mamparasyduchas.com\/en\/wp-json\/wp\/v2\/media\/41527"}],"wp:attachment":[{"href":"https:\/\/mamparasyduchas.com\/en\/wp-json\/wp\/v2\/media?parent=12870"}],"wp:term":[{"taxonomy":"product_brand","embeddable":true,"href":"https:\/\/mamparasyduchas.com\/en\/wp-json\/wp\/v2\/product_brand?post=12870"},{"taxonomy":"product_cat","embeddable":true,"href":"https:\/\/mamparasyduchas.com\/en\/wp-json\/wp\/v2\/product_cat?post=12870"},{"taxonomy":"product_tag","embeddable":true,"href":"https:\/\/mamparasyduchas.com\/en\/wp-json\/wp\/v2\/product_tag?post=12870"}],"curies":[{"name":"wp","href":"https:\/\/api.w.org\/{rel}","templated":true}]}}