{"id":12936,"date":"2024-02-02T12:13:46","date_gmt":"2024-02-02T12:13:46","guid":{"rendered":"https:\/\/www.mamparasyduchas.com\/?post_type=product&#038;p=12936"},"modified":"2024-08-26T20:05:17","modified_gmt":"2024-08-26T18:05:17","slug":"grifo-termostatico-ducha-line-cromo-imex","status":"publish","type":"product","link":"https:\/\/mamparasyduchas.com\/en\/griferia-y-accesorios\/grifo-termostatico\/ducha-grifo-termostatico\/grifo-termostatico-ducha-line-cromo-imex\/","title":{"rendered":"Grifo Termost\u00e1tico Ducha Line Cromo (Imex)"},"content":{"rendered":"<p>Busca productos de confianza con una excelente relaci\u00f3n calidad precio, el grifo ducha termost\u00e1tico <strong>LINE<\/strong> es un producto elegante y sobrio con una tecnolog\u00eda insuperable.<\/p>\n<p>No tendr\u00e1s ning\u00fan problema con la instalaci\u00f3n, no obstante, sabes que puedes contactar con nuestro servicio de instalaci\u00f3n, cons\u00faltanos.<\/p>","protected":false},"excerpt":{"rendered":"<p>Modelo polivalente y adaptable a cualquier ba\u00f1o. Robustez y sobriedad son sus principales cualidades.<\/p>\n<ul>\n<li>Grifer\u00eda termost\u00e1tica ducha de lat\u00f3n cromado.<\/li>\n<li>Cartucho termost\u00e1tico TURN CLEAN SYSTEM<\/li>\n<li>Mango de ducha redondo de 1 posici\u00f3n.<\/li>\n<li>Soporte para mango de ducha ABS.<\/li>\n<li>Flexo reforzado extensible 1.7\/1.90 m.<\/li>\n<li>Fabricado en Espa\u00f1a.<\/li>\n<\/ul>\n<p><strong><span class=\"ng-scope\">Plazo de entrega de 5 a 7 d\u00edas laborables.<\/span><\/strong><\/p>","protected":false},"featured_media":40445,"template":"","meta":[],"product_brand":[],"product_cat":[918,370,904],"product_tag":[],"class_list":{"0":"post-12936","1":"product","2":"type-product","3":"status-publish","4":"has-post-thumbnail","6":"product_cat-ducha-grifo-termostatico","7":"product_cat-griferia-y-accesorios","8":"product_cat-grifo-termostatico","10":"first","11":"instock","12":"sale","13":"taxable","14":"shipping-taxable","15":"purchasable","16":"product-type-simple"},"_links":{"self":[{"href":"https:\/\/mamparasyduchas.com\/en\/wp-json\/wp\/v2\/product\/12936","targetHints":{"allow":["GET"]}}],"collection":[{"href":"https:\/\/mamparasyduchas.com\/en\/wp-json\/wp\/v2\/product"}],"about":[{"href":"https:\/\/mamparasyduchas.com\/en\/wp-json\/wp\/v2\/types\/product"}],"wp:featuredmedia":[{"embeddable":true,"href":"https:\/\/mamparasyduchas.com\/en\/wp-json\/wp\/v2\/media\/40445"}],"wp:attachment":[{"href":"https:\/\/mamparasyduchas.com\/en\/wp-json\/wp\/v2\/media?parent=12936"}],"wp:term":[{"taxonomy":"product_brand","embeddable":true,"href":"https:\/\/mamparasyduchas.com\/en\/wp-json\/wp\/v2\/product_brand?post=12936"},{"taxonomy":"product_cat","embeddable":true,"href":"https:\/\/mamparasyduchas.com\/en\/wp-json\/wp\/v2\/product_cat?post=12936"},{"taxonomy":"product_tag","embeddable":true,"href":"https:\/\/mamparasyduchas.com\/en\/wp-json\/wp\/v2\/product_tag?post=12936"}],"curies":[{"name":"wp","href":"https:\/\/api.w.org\/{rel}","templated":true}]}}