{"id":12939,"date":"2024-02-02T12:13:47","date_gmt":"2024-02-02T12:13:47","guid":{"rendered":"https:\/\/www.mamparasyduchas.com\/?post_type=product&#038;p=12939"},"modified":"2024-08-18T09:58:24","modified_gmt":"2024-08-18T07:58:24","slug":"columna-termostatica-banera-line-cromo-imex","status":"publish","type":"product","link":"https:\/\/mamparasyduchas.com\/en\/griferia-y-accesorios\/columnas-banera\/termostatico-columnas-banera\/columna-termostatica-banera-line-cromo-imex\/","title":{"rendered":"Columna Termostatica Ba\u00f1era Line Cromo (Imex)"},"content":{"rendered":"<p>Busca productos de confianza con una excelente relaci\u00f3n calidad precio, la columna termostatica ba\u00f1era <strong>LINE<\/strong> es un producto elegante y sobrio con una tecnolog\u00eda insuperable.<\/p>\n<p>No tendr\u00e1s ning\u00fan problema con la instalaci\u00f3n, no obstante, sabes que puedes contactar con nuestro servicio de instalaci\u00f3n, cons\u00faltanos.<\/p>","protected":false},"excerpt":{"rendered":"<p>Modelo polivalente y adaptable a cualquier ba\u00f1o. Robustez y sobriedad son sus principales cualidades.<\/p>\n<ul>\n<li>Grifer\u00eda termost\u00e1tica de lat\u00f3n cromado.<\/li>\n<li>Cartucho termost\u00e1tico TURN CLEAN SYSTEM.<\/li>\n<li>Barra de ba\u00f1era acero inox. S.304 extensible 115\/165 cm.<\/li>\n<li>Rociador de acero inox. S.304 \u00d820cm, extraplano, cromado y antical.<\/li>\n<li>Soporte mango de ducha regulable en altura.<\/li>\n<li>Bot\u00f3n start\/stop. SISTEMA PATENTADO.<\/li>\n<li>Fabricado en Espa\u00f1a.<\/li>\n<\/ul>\n<p><strong><span class=\"ng-scope\">Plazo de entrega de 5 a 7 d\u00edas laborables.<\/span><\/strong><\/p>","protected":false},"featured_media":40255,"template":"","meta":[],"product_brand":[],"product_cat":[900,370,927],"product_tag":[],"class_list":{"0":"post-12939","1":"product","2":"type-product","3":"status-publish","4":"has-post-thumbnail","6":"product_cat-columnas-banera","7":"product_cat-griferia-y-accesorios","8":"product_cat-termostatico-columnas-banera","10":"first","11":"instock","12":"sale","13":"taxable","14":"shipping-taxable","15":"purchasable","16":"product-type-simple"},"_links":{"self":[{"href":"https:\/\/mamparasyduchas.com\/en\/wp-json\/wp\/v2\/product\/12939","targetHints":{"allow":["GET"]}}],"collection":[{"href":"https:\/\/mamparasyduchas.com\/en\/wp-json\/wp\/v2\/product"}],"about":[{"href":"https:\/\/mamparasyduchas.com\/en\/wp-json\/wp\/v2\/types\/product"}],"wp:featuredmedia":[{"embeddable":true,"href":"https:\/\/mamparasyduchas.com\/en\/wp-json\/wp\/v2\/media\/40255"}],"wp:attachment":[{"href":"https:\/\/mamparasyduchas.com\/en\/wp-json\/wp\/v2\/media?parent=12939"}],"wp:term":[{"taxonomy":"product_brand","embeddable":true,"href":"https:\/\/mamparasyduchas.com\/en\/wp-json\/wp\/v2\/product_brand?post=12939"},{"taxonomy":"product_cat","embeddable":true,"href":"https:\/\/mamparasyduchas.com\/en\/wp-json\/wp\/v2\/product_cat?post=12939"},{"taxonomy":"product_tag","embeddable":true,"href":"https:\/\/mamparasyduchas.com\/en\/wp-json\/wp\/v2\/product_tag?post=12939"}],"curies":[{"name":"wp","href":"https:\/\/api.w.org\/{rel}","templated":true}]}}