{"id":12949,"date":"2024-02-02T12:13:48","date_gmt":"2024-02-02T12:13:48","guid":{"rendered":"https:\/\/www.mamparasyduchas.com\/?post_type=product&#038;p=12949"},"modified":"2024-04-15T21:05:10","modified_gmt":"2024-04-15T19:05:10","slug":"mampara-fresh-sin-tensor-kassandra","status":"publish","type":"product","link":"https:\/\/mamparasyduchas.com\/en\/mamparas-de-ducha\/mamparas-walk-in-fijos\/1-fijo\/mampara-fresh-sin-tensor-kassandra\/","title":{"rendered":"Panel Fijo Fresh sin Tensor (Kassandra)"},"content":{"rendered":"<p><strong>Panel ducha serie Fresh sin tensor<\/strong>.<\/p>\n<p>Est\u00e1 compuesta por un 1 panel fijo, vidrio templado de seguridad de 8 mm.<\/p>\n<p>Est\u00e1 fabricada en Aluminio Plata Brillo y Negro Mate.<\/p>\n<p>Limpiar con una soluci\u00f3n de agua tibia y un poco de jab\u00f3n neutro. Aclarar con agua utilizando y utilizar un pa\u00f1o suave, nunca utilizar productos abrasivos.<\/p>","protected":false},"excerpt":{"rendered":"<p><strong>CARACTER\u00cdSTICAS PRINCIPALES:<\/strong><\/p>\n<ul>\n<li>Panel Fijo de Ducha.<\/li>\n<li>Perfiler\u00eda aluminio Plata Brillo y Negro Mate.<\/li>\n<li>Cristal templado de seguridad de 8 mm.<\/li>\n<li>Sin perfileria inferior.<\/li>\n<li>Altura 195 cm.<\/li>\n<\/ul>\n<p><span class=\"ng-scope\"><b>Plazo de entrega 48 &#8211; 72 horas.<\/b><\/span><br class=\"ng-scope\" \/><span class=\"ng-scope\"><strong>IVA y transporte a pie de calle en pen\u00ednsula incluidos.<\/strong><\/span><\/p>","protected":false},"featured_media":35891,"template":"","meta":[],"product_brand":[],"product_cat":[293,165,292],"product_tag":[],"class_list":{"0":"post-12949","1":"product","2":"type-product","3":"status-publish","4":"has-post-thumbnail","6":"product_cat-1-fijo","7":"product_cat-mamparas-de-ducha","8":"product_cat-mamparas-walk-in-fijos","10":"first","11":"instock","12":"featured","13":"taxable","14":"shipping-taxable","15":"purchasable","16":"product-type-variable"},"_links":{"self":[{"href":"https:\/\/mamparasyduchas.com\/en\/wp-json\/wp\/v2\/product\/12949","targetHints":{"allow":["GET"]}}],"collection":[{"href":"https:\/\/mamparasyduchas.com\/en\/wp-json\/wp\/v2\/product"}],"about":[{"href":"https:\/\/mamparasyduchas.com\/en\/wp-json\/wp\/v2\/types\/product"}],"wp:featuredmedia":[{"embeddable":true,"href":"https:\/\/mamparasyduchas.com\/en\/wp-json\/wp\/v2\/media\/35891"}],"wp:attachment":[{"href":"https:\/\/mamparasyduchas.com\/en\/wp-json\/wp\/v2\/media?parent=12949"}],"wp:term":[{"taxonomy":"product_brand","embeddable":true,"href":"https:\/\/mamparasyduchas.com\/en\/wp-json\/wp\/v2\/product_brand?post=12949"},{"taxonomy":"product_cat","embeddable":true,"href":"https:\/\/mamparasyduchas.com\/en\/wp-json\/wp\/v2\/product_cat?post=12949"},{"taxonomy":"product_tag","embeddable":true,"href":"https:\/\/mamparasyduchas.com\/en\/wp-json\/wp\/v2\/product_tag?post=12949"}],"curies":[{"name":"wp","href":"https:\/\/api.w.org\/{rel}","templated":true}]}}