{"id":13063,"date":"2024-02-02T12:14:13","date_gmt":"2024-02-02T12:14:13","guid":{"rendered":"https:\/\/www.mamparasyduchas.com\/?post_type=product&#038;p=13063"},"modified":"2024-09-08T19:57:04","modified_gmt":"2024-09-08T17:57:04","slug":"monomando-lavabo-ural-negro-imex","status":"publish","type":"product","link":"https:\/\/mamparasyduchas.com\/en\/griferia-y-accesorios\/monomando-lavabo\/monomando-lavabo-ural-negro-imex\/","title":{"rendered":"Monomando Lavabo Ural Negro (Imex)"},"content":{"rendered":"<p>Busca productos de confianza con una excelente relaci\u00f3n calidad precio, el monomando lavabo <strong>URAL<\/strong> es un producto elegante y sobrio con una tecnolog\u00eda insuperable.<\/p>\n<p>No tendr\u00e1s ning\u00fan problema con la instalaci\u00f3n, no obstante, sabes que puedes contactar con nuestro servicio de instalaci\u00f3n, cons\u00faltanos.<\/p>","protected":false},"excerpt":{"rendered":"<p>Modelo polivalente y adaptable a cualquier ba\u00f1o. Robustez y sobriedad son sus principales cualidades.<\/p>\n<ul>\n<li>Monomando de lavabo.<\/li>\n<li>Cuerpo de grifer\u00eda en lat\u00f3n.<\/li>\n<li>Acabado Negro Mate.<\/li>\n<li>Cartucho cer\u00e1mico \u00d825 mm.<\/li>\n<li>Fabricado en Espa\u00f1a.<\/li>\n<\/ul>\n<p><strong><span class=\"ng-scope\">Plazo de entrega de 5 a 7 d\u00edas laborables.<\/span><\/strong><\/p>","protected":false},"featured_media":40685,"template":"","meta":[],"product_brand":[],"product_cat":[370,373],"product_tag":[],"class_list":{"0":"post-13063","1":"product","2":"type-product","3":"status-publish","4":"has-post-thumbnail","6":"product_cat-griferia-y-accesorios","7":"product_cat-monomando-lavabo","9":"first","10":"instock","11":"sale","12":"taxable","13":"shipping-taxable","14":"purchasable","15":"product-type-simple"},"_links":{"self":[{"href":"https:\/\/mamparasyduchas.com\/en\/wp-json\/wp\/v2\/product\/13063","targetHints":{"allow":["GET"]}}],"collection":[{"href":"https:\/\/mamparasyduchas.com\/en\/wp-json\/wp\/v2\/product"}],"about":[{"href":"https:\/\/mamparasyduchas.com\/en\/wp-json\/wp\/v2\/types\/product"}],"wp:featuredmedia":[{"embeddable":true,"href":"https:\/\/mamparasyduchas.com\/en\/wp-json\/wp\/v2\/media\/40685"}],"wp:attachment":[{"href":"https:\/\/mamparasyduchas.com\/en\/wp-json\/wp\/v2\/media?parent=13063"}],"wp:term":[{"taxonomy":"product_brand","embeddable":true,"href":"https:\/\/mamparasyduchas.com\/en\/wp-json\/wp\/v2\/product_brand?post=13063"},{"taxonomy":"product_cat","embeddable":true,"href":"https:\/\/mamparasyduchas.com\/en\/wp-json\/wp\/v2\/product_cat?post=13063"},{"taxonomy":"product_tag","embeddable":true,"href":"https:\/\/mamparasyduchas.com\/en\/wp-json\/wp\/v2\/product_tag?post=13063"}],"curies":[{"name":"wp","href":"https:\/\/api.w.org\/{rel}","templated":true}]}}