{"id":13313,"date":"2024-02-02T12:15:08","date_gmt":"2024-02-02T12:15:08","guid":{"rendered":"https:\/\/www.mamparasyduchas.com\/?post_type=product&#038;p=13313"},"modified":"2025-08-06T16:27:15","modified_gmt":"2025-08-06T14:27:15","slug":"mampara-bogota-doccia","status":"publish","type":"product","link":"https:\/\/mamparasyduchas.com\/en\/mamparas-de-ducha\/mamparas-frontales\/2-cristales-fijos-2-hojas-correderas\/mampara-bogota-doccia\/","title":{"rendered":"Mampara Bogot\u00e1 (Doccia)"},"content":{"rendered":"<p><b>Mampara\u00a0 serie Bogot\u00e1.<\/b><\/p>\n<p>Mampara frontal compuesta por 2 hojas correderas centrales + 2 cristales fijos laterales, cristal templado de seguridad de 6 mm.<\/p>\n<p>Est\u00e1 fabricada en Plata, Cromo, Blanco, Negro y Oro.<\/p>\n<p>Limpiar con una soluci\u00f3n de agua tibia y un poco de jab\u00f3n neutro. Aclarar con agua utilizando y utilizar un pa\u00f1o suave, nunca utilizar productos abrasivos.<\/p>","protected":false},"excerpt":{"rendered":"<p><span style=\"font-size: 14px;\"><strong>CARACTER\u00cdSTICAS PRINCIPALES:<\/strong><\/span><\/p>\n<ul>\n<li><span style=\"font-size: 14px;\">Mampara frontal, 2 hoja correderas centrales + 2 hojas fijas laterales.<\/span><\/li>\n<li><span style=\"font-size: 14px;\">Perfiler\u00eda Plata, Cromo, Blanco, Negro y Oro.<\/span><\/li>\n<li><span style=\"font-size: 14px;\">Cristal de seguridad de 6 mm, antical en ambas caras incluido.<\/span><\/li>\n<li><span style=\"font-size: 14px;\">Altura 195 cm<\/span><\/li>\n<\/ul>\n<p><strong><span class=\"ng-scope\">Plazo de entrega de 3\u00a0a 5 d\u00edas laborables.<\/span><\/strong><br class=\"ng-scope\" \/><span class=\"ng-scope\"><strong>IVA y transporte a pie de calle en pen\u00ednsula incluidos.<\/strong><\/span><\/p>","protected":false},"featured_media":13343,"template":"","meta":[],"product_brand":[],"product_cat":[168,165,166],"product_tag":[],"class_list":{"0":"post-13313","1":"product","2":"type-product","3":"status-publish","4":"has-post-thumbnail","6":"product_cat-2-cristales-fijos-2-hojas-correderas","7":"product_cat-mamparas-de-ducha","8":"product_cat-mamparas-frontales","10":"first","11":"instock","12":"featured","13":"taxable","14":"shipping-taxable","15":"purchasable","16":"product-type-variable"},"_links":{"self":[{"href":"https:\/\/mamparasyduchas.com\/en\/wp-json\/wp\/v2\/product\/13313","targetHints":{"allow":["GET"]}}],"collection":[{"href":"https:\/\/mamparasyduchas.com\/en\/wp-json\/wp\/v2\/product"}],"about":[{"href":"https:\/\/mamparasyduchas.com\/en\/wp-json\/wp\/v2\/types\/product"}],"wp:featuredmedia":[{"embeddable":true,"href":"https:\/\/mamparasyduchas.com\/en\/wp-json\/wp\/v2\/media\/13343"}],"wp:attachment":[{"href":"https:\/\/mamparasyduchas.com\/en\/wp-json\/wp\/v2\/media?parent=13313"}],"wp:term":[{"taxonomy":"product_brand","embeddable":true,"href":"https:\/\/mamparasyduchas.com\/en\/wp-json\/wp\/v2\/product_brand?post=13313"},{"taxonomy":"product_cat","embeddable":true,"href":"https:\/\/mamparasyduchas.com\/en\/wp-json\/wp\/v2\/product_cat?post=13313"},{"taxonomy":"product_tag","embeddable":true,"href":"https:\/\/mamparasyduchas.com\/en\/wp-json\/wp\/v2\/product_tag?post=13313"}],"curies":[{"name":"wp","href":"https:\/\/api.w.org\/{rel}","templated":true}]}}