{"id":14168,"date":"2024-02-02T12:17:57","date_gmt":"2024-02-02T12:17:57","guid":{"rendered":"https:\/\/www.mamparasyduchas.com\/?post_type=product&#038;p=14168"},"modified":"2025-05-29T18:46:04","modified_gmt":"2025-05-29T16:46:04","slug":"mampara-delta-400-blanco-kassandra","status":"publish","type":"product","link":"https:\/\/mamparasyduchas.com\/en\/mamparas-de-ducha\/mamparas-angulares\/2-cristales-fijos-1-hoja-corredera\/mampara-delta-400-blanco-kassandra\/","title":{"rendered":"Mampara Delta 400 Blanco (Kassandra)"},"content":{"rendered":"<p><strong>Mampara\u00a0 serie Delta en aluminio anodizado (Kassandra).<\/strong><\/p>\n<p>Est\u00e1 compuesta por un frontal de 1 cristal fijo y 1 hoja corredera de 6 mm en vidrio templado de seguridad.<\/p>\n<p>Est\u00e1 fabricada en aluminio anodizado.<\/p>\n<p>Liberador de puerta para una c\u00f3moda limpieza.<\/p>\n<p>Limpiar con una soluci\u00f3n de agua tibia y un poco de jab\u00f3n neutro. Aclarar con agua utilizando y utilizar un pa\u00f1o suave, nunca utilizar productos abrasivos.<\/p>","protected":false},"excerpt":{"rendered":"<p><strong>CARACTER\u00cdSTICAS PRINCIPALES:<\/strong><\/p>\n<ul>\n<li>Frente de ducha, 1 hoja fija + 1 hoja corredera + lateral fijo.<\/li>\n<li>Perfiler\u00eda Aluminio Blanco.<\/li>\n<li>Cristal templado de seguridad de 6 mm, EASY-CLEAN incluido.<\/li>\n<li>Sin perfileria inferior.<\/li>\n<li>Liberaci\u00f3n de puertas para una f\u00e1cil limpieza.<\/li>\n<li>Altura 195 cm.<\/li>\n<li>F\u00e1cil Instalaci\u00f3n.<\/li>\n<\/ul>\n<p><strong><span class=\"ng-scope\">Plazo de entrega de 3\u00a0a 5 d\u00edas laborables.<\/span><\/strong><br class=\"ng-scope\" \/><span class=\"ng-scope\"><strong>IVA y transporte a pie de calle en pen\u00ednsula incluidos.<\/strong><\/span><\/p>","protected":false},"featured_media":47642,"template":"","meta":[],"product_brand":[],"product_cat":[272,233,165],"product_tag":[],"class_list":{"0":"post-14168","1":"product","2":"type-product","3":"status-publish","4":"has-post-thumbnail","6":"product_cat-2-cristales-fijos-1-hoja-corredera","7":"product_cat-mamparas-angulares","8":"product_cat-mamparas-de-ducha","10":"first","11":"instock","12":"featured","13":"taxable","14":"shipping-taxable","15":"purchasable","16":"product-type-variable"},"_links":{"self":[{"href":"https:\/\/mamparasyduchas.com\/en\/wp-json\/wp\/v2\/product\/14168","targetHints":{"allow":["GET"]}}],"collection":[{"href":"https:\/\/mamparasyduchas.com\/en\/wp-json\/wp\/v2\/product"}],"about":[{"href":"https:\/\/mamparasyduchas.com\/en\/wp-json\/wp\/v2\/types\/product"}],"wp:featuredmedia":[{"embeddable":true,"href":"https:\/\/mamparasyduchas.com\/en\/wp-json\/wp\/v2\/media\/47642"}],"wp:attachment":[{"href":"https:\/\/mamparasyduchas.com\/en\/wp-json\/wp\/v2\/media?parent=14168"}],"wp:term":[{"taxonomy":"product_brand","embeddable":true,"href":"https:\/\/mamparasyduchas.com\/en\/wp-json\/wp\/v2\/product_brand?post=14168"},{"taxonomy":"product_cat","embeddable":true,"href":"https:\/\/mamparasyduchas.com\/en\/wp-json\/wp\/v2\/product_cat?post=14168"},{"taxonomy":"product_tag","embeddable":true,"href":"https:\/\/mamparasyduchas.com\/en\/wp-json\/wp\/v2\/product_tag?post=14168"}],"curies":[{"name":"wp","href":"https:\/\/api.w.org\/{rel}","templated":true}]}}