{"id":14388,"date":"2024-02-02T12:18:33","date_gmt":"2024-02-02T12:18:33","guid":{"rendered":"https:\/\/www.mamparasyduchas.com\/?post_type=product&#038;p=14388"},"modified":"2025-05-29T18:07:23","modified_gmt":"2025-05-29T16:07:23","slug":"mampara-delta-200-oro-cepillado-kassandra","status":"publish","type":"product","link":"https:\/\/mamparasyduchas.com\/en\/mamparas-de-ducha\/mamparas-frontales\/2-cristales-fijos-2-hojas-correderas\/mampara-delta-200-oro-cepillado-kassandra\/","title":{"rendered":"Mampara Delta 200 Oro Cepillado (Kassandra)"},"content":{"rendered":"<p><strong>Mampara\u00a0 serie Delta en aluminio Oro Cepillado (Kassandra).<\/strong><\/p>\n<p>Est\u00e1 compuesta por un frontal de 2 cristales fijos laterales y 2 hojas correderas centrales de 6 mm en vidrio templado de seguridad.<\/p>\n<p>Est\u00e1 fabricada en aluminio oro cepillado.<\/p>\n<p>Liberador de puerta para una c\u00f3moda limpieza.<\/p>\n<p>Limpiar con una soluci\u00f3n de agua tibia y un poco de jab\u00f3n neutro. Aclarar con agua utilizando y utilizar un pa\u00f1o suave, nunca utilizar productos abrasivos.<\/p>","protected":false},"excerpt":{"rendered":"<p><strong>CARACTER\u00cdSTICAS PRINCIPALES:<\/strong><\/p>\n<ul>\n<li>Frente de ducha, 2 hojas fijas laterales + 2 hojas correderas centrales.<\/li>\n<li>Perfiler\u00eda Aluminio Oro Cepillado.<\/li>\n<li>Cristal templado de seguridad de 6 mm, EASY-CLEAN incluido.<\/li>\n<li>Sin perfileria inferior.<\/li>\n<li>Liberaci\u00f3n de puertas para una f\u00e1cil limpieza.<\/li>\n<li>Altura 195 cm.<\/li>\n<li>F\u00e1cil Instalaci\u00f3n.<\/li>\n<\/ul>\n<p><strong>Indicar medidas exactas.<\/strong><\/p>\n<p><strong><span class=\"ng-scope\">Plazo de entrega de 3\u00a0a 5 d\u00edas laborables.<\/span><\/strong><br class=\"ng-scope\" \/><span class=\"ng-scope\"><strong>IVA y transporte a pie de calle en pen\u00ednsula incluidos.<\/strong><\/span><\/p>","protected":false},"featured_media":47510,"template":"","meta":[],"product_brand":[],"product_cat":[168,165,166],"product_tag":[],"class_list":{"0":"post-14388","1":"product","2":"type-product","3":"status-publish","4":"has-post-thumbnail","6":"product_cat-2-cristales-fijos-2-hojas-correderas","7":"product_cat-mamparas-de-ducha","8":"product_cat-mamparas-frontales","10":"first","11":"instock","12":"featured","13":"taxable","14":"shipping-taxable","15":"purchasable","16":"product-type-variable"},"_links":{"self":[{"href":"https:\/\/mamparasyduchas.com\/en\/wp-json\/wp\/v2\/product\/14388","targetHints":{"allow":["GET"]}}],"collection":[{"href":"https:\/\/mamparasyduchas.com\/en\/wp-json\/wp\/v2\/product"}],"about":[{"href":"https:\/\/mamparasyduchas.com\/en\/wp-json\/wp\/v2\/types\/product"}],"wp:featuredmedia":[{"embeddable":true,"href":"https:\/\/mamparasyduchas.com\/en\/wp-json\/wp\/v2\/media\/47510"}],"wp:attachment":[{"href":"https:\/\/mamparasyduchas.com\/en\/wp-json\/wp\/v2\/media?parent=14388"}],"wp:term":[{"taxonomy":"product_brand","embeddable":true,"href":"https:\/\/mamparasyduchas.com\/en\/wp-json\/wp\/v2\/product_brand?post=14388"},{"taxonomy":"product_cat","embeddable":true,"href":"https:\/\/mamparasyduchas.com\/en\/wp-json\/wp\/v2\/product_cat?post=14388"},{"taxonomy":"product_tag","embeddable":true,"href":"https:\/\/mamparasyduchas.com\/en\/wp-json\/wp\/v2\/product_tag?post=14388"}],"curies":[{"name":"wp","href":"https:\/\/api.w.org\/{rel}","templated":true}]}}