{"id":19354,"date":"2024-02-02T12:46:04","date_gmt":"2024-02-02T12:46:04","guid":{"rendered":"https:\/\/www.mamparasyduchas.com\/?post_type=product&#038;p=19354"},"modified":"2025-05-15T20:57:22","modified_gmt":"2025-05-15T18:57:22","slug":"mampara-angular-prisma-plata-brillo-kassandra","status":"publish","type":"product","link":"https:\/\/mamparasyduchas.com\/en\/mamparas-de-ducha\/1-hoja-plegable-1-cristal-fijo\/mampara-angular-prisma-plata-brillo-kassandra\/","title":{"rendered":"Mampara Angular Prisma Plata Brillo (Kassandra)"},"content":{"rendered":"<p><strong>Mampara\u00a0 serie Prisma en Aluminio Plata Brillo (Kassandra).<\/strong><\/p>\n<p>Est\u00e1 compuesta por 1 frontal plegable + 1 lateral fijo, vidrio templado de seguridad de 6 mm.<\/p>\n<p>Est\u00e1 fabricada en aluminio negro mate.<\/p>\n<p>Especial para espacios reducidos.<\/p>\n<p>Limpiar con una soluci\u00f3n de agua tibia y un poco de jab\u00f3n neutro. Aclarar con agua utilizando y utilizar un pa\u00f1o suave, nunca utilizar productos abrasivos.<\/p>","protected":false},"excerpt":{"rendered":"<p><strong>CARACTER\u00cdSTICAS PRINCIPALES:<\/strong><\/p>\n<ul>\n<li>Angular de ducha plegable, especial para espacios reducidos.<\/li>\n<li>Perfiler\u00eda Aluminio Plata Brillo.<\/li>\n<li>Cristal templado de seguridad de 6 mm.<\/li>\n<li>Sin perfileria inferior.<\/li>\n<li>Altura 195 cm, tratamiento EASY-CLEAN incluido.<\/li>\n<\/ul>\n<p><span class=\"ng-scope\"><b>Plazo de entrega 48-72 horas h\u00e1biles.<\/b><\/span><br class=\"ng-scope\" \/><span class=\"ng-scope\"><strong>IVA y transporte a pie de calle en pen\u00ednsula incluidos.<\/strong><\/span><\/p>","protected":false},"featured_media":36345,"template":"","meta":[],"product_brand":[],"product_cat":[329,165,326],"product_tag":[],"class_list":{"0":"post-19354","1":"product","2":"type-product","3":"status-publish","4":"has-post-thumbnail","6":"product_cat-1-hoja-plegable-1-cristal-fijo","7":"product_cat-mamparas-de-ducha","8":"product_cat-1-plegable","10":"first","11":"instock","12":"featured","13":"taxable","14":"shipping-taxable","15":"purchasable","16":"product-type-variable"},"_links":{"self":[{"href":"https:\/\/mamparasyduchas.com\/en\/wp-json\/wp\/v2\/product\/19354","targetHints":{"allow":["GET"]}}],"collection":[{"href":"https:\/\/mamparasyduchas.com\/en\/wp-json\/wp\/v2\/product"}],"about":[{"href":"https:\/\/mamparasyduchas.com\/en\/wp-json\/wp\/v2\/types\/product"}],"wp:featuredmedia":[{"embeddable":true,"href":"https:\/\/mamparasyduchas.com\/en\/wp-json\/wp\/v2\/media\/36345"}],"wp:attachment":[{"href":"https:\/\/mamparasyduchas.com\/en\/wp-json\/wp\/v2\/media?parent=19354"}],"wp:term":[{"taxonomy":"product_brand","embeddable":true,"href":"https:\/\/mamparasyduchas.com\/en\/wp-json\/wp\/v2\/product_brand?post=19354"},{"taxonomy":"product_cat","embeddable":true,"href":"https:\/\/mamparasyduchas.com\/en\/wp-json\/wp\/v2\/product_cat?post=19354"},{"taxonomy":"product_tag","embeddable":true,"href":"https:\/\/mamparasyduchas.com\/en\/wp-json\/wp\/v2\/product_tag?post=19354"}],"curies":[{"name":"wp","href":"https:\/\/api.w.org\/{rel}","templated":true}]}}