{"id":19367,"date":"2024-02-02T12:46:06","date_gmt":"2024-02-02T12:46:06","guid":{"rendered":"https:\/\/www.mamparasyduchas.com\/?post_type=product&#038;p=19367"},"modified":"2024-07-09T12:53:49","modified_gmt":"2024-07-09T10:53:49","slug":"mampara-frontal-nardi-negro-kassandra","status":"publish","type":"product","link":"https:\/\/mamparasyduchas.com\/en\/mamparas-de-ducha\/1-plegable\/mampara-frontal-nardi-negro-kassandra\/","title":{"rendered":"Mampara Nardi Negro Mate (Kassandra)"},"content":{"rendered":"<p><strong>Mampara\u00a0 serie Nardi en Aluminio Negro Mate (Kassandra).<\/strong><\/p>\n<p>Est\u00e1 compuesta por un frontal plegable, vidrio templado de seguridad de 6 mm.<\/p>\n<p>Est\u00e1 fabricada en aluminio negro mate.<\/p>\n<p>Especial para espacios reducidos.<\/p>\n<p>Limpiar con una soluci\u00f3n de agua tibia y un poco de jab\u00f3n neutro. Aclarar con agua utilizando y utilizar un pa\u00f1o suave, nunca utilizar productos abrasivos.<\/p>","protected":false},"excerpt":{"rendered":"<p><strong>CARACTER\u00cdSTICAS PRINCIPALES:<\/strong><\/p>\n<ul>\n<li>Frente de ducha plegable, especial para espacios reducidos.<\/li>\n<li>Perfiler\u00eda Aluminio Negro Mate.<\/li>\n<li>Cristal templado de seguridad de 6 mm.<\/li>\n<li>Sin perfileria inferior.<\/li>\n<li>Altura 195 cm, tratamiento EASY-CLEAN incluido.<\/li>\n<\/ul>\n<p><span class=\"ng-scope\"><b>Plazo de entrega 48-72 horas h\u00e1biles.<\/b><\/span><br class=\"ng-scope\" \/><span class=\"ng-scope\"><strong>IVA y transporte a pie de calle en pen\u00ednsula incluidos.<\/strong><\/span><\/p>","protected":false},"featured_media":36353,"template":"","meta":[],"product_brand":[],"product_cat":[165,326],"product_tag":[],"class_list":{"0":"post-19367","1":"product","2":"type-product","3":"status-publish","4":"has-post-thumbnail","6":"product_cat-mamparas-de-ducha","7":"product_cat-1-plegable","9":"first","10":"instock","11":"featured","12":"taxable","13":"shipping-taxable","14":"purchasable","15":"product-type-variable"},"_links":{"self":[{"href":"https:\/\/mamparasyduchas.com\/en\/wp-json\/wp\/v2\/product\/19367","targetHints":{"allow":["GET"]}}],"collection":[{"href":"https:\/\/mamparasyduchas.com\/en\/wp-json\/wp\/v2\/product"}],"about":[{"href":"https:\/\/mamparasyduchas.com\/en\/wp-json\/wp\/v2\/types\/product"}],"wp:featuredmedia":[{"embeddable":true,"href":"https:\/\/mamparasyduchas.com\/en\/wp-json\/wp\/v2\/media\/36353"}],"wp:attachment":[{"href":"https:\/\/mamparasyduchas.com\/en\/wp-json\/wp\/v2\/media?parent=19367"}],"wp:term":[{"taxonomy":"product_brand","embeddable":true,"href":"https:\/\/mamparasyduchas.com\/en\/wp-json\/wp\/v2\/product_brand?post=19367"},{"taxonomy":"product_cat","embeddable":true,"href":"https:\/\/mamparasyduchas.com\/en\/wp-json\/wp\/v2\/product_cat?post=19367"},{"taxonomy":"product_tag","embeddable":true,"href":"https:\/\/mamparasyduchas.com\/en\/wp-json\/wp\/v2\/product_tag?post=19367"}],"curies":[{"name":"wp","href":"https:\/\/api.w.org\/{rel}","templated":true}]}}