{"id":21354,"date":"2024-02-02T12:54:14","date_gmt":"2024-02-02T12:54:14","guid":{"rendered":"https:\/\/www.mamparasyduchas.com\/?post_type=product&#038;p=21354"},"modified":"2025-08-06T16:27:48","modified_gmt":"2025-08-06T14:27:48","slug":"mampara-catania-doccia","status":"publish","type":"product","link":"https:\/\/mamparasyduchas.com\/en\/mamparas-de-ducha\/mamparas-frontales\/1-cristal-fijo-1-hoja-corredera\/mampara-catania-doccia\/","title":{"rendered":"Mampara Catania (Doccia)"},"content":{"rendered":"<p><strong>Mampara\u00a0 serie Catania.<\/strong><\/p>\n<p>Mampara frontal compuesta por 1 hoja corredera + 1 cristal fijo de 6 mm en vidrio templado de seguridad.<\/p>\n<p>Est\u00e1 fabricada en Cromo y Negro.<\/p>\n<p>Limpiar con una soluci\u00f3n de agua tibia y un poco de jab\u00f3n neutro. Aclarar con agua utilizando y utilizar un pa\u00f1o suave, nunca utilizar productos abrasivos.<\/p>","protected":false},"excerpt":{"rendered":"<p><span style=\"font-size: 14px;\"><strong>CARACTER\u00cdSTICAS PRINCIPALES:<\/strong><\/span><\/p>\n<ul>\n<li><span style=\"font-size: 14px;\">Mampara frontal, 1 hoja corredera + 1 hoja fija.<\/span><\/li>\n<li><span style=\"font-size: 14px;\">Perfiler\u00eda plata brillo y negro.<\/span><\/li>\n<li><span style=\"font-size: 14px;\">Cristal de seguridad de 6 mm, antical en ambas caras incluido.<\/span><\/li>\n<li><span style=\"font-size: 14px;\">Altura 195 cm<\/span><\/li>\n<\/ul>\n<p><strong><span class=\"ng-scope\">Plazo de entrega de 3\u00a0a 5 d\u00edas laborables.<\/span><\/strong><br class=\"ng-scope\" \/><span class=\"ng-scope\"><strong>IVA y transporte a pie de calle en pen\u00ednsula incluidos.<\/strong><\/span><\/p>\n<p>Ll\u00e1manos si necesitas mas informaci\u00f3n para <a href=\"\/en\/\">comprar mamparas de ducha online<\/a><\/p>\n<p>\u00a1Echa un vistazo a nuestras <a href=\"\/en\/mamparas-de-ducha\/mamparas-plegables\/1-plegable\/\">mamparas plegables<\/a>!<\/p>","protected":false},"featured_media":21382,"template":"","meta":[],"product_brand":[],"product_cat":[167,165,166],"product_tag":[],"class_list":{"0":"post-21354","1":"product","2":"type-product","3":"status-publish","4":"has-post-thumbnail","6":"product_cat-1-cristal-fijo-1-hoja-corredera","7":"product_cat-mamparas-de-ducha","8":"product_cat-mamparas-frontales","10":"first","11":"instock","12":"featured","13":"taxable","14":"shipping-taxable","15":"purchasable","16":"product-type-variable"},"_links":{"self":[{"href":"https:\/\/mamparasyduchas.com\/en\/wp-json\/wp\/v2\/product\/21354","targetHints":{"allow":["GET"]}}],"collection":[{"href":"https:\/\/mamparasyduchas.com\/en\/wp-json\/wp\/v2\/product"}],"about":[{"href":"https:\/\/mamparasyduchas.com\/en\/wp-json\/wp\/v2\/types\/product"}],"wp:featuredmedia":[{"embeddable":true,"href":"https:\/\/mamparasyduchas.com\/en\/wp-json\/wp\/v2\/media\/21382"}],"wp:attachment":[{"href":"https:\/\/mamparasyduchas.com\/en\/wp-json\/wp\/v2\/media?parent=21354"}],"wp:term":[{"taxonomy":"product_brand","embeddable":true,"href":"https:\/\/mamparasyduchas.com\/en\/wp-json\/wp\/v2\/product_brand?post=21354"},{"taxonomy":"product_cat","embeddable":true,"href":"https:\/\/mamparasyduchas.com\/en\/wp-json\/wp\/v2\/product_cat?post=21354"},{"taxonomy":"product_tag","embeddable":true,"href":"https:\/\/mamparasyduchas.com\/en\/wp-json\/wp\/v2\/product_tag?post=21354"}],"curies":[{"name":"wp","href":"https:\/\/api.w.org\/{rel}","templated":true}]}}