{"id":22514,"date":"2024-02-02T14:08:24","date_gmt":"2024-02-02T14:08:24","guid":{"rendered":"https:\/\/www.mamparasyduchas.com\/?post_type=product&#038;p=22514"},"modified":"2025-05-08T18:06:24","modified_gmt":"2025-05-08T16:06:24","slug":"mampara-polaris-negro-kassandra","status":"publish","type":"product","link":"https:\/\/mamparasyduchas.com\/en\/mamparas-de-ducha\/mamparas-walk-in-fijos\/1-cristal-fijo-1-puerta-abatible\/mampara-polaris-negro-kassandra\/","title":{"rendered":"Mampara Polaris Negro (Kassandra)"},"content":{"rendered":"<p><strong>Mampara\u00a0 serie Polaris en aluminio anodizado Negro Mate (Kassandra).<\/strong><\/p>\n<p>Panel Fijo de Ducha, vidrio acanalado transparente templado de seguridad de 6\/8 mm.<\/p>\n<p>Est\u00e1 fabricada en aluminio negro mate.<\/p>\n<p>Limpiar con una soluci\u00f3n de agua tibia y un poco de jab\u00f3n neutro. Aclarar con agua utilizando y utilizar un pa\u00f1o suave, nunca utilizar productos abrasivos.<\/p>","protected":false},"excerpt":{"rendered":"<p><span style=\"font-size: 14px;\"><strong>CARACTER\u00cdSTICAS PRINCIPALES:<\/strong><\/span><\/p>\n<ul>\n<li><span style=\"font-size: 14px;\">Panel frontal ducha, 1 hoja fija de 8 mm + 1 hoja abatible de 6 mm.<\/span><\/li>\n<li><span style=\"font-size: 14px;\">Perfiler\u00eda Negro Mate.<\/span><\/li>\n<li><span style=\"font-size: 14px;\">Cristal de seguridad de 8\/6 mm, tratamiento EASY-CLEAN incluido.<\/span><\/li>\n<li><span style=\"font-size: 14px;\">Altura 195 cm<\/span><\/li>\n<\/ul>\n<p><strong><span class=\"ng-scope\">Plazo de entrega de 3\u00a0a 5 d\u00edas laborables.<\/span><\/strong><br class=\"ng-scope\" \/><span class=\"ng-scope\"><strong>IVA y transporte a pie de calle en pen\u00ednsula incluidos.<\/strong><\/span><\/p>","protected":false},"featured_media":36015,"template":"","meta":[],"product_brand":[],"product_cat":[294,165,292],"product_tag":[],"class_list":{"0":"post-22514","1":"product","2":"type-product","3":"status-publish","4":"has-post-thumbnail","6":"product_cat-1-cristal-fijo-1-puerta-abatible","7":"product_cat-mamparas-de-ducha","8":"product_cat-mamparas-walk-in-fijos","10":"first","11":"instock","12":"featured","13":"taxable","14":"shipping-taxable","15":"purchasable","16":"product-type-variable"},"_links":{"self":[{"href":"https:\/\/mamparasyduchas.com\/en\/wp-json\/wp\/v2\/product\/22514","targetHints":{"allow":["GET"]}}],"collection":[{"href":"https:\/\/mamparasyduchas.com\/en\/wp-json\/wp\/v2\/product"}],"about":[{"href":"https:\/\/mamparasyduchas.com\/en\/wp-json\/wp\/v2\/types\/product"}],"wp:featuredmedia":[{"embeddable":true,"href":"https:\/\/mamparasyduchas.com\/en\/wp-json\/wp\/v2\/media\/36015"}],"wp:attachment":[{"href":"https:\/\/mamparasyduchas.com\/en\/wp-json\/wp\/v2\/media?parent=22514"}],"wp:term":[{"taxonomy":"product_brand","embeddable":true,"href":"https:\/\/mamparasyduchas.com\/en\/wp-json\/wp\/v2\/product_brand?post=22514"},{"taxonomy":"product_cat","embeddable":true,"href":"https:\/\/mamparasyduchas.com\/en\/wp-json\/wp\/v2\/product_cat?post=22514"},{"taxonomy":"product_tag","embeddable":true,"href":"https:\/\/mamparasyduchas.com\/en\/wp-json\/wp\/v2\/product_tag?post=22514"}],"curies":[{"name":"wp","href":"https:\/\/api.w.org\/{rel}","templated":true}]}}