{"id":27225,"date":"2024-02-02T14:27:06","date_gmt":"2024-02-02T14:27:06","guid":{"rendered":"https:\/\/www.mamparasyduchas.com\/?post_type=product&#038;p=27225"},"modified":"2025-08-06T16:27:44","modified_gmt":"2025-08-06T14:27:44","slug":"mampara-cancun-doccia","status":"publish","type":"product","link":"https:\/\/mamparasyduchas.com\/en\/mamparas-de-ducha\/mamparas-angulares\/2-cristales-fijos-2-hojas-correderas-mamparas-angulares\/mampara-cancun-doccia\/","title":{"rendered":"Mampara Canc\u00fan (Doccia)"},"content":{"rendered":"<p><b>Mampara\u00a0 serie Canc\u00fan.<\/b><\/p>\n<p>Mampara angular compuesta por 2 hojas correderas + 2 cristales fijos, apertura en el v\u00e9rtice.<\/p>\n<p>Est\u00e1 fabricada en Plata, Cromo, Blanco, Negro y Oro.<\/p>\n<p>Limpiar con una soluci\u00f3n de agua tibia y un poco de jab\u00f3n neutro. Aclarar con agua utilizando y utilizar un pa\u00f1o suave, nunca utilizar productos abrasivos.<\/p>","protected":false},"excerpt":{"rendered":"<p><span style=\"font-size: 14px;\"><strong>CARACTER\u00cdSTICAS PRINCIPALES:<\/strong><\/span><\/p>\n<ul>\n<li><span style=\"font-size: 14px;\">Mampara angular, 2 hojas correderas + 2 hojas fijas, entrada por el v\u00e9rtice.<\/span><\/li>\n<li><span style=\"font-size: 14px;\">Perfiler\u00eda Plata, Cromo, Blanco, Negro y Oro.<\/span><\/li>\n<li><span style=\"font-size: 14px;\">Cristal de seguridad de 6 mm, antical en ambas caras incluido.<\/span><\/li>\n<li><span style=\"font-size: 14px;\">Altura 195 cm.<\/span><\/li>\n<\/ul>\n<p><strong><span class=\"ng-scope\">Plazo de entrega de 3 a 5 d\u00edas laborables.<\/span><\/strong><br class=\"ng-scope\" \/><span class=\"ng-scope\"><strong>IVA y transporte a pie de calle en pen\u00ednsula incluidos.<\/strong><\/span><\/p>","protected":false},"featured_media":34668,"template":"","meta":[],"product_brand":[],"product_cat":[234,233,165],"product_tag":[],"class_list":{"0":"post-27225","1":"product","2":"type-product","3":"status-publish","4":"has-post-thumbnail","6":"product_cat-2-cristales-fijos-2-hojas-correderas-mamparas-angulares","7":"product_cat-mamparas-angulares","8":"product_cat-mamparas-de-ducha","10":"first","11":"instock","12":"featured","13":"taxable","14":"shipping-taxable","15":"purchasable","16":"product-type-variable"},"_links":{"self":[{"href":"https:\/\/mamparasyduchas.com\/en\/wp-json\/wp\/v2\/product\/27225","targetHints":{"allow":["GET"]}}],"collection":[{"href":"https:\/\/mamparasyduchas.com\/en\/wp-json\/wp\/v2\/product"}],"about":[{"href":"https:\/\/mamparasyduchas.com\/en\/wp-json\/wp\/v2\/types\/product"}],"wp:featuredmedia":[{"embeddable":true,"href":"https:\/\/mamparasyduchas.com\/en\/wp-json\/wp\/v2\/media\/34668"}],"wp:attachment":[{"href":"https:\/\/mamparasyduchas.com\/en\/wp-json\/wp\/v2\/media?parent=27225"}],"wp:term":[{"taxonomy":"product_brand","embeddable":true,"href":"https:\/\/mamparasyduchas.com\/en\/wp-json\/wp\/v2\/product_brand?post=27225"},{"taxonomy":"product_cat","embeddable":true,"href":"https:\/\/mamparasyduchas.com\/en\/wp-json\/wp\/v2\/product_cat?post=27225"},{"taxonomy":"product_tag","embeddable":true,"href":"https:\/\/mamparasyduchas.com\/en\/wp-json\/wp\/v2\/product_tag?post=27225"}],"curies":[{"name":"wp","href":"https:\/\/api.w.org\/{rel}","templated":true}]}}