{"id":27482,"date":"2024-02-02T14:27:57","date_gmt":"2024-02-02T14:27:57","guid":{"rendered":"https:\/\/www.mamparasyduchas.com\/?post_type=product&#038;p=27482"},"modified":"2025-08-06T16:36:01","modified_gmt":"2025-08-06T14:36:01","slug":"mampara-sao-paolo-doccia","status":"publish","type":"product","link":"https:\/\/mamparasyduchas.com\/en\/mamparas-de-ducha\/mamparas-semicirculares\/cristal\/mampara-sao-paolo-doccia\/","title":{"rendered":"Mampara Sao Paolo (Doccia)"},"content":{"rendered":"<p><strong>Mampara\u00a0 serie Sao Paulo.<\/strong><\/p>\n<p>Mampara frontal compuesta por 2 hojas correderas + 2 cristales fijos.<\/p>\n<p>Est\u00e1 fabricada en Blanco y Cromo.<\/p>\n<p>Limpiar con una soluci\u00f3n de agua tibia y un poco de jab\u00f3n neutro. Aclarar con agua utilizando y utilizar un pa\u00f1o suave, nunca utilizar productos abrasivos.<\/p>","protected":false},"excerpt":{"rendered":"<p><strong>CARACTER\u00cdSTICAS PRINCIPALES:<\/strong><\/p>\n<ul>\n<li>Mampara semicircular, 2 hojas fijas + 2 hojas correderas, entrada central.<\/li>\n<li>Perfiler\u00eda Blanco y Cromo.<\/li>\n<li>Cristal de seguridad de 6 mm, antical en ambas caras incluido.<\/li>\n<li>Altura 195 cm.<\/li>\n<\/ul>\n<p><span style=\"color: #0000ff;\"><strong>INDICAR SIEMPRE MEDIDAS EXACTAS SEGUN DIBUJO A, B Y C<\/strong><\/span><\/p>\n<p><strong><span class=\"ng-scope\">Plazo de entrega de 3\u00a0a 5 d\u00edas laborables.<\/span><\/strong><br class=\"ng-scope\" \/><span class=\"ng-scope\"><strong>IVA y transporte a pie de calle en pen\u00ednsula incluidos.<\/strong><\/span><\/p>","protected":false},"featured_media":34664,"template":"","meta":[],"product_brand":[],"product_cat":[889,165,316],"product_tag":[],"class_list":{"0":"post-27482","1":"product","2":"type-product","3":"status-publish","4":"has-post-thumbnail","6":"product_cat-cristal","7":"product_cat-mamparas-de-ducha","8":"product_cat-mamparas-semicirculares","10":"first","11":"instock","12":"featured","13":"taxable","14":"shipping-taxable","15":"purchasable","16":"product-type-variable"},"_links":{"self":[{"href":"https:\/\/mamparasyduchas.com\/en\/wp-json\/wp\/v2\/product\/27482","targetHints":{"allow":["GET"]}}],"collection":[{"href":"https:\/\/mamparasyduchas.com\/en\/wp-json\/wp\/v2\/product"}],"about":[{"href":"https:\/\/mamparasyduchas.com\/en\/wp-json\/wp\/v2\/types\/product"}],"wp:featuredmedia":[{"embeddable":true,"href":"https:\/\/mamparasyduchas.com\/en\/wp-json\/wp\/v2\/media\/34664"}],"wp:attachment":[{"href":"https:\/\/mamparasyduchas.com\/en\/wp-json\/wp\/v2\/media?parent=27482"}],"wp:term":[{"taxonomy":"product_brand","embeddable":true,"href":"https:\/\/mamparasyduchas.com\/en\/wp-json\/wp\/v2\/product_brand?post=27482"},{"taxonomy":"product_cat","embeddable":true,"href":"https:\/\/mamparasyduchas.com\/en\/wp-json\/wp\/v2\/product_cat?post=27482"},{"taxonomy":"product_tag","embeddable":true,"href":"https:\/\/mamparasyduchas.com\/en\/wp-json\/wp\/v2\/product_tag?post=27482"}],"curies":[{"name":"wp","href":"https:\/\/api.w.org\/{rel}","templated":true}]}}