{"id":27506,"date":"2024-02-02T14:28:03","date_gmt":"2024-02-02T14:28:03","guid":{"rendered":"https:\/\/www.mamparasyduchas.com\/?post_type=product&#038;p=27506"},"modified":"2025-08-06T16:35:58","modified_gmt":"2025-08-06T14:35:58","slug":"mampara-rimini-doccia","status":"publish","type":"product","link":"https:\/\/mamparasyduchas.com\/en\/mamparas-de-ducha\/1-plegable\/mampara-rimini-doccia\/","title":{"rendered":"Mampara Rimini (Doccia)"},"content":{"rendered":"<p><b>Mampara\u00a0 serie Rimini.<\/b><\/p>\n<p>Mampara frontal compuesta por 2 cristales plegables.<\/p>\n<p>Est\u00e1 fabricada en Blanco, Cromo y Negro.<\/p>\n<p>Limpiar con una soluci\u00f3n de agua tibia y un poco de jab\u00f3n neutro. Aclarar con agua utilizando y utilizar un pa\u00f1o suave, nunca utilizar productos abrasivos.<\/p>","protected":false},"excerpt":{"rendered":"<p><strong>CARACTER\u00cdSTICAS PRINCIPALES:<\/strong><\/p>\n<ul>\n<li>Frente de ducha, 2 cristales plegables.<\/li>\n<li>Perfiler\u00eda Blanco, Cromo y Negro.<\/li>\n<li>Cristal de seguridad de 6 mm, antical en ambas caras incluido.<\/li>\n<li>Altura 195 cm.<\/li>\n<\/ul>\n<p><strong><span class=\"ng-scope\">Plazo de entrega de 3\u00a0a 5 d\u00edas laborables.<\/span><\/strong><br class=\"ng-scope\" \/><span class=\"ng-scope\"><strong>IVA y transporte a pie de calle en pen\u00ednsula incluidos.<\/strong><\/span><\/p>","protected":false},"featured_media":34656,"template":"","meta":[],"product_brand":[],"product_cat":[165,326],"product_tag":[],"class_list":{"0":"post-27506","1":"product","2":"type-product","3":"status-publish","4":"has-post-thumbnail","6":"product_cat-mamparas-de-ducha","7":"product_cat-1-plegable","9":"first","10":"instock","11":"featured","12":"taxable","13":"shipping-taxable","14":"purchasable","15":"product-type-variable"},"_links":{"self":[{"href":"https:\/\/mamparasyduchas.com\/en\/wp-json\/wp\/v2\/product\/27506","targetHints":{"allow":["GET"]}}],"collection":[{"href":"https:\/\/mamparasyduchas.com\/en\/wp-json\/wp\/v2\/product"}],"about":[{"href":"https:\/\/mamparasyduchas.com\/en\/wp-json\/wp\/v2\/types\/product"}],"wp:featuredmedia":[{"embeddable":true,"href":"https:\/\/mamparasyduchas.com\/en\/wp-json\/wp\/v2\/media\/34656"}],"wp:attachment":[{"href":"https:\/\/mamparasyduchas.com\/en\/wp-json\/wp\/v2\/media?parent=27506"}],"wp:term":[{"taxonomy":"product_brand","embeddable":true,"href":"https:\/\/mamparasyduchas.com\/en\/wp-json\/wp\/v2\/product_brand?post=27506"},{"taxonomy":"product_cat","embeddable":true,"href":"https:\/\/mamparasyduchas.com\/en\/wp-json\/wp\/v2\/product_cat?post=27506"},{"taxonomy":"product_tag","embeddable":true,"href":"https:\/\/mamparasyduchas.com\/en\/wp-json\/wp\/v2\/product_tag?post=27506"}],"curies":[{"name":"wp","href":"https:\/\/api.w.org\/{rel}","templated":true}]}}