{"id":27654,"date":"2024-02-02T14:28:33","date_gmt":"2024-02-02T14:28:33","guid":{"rendered":"https:\/\/www.mamparasyduchas.com\/?post_type=product&#038;p=27654"},"modified":"2025-10-06T12:03:38","modified_gmt":"2025-10-06T10:03:38","slug":"mampara-mindanao-doccia","status":"publish","type":"product","link":"https:\/\/mamparasyduchas.com\/en\/mamparas-de-ducha\/mamparas-walk-in-fijos\/1-fijo\/mampara-mindanao-doccia\/","title":{"rendered":"Mampara Mindanao (Doccia)"},"content":{"rendered":"<p><b>Mampara\u00a0 serie Mindanao.<\/b><\/p>\n<p>Panel fijo de ducha, cristal templado de seguridad de 8mm.<\/p>\n<p>Est\u00e1 fabricada en Cromo, Blanco, Negro y Oro.<\/p>\n<p>Limpiar con una soluci\u00f3n de agua tibia y un poco de jab\u00f3n neutro. Aclarar con agua utilizando y utilizar un pa\u00f1o suave, nunca utilizar productos abrasivos.<\/p>","protected":false},"excerpt":{"rendered":"<p><strong>CARACTER\u00cdSTICAS PRINCIPALES:<\/strong><\/p>\n<ul>\n<li>Panel fijo de ducha.<\/li>\n<li>Perfiler\u00eda Blanco, Cromo, Negro y Oro.<\/li>\n<li>Cristal de seguridad de 8 mm, antical en ambas caras incluido.<\/li>\n<li>Altura 195 cm.<\/li>\n<\/ul>\n<p><strong><span class=\"ng-scope\">Plazo de entrega de 3\u00a0a 5 d\u00edas laborables.<\/span><\/strong><br class=\"ng-scope\" \/><span class=\"ng-scope\"><strong>IVA y transporte a pie de calle en pen\u00ednsula incluidos.<\/strong><\/span><\/p>","protected":false},"featured_media":34651,"template":"","meta":[],"product_brand":[],"product_cat":[293,165,292],"product_tag":[],"class_list":{"0":"post-27654","1":"product","2":"type-product","3":"status-publish","4":"has-post-thumbnail","6":"product_cat-1-fijo","7":"product_cat-mamparas-de-ducha","8":"product_cat-mamparas-walk-in-fijos","10":"first","11":"instock","12":"featured","13":"taxable","14":"shipping-taxable","15":"purchasable","16":"product-type-variable"},"_links":{"self":[{"href":"https:\/\/mamparasyduchas.com\/en\/wp-json\/wp\/v2\/product\/27654","targetHints":{"allow":["GET"]}}],"collection":[{"href":"https:\/\/mamparasyduchas.com\/en\/wp-json\/wp\/v2\/product"}],"about":[{"href":"https:\/\/mamparasyduchas.com\/en\/wp-json\/wp\/v2\/types\/product"}],"wp:featuredmedia":[{"embeddable":true,"href":"https:\/\/mamparasyduchas.com\/en\/wp-json\/wp\/v2\/media\/34651"}],"wp:attachment":[{"href":"https:\/\/mamparasyduchas.com\/en\/wp-json\/wp\/v2\/media?parent=27654"}],"wp:term":[{"taxonomy":"product_brand","embeddable":true,"href":"https:\/\/mamparasyduchas.com\/en\/wp-json\/wp\/v2\/product_brand?post=27654"},{"taxonomy":"product_cat","embeddable":true,"href":"https:\/\/mamparasyduchas.com\/en\/wp-json\/wp\/v2\/product_cat?post=27654"},{"taxonomy":"product_tag","embeddable":true,"href":"https:\/\/mamparasyduchas.com\/en\/wp-json\/wp\/v2\/product_tag?post=27654"}],"curies":[{"name":"wp","href":"https:\/\/api.w.org\/{rel}","templated":true}]}}