{"id":27729,"date":"2024-02-02T14:28:46","date_gmt":"2024-02-02T14:28:46","guid":{"rendered":"https:\/\/www.mamparasyduchas.com\/?post_type=product&#038;p=27729"},"modified":"2025-10-06T11:53:38","modified_gmt":"2025-10-06T09:53:38","slug":"mampara-livorno-doccia","status":"publish","type":"product","link":"https:\/\/mamparasyduchas.com\/en\/mamparas-de-ducha\/mamparas-walk-in-fijos\/1-fijo\/mampara-livorno-doccia\/","title":{"rendered":"Mampara Livorno (Doccia)"},"content":{"rendered":"<p><strong>Panel fijo de la serie Livorno en aluminio (Doccia<\/strong><strong>).<\/strong><\/p>\n<p>Panel Fijo de Ducha, vidrio transparente templado de seguridad de 6 mm.<\/p>\n<p>Est\u00e1 fabricada en aluminio Plata, Negro, Oro, Cobre y Gun Metal.<\/p>\n<p>Limpiar con una soluci\u00f3n de agua tibia y un poco de jab\u00f3n neutro. Aclarar con agua utilizando y utilizar un pa\u00f1o suave, nunca utilizar productos abrasivos.<\/p>","protected":false},"excerpt":{"rendered":"<p><strong>CARACTER\u00cdSTICAS PRINCIPALES:<\/strong><\/p>\n<ul>\n<li>Panel fijo de ducha.<\/li>\n<li>Perfiler\u00eda Plata, Negro, Oro, Cobre y Gun Metal..<\/li>\n<li>Cristal de seguridad de 6 mm transparente, antical en ambas caras incluido.<\/li>\n<li>Altura 195 cm.<\/li>\n<\/ul>\n<p><strong><span class=\"ng-scope\">Plazo de entrega de 3\u00a0a 5 d\u00edas laborables.<\/span><\/strong><br class=\"ng-scope\" \/><span class=\"ng-scope\"><strong>IVA y transporte a pie de calle en pen\u00ednsula incluidos.<\/strong><\/span><\/p>","protected":false},"featured_media":50213,"template":"","meta":[],"product_brand":[],"product_cat":[293,165,292],"product_tag":[],"class_list":{"0":"post-27729","1":"product","2":"type-product","3":"status-publish","4":"has-post-thumbnail","6":"product_cat-1-fijo","7":"product_cat-mamparas-de-ducha","8":"product_cat-mamparas-walk-in-fijos","10":"first","11":"instock","12":"featured","13":"taxable","14":"shipping-taxable","15":"purchasable","16":"product-type-variable"},"_links":{"self":[{"href":"https:\/\/mamparasyduchas.com\/en\/wp-json\/wp\/v2\/product\/27729","targetHints":{"allow":["GET"]}}],"collection":[{"href":"https:\/\/mamparasyduchas.com\/en\/wp-json\/wp\/v2\/product"}],"about":[{"href":"https:\/\/mamparasyduchas.com\/en\/wp-json\/wp\/v2\/types\/product"}],"wp:featuredmedia":[{"embeddable":true,"href":"https:\/\/mamparasyduchas.com\/en\/wp-json\/wp\/v2\/media\/50213"}],"wp:attachment":[{"href":"https:\/\/mamparasyduchas.com\/en\/wp-json\/wp\/v2\/media?parent=27729"}],"wp:term":[{"taxonomy":"product_brand","embeddable":true,"href":"https:\/\/mamparasyduchas.com\/en\/wp-json\/wp\/v2\/product_brand?post=27729"},{"taxonomy":"product_cat","embeddable":true,"href":"https:\/\/mamparasyduchas.com\/en\/wp-json\/wp\/v2\/product_cat?post=27729"},{"taxonomy":"product_tag","embeddable":true,"href":"https:\/\/mamparasyduchas.com\/en\/wp-json\/wp\/v2\/product_tag?post=27729"}],"curies":[{"name":"wp","href":"https:\/\/api.w.org\/{rel}","templated":true}]}}