{"id":35563,"date":"2024-04-04T18:58:47","date_gmt":"2024-04-04T16:58:47","guid":{"rendered":"https:\/\/mamparasyduchas.com\/?post_type=product&#038;p=35563"},"modified":"2024-04-04T19:03:34","modified_gmt":"2024-04-04T17:03:34","slug":"mampara-fresh-arena-oro-l-kassandra","status":"publish","type":"product","link":"https:\/\/mamparasyduchas.com\/en\/mamparas-de-ducha\/mamparas-walk-in-fijos\/1-fijo\/mampara-fresh-arena-oro-l-kassandra\/","title":{"rendered":"Mampara Fresh Arena Oro L (Kassandra)"},"content":{"rendered":"<p><strong>Mampara\u00a0 serie Fresh Arena Oro Cepillado (Kassandra).<\/strong><\/p>\n<p>Panel Fijo de Ducha Cerco Perimetral en Aluminio de 0,4 cm Vidrio Transparente<\/p>\n<p>Est\u00e1 fabricada en aluminio oro cepillado.<\/p>\n<p>Limpiar con una soluci\u00f3n de agua tibia y un poco de jab\u00f3n neutro. Aclarar con agua utilizando y utilizar un pa\u00f1o suave, nunca utilizar productos abrasivos.<\/p>","protected":false},"excerpt":{"rendered":"<p><strong>CARACTER\u00cdSTICAS PRINCIPALES:<\/strong><\/p>\n<ul>\n<li>Panel Fijo de Ducha Cerco Perimetral en Aluminio de 0,4 cm, Barra en L.<\/li>\n<li>Perfiler\u00eda Aluminio Oro Cepillado.<\/li>\n<li>Cristal templado de seguridad de 8 mm, EASY-CLEAN incluido.<\/li>\n<li>Altura 202.3 cm.<\/li>\n<\/ul>\n<p><strong><span class=\"ng-scope\">Plazo de entrega de 3\u00a0a 5 d\u00edas laborables.<\/span><\/strong><br class=\"ng-scope\" \/><span class=\"ng-scope\"><strong>IVA y transporte a pie de calle en pen\u00ednsula incluidos.<\/strong><\/span><\/p>","protected":false},"featured_media":35573,"template":"","meta":[],"product_brand":[],"product_cat":[293,165,292],"product_tag":[],"class_list":{"0":"post-35563","1":"product","2":"type-product","3":"status-publish","4":"has-post-thumbnail","6":"product_cat-1-fijo","7":"product_cat-mamparas-de-ducha","8":"product_cat-mamparas-walk-in-fijos","10":"first","11":"instock","12":"featured","13":"taxable","14":"shipping-taxable","15":"purchasable","16":"product-type-variable"},"_links":{"self":[{"href":"https:\/\/mamparasyduchas.com\/en\/wp-json\/wp\/v2\/product\/35563","targetHints":{"allow":["GET"]}}],"collection":[{"href":"https:\/\/mamparasyduchas.com\/en\/wp-json\/wp\/v2\/product"}],"about":[{"href":"https:\/\/mamparasyduchas.com\/en\/wp-json\/wp\/v2\/types\/product"}],"wp:featuredmedia":[{"embeddable":true,"href":"https:\/\/mamparasyduchas.com\/en\/wp-json\/wp\/v2\/media\/35573"}],"wp:attachment":[{"href":"https:\/\/mamparasyduchas.com\/en\/wp-json\/wp\/v2\/media?parent=35563"}],"wp:term":[{"taxonomy":"product_brand","embeddable":true,"href":"https:\/\/mamparasyduchas.com\/en\/wp-json\/wp\/v2\/product_brand?post=35563"},{"taxonomy":"product_cat","embeddable":true,"href":"https:\/\/mamparasyduchas.com\/en\/wp-json\/wp\/v2\/product_cat?post=35563"},{"taxonomy":"product_tag","embeddable":true,"href":"https:\/\/mamparasyduchas.com\/en\/wp-json\/wp\/v2\/product_tag?post=35563"}],"curies":[{"name":"wp","href":"https:\/\/api.w.org\/{rel}","templated":true}]}}