{"id":35984,"date":"2024-04-23T15:15:09","date_gmt":"2024-04-23T13:15:09","guid":{"rendered":"https:\/\/mamparasyduchas.com\/?post_type=product&#038;p=35984"},"modified":"2024-04-23T15:32:34","modified_gmt":"2024-04-23T13:32:34","slug":"mampara-fresh-negro-vidrio-acanalado-kassandra","status":"publish","type":"product","link":"https:\/\/mamparasyduchas.com\/en\/mamparas-de-ducha\/mamparas-walk-in-fijos\/1-fijo\/mampara-fresh-negro-vidrio-acanalado-kassandra\/","title":{"rendered":"Mampara Fresh Negro Vidrio Acanalado (Kassandra)"},"content":{"rendered":"<p><strong>Mampara\u00a0 serie Fresh en aluminio anodizado Negro Mate (Kassandra).<\/strong><\/p>\n<p>Panel Fijo de Ducha, vidrio acanalado transparente templado de seguridad de 8 mm.<\/p>\n<p>Est\u00e1 fabricada en aluminio negro mate.<\/p>\n<p>Limpiar con una soluci\u00f3n de agua tibia y un poco de jab\u00f3n neutro. Aclarar con agua utilizando y utilizar un pa\u00f1o suave, nunca utilizar productos abrasivos.<\/p>","protected":false},"excerpt":{"rendered":"<p><strong>CARACTER\u00cdSTICAS PRINCIPALES:<\/strong><\/p>\n<ul>\n<li>Panel Fijo de Ducha, Cerco Perimetral.<\/li>\n<li>Perfiler\u00eda Aluminio Negro Mate.<\/li>\n<li>Cristal templado de seguridad acanalado de 8 mm transparente, EASY-CLEAN incluido.<\/li>\n<li>Altura 195 cm.<\/li>\n<\/ul>\n<p><strong><span class=\"ng-scope\">Plazo de entrega de 3\u00a0a 5 d\u00edas laborables.<\/span><\/strong><br class=\"ng-scope\" \/><span class=\"ng-scope\"><strong>IVA y transporte a pie de calle en pen\u00ednsula incluidos.<\/strong><\/span><\/p>","protected":false},"featured_media":35996,"template":"","meta":[],"product_brand":[],"product_cat":[293,165,292],"product_tag":[],"class_list":{"0":"post-35984","1":"product","2":"type-product","3":"status-publish","4":"has-post-thumbnail","6":"product_cat-1-fijo","7":"product_cat-mamparas-de-ducha","8":"product_cat-mamparas-walk-in-fijos","10":"first","11":"instock","12":"featured","13":"taxable","14":"shipping-taxable","15":"purchasable","16":"product-type-variable"},"_links":{"self":[{"href":"https:\/\/mamparasyduchas.com\/en\/wp-json\/wp\/v2\/product\/35984","targetHints":{"allow":["GET"]}}],"collection":[{"href":"https:\/\/mamparasyduchas.com\/en\/wp-json\/wp\/v2\/product"}],"about":[{"href":"https:\/\/mamparasyduchas.com\/en\/wp-json\/wp\/v2\/types\/product"}],"wp:featuredmedia":[{"embeddable":true,"href":"https:\/\/mamparasyduchas.com\/en\/wp-json\/wp\/v2\/media\/35996"}],"wp:attachment":[{"href":"https:\/\/mamparasyduchas.com\/en\/wp-json\/wp\/v2\/media?parent=35984"}],"wp:term":[{"taxonomy":"product_brand","embeddable":true,"href":"https:\/\/mamparasyduchas.com\/en\/wp-json\/wp\/v2\/product_brand?post=35984"},{"taxonomy":"product_cat","embeddable":true,"href":"https:\/\/mamparasyduchas.com\/en\/wp-json\/wp\/v2\/product_cat?post=35984"},{"taxonomy":"product_tag","embeddable":true,"href":"https:\/\/mamparasyduchas.com\/en\/wp-json\/wp\/v2\/product_tag?post=35984"}],"curies":[{"name":"wp","href":"https:\/\/api.w.org\/{rel}","templated":true}]}}