{"id":37057,"date":"2024-07-14T19:31:49","date_gmt":"2024-07-14T17:31:49","guid":{"rendered":"https:\/\/mamparasyduchas.com\/?post_type=product&#038;p=37057"},"modified":"2024-07-14T19:36:08","modified_gmt":"2024-07-14T17:36:08","slug":"mampara-triana-100-plata-kassandra","status":"publish","type":"product","link":"https:\/\/mamparasyduchas.com\/en\/mamparas-de-ducha\/mamparas-frontales\/1-cristal-fijo-1-hoja-corredera\/mampara-triana-100-plata-kassandra\/","title":{"rendered":"Mampara Triana 100 Plata (Kassandra)"},"content":{"rendered":"<p><strong>Mampara\u00a0 serie Triana en aluminio anodizado Plata Brillo (Kassandra).<\/strong><\/p>\n<p>Est\u00e1 compuesta por un frontal de 1 cristal fijo + 1 hoja corredera de 8 mm en vidrio templado de seguridad.<\/p>\n<p>Est\u00e1 fabricada en aluminio plata brillo.<\/p>\n<p>Liberador de puerta para una c\u00f3moda limpieza.<\/p>\n<p>Limpiar con una soluci\u00f3n de agua tibia y un poco de jab\u00f3n neutro. Aclarar con agua utilizando y utilizar un pa\u00f1o suave, nunca utilizar productos abrasivos.<\/p>","protected":false},"excerpt":{"rendered":"<p><strong>CARACTER\u00cdSTICAS PRINCIPALES:<\/strong><\/p>\n<ul>\n<li>Frente de ducha, 1 hoja fija + 1 hoja corredera.<\/li>\n<li>Perfiler\u00eda Aluminio Plata Brillo.<\/li>\n<li>Cristal templado de seguridad de 8 mm, EASY-CLEAN incluido.<\/li>\n<li>Sin perfileria inferior.<\/li>\n<li>Altura 195 cm. F\u00e1cil Instalaci\u00f3n.<\/li>\n<\/ul>\n<p><strong>Indicar medidas exactas.<\/strong><\/p>\n<p><strong><span class=\"ng-scope\">Plazo de entrega de 3\u00a0a 5 d\u00edas laborables.<\/span><\/strong><br class=\"ng-scope\" \/><span class=\"ng-scope\"><strong>IVA y transporte a pie de calle en pen\u00ednsula incluidos.<\/strong><\/span><\/p>","protected":false},"featured_media":37076,"template":"","meta":[],"product_brand":[],"product_cat":[167,165,166],"product_tag":[],"class_list":{"0":"post-37057","1":"product","2":"type-product","3":"status-publish","4":"has-post-thumbnail","6":"product_cat-1-cristal-fijo-1-hoja-corredera","7":"product_cat-mamparas-de-ducha","8":"product_cat-mamparas-frontales","10":"first","11":"instock","12":"featured","13":"taxable","14":"shipping-taxable","15":"purchasable","16":"product-type-variable"},"_links":{"self":[{"href":"https:\/\/mamparasyduchas.com\/en\/wp-json\/wp\/v2\/product\/37057","targetHints":{"allow":["GET"]}}],"collection":[{"href":"https:\/\/mamparasyduchas.com\/en\/wp-json\/wp\/v2\/product"}],"about":[{"href":"https:\/\/mamparasyduchas.com\/en\/wp-json\/wp\/v2\/types\/product"}],"wp:featuredmedia":[{"embeddable":true,"href":"https:\/\/mamparasyduchas.com\/en\/wp-json\/wp\/v2\/media\/37076"}],"wp:attachment":[{"href":"https:\/\/mamparasyduchas.com\/en\/wp-json\/wp\/v2\/media?parent=37057"}],"wp:term":[{"taxonomy":"product_brand","embeddable":true,"href":"https:\/\/mamparasyduchas.com\/en\/wp-json\/wp\/v2\/product_brand?post=37057"},{"taxonomy":"product_cat","embeddable":true,"href":"https:\/\/mamparasyduchas.com\/en\/wp-json\/wp\/v2\/product_cat?post=37057"},{"taxonomy":"product_tag","embeddable":true,"href":"https:\/\/mamparasyduchas.com\/en\/wp-json\/wp\/v2\/product_tag?post=37057"}],"curies":[{"name":"wp","href":"https:\/\/api.w.org\/{rel}","templated":true}]}}