{"id":37627,"date":"2024-07-17T08:56:44","date_gmt":"2024-07-17T06:56:44","guid":{"rendered":"https:\/\/mamparasyduchas.com\/?post_type=product&#038;p=37627"},"modified":"2024-07-17T09:33:15","modified_gmt":"2024-07-17T07:33:15","slug":"mampara-volare-400-plata-kassandra","status":"publish","type":"product","link":"https:\/\/mamparasyduchas.com\/en\/mamparas-de-ducha\/mamparas-frontales\/2-cristales-fijos-1-hoja-corredera-mamparas-frontales\/mampara-volare-400-plata-kassandra\/","title":{"rendered":"Mampara Volare 400 Aluminio (Kassandra)"},"content":{"rendered":"<p><strong>Mampara\u00a0 serie Volare en Aluminio Varios Acabados (Kassandra).<\/strong><\/p>\n<p>Est\u00e1 compuesta por una hoja fija + una hoja corredera + lateral fijo, vidrio templado de seguridad de 8 mm.<\/p>\n<p>Est\u00e1 fabricada en aluminio.<\/p>\n<p>Limpiar con una soluci\u00f3n de agua tibia y un poco de jab\u00f3n neutro. Aclarar con agua utilizando y utilizar un pa\u00f1o suave, nunca utilizar productos abrasivos.<\/p>","protected":false},"excerpt":{"rendered":"<p><strong>CARACTER\u00cdSTICAS PRINCIPALES:<\/strong><\/p>\n<ul>\n<li>Frente de ducha compuesta por una hoja fija + una hoja corredera + lateral fijo.<\/li>\n<li>Perfiler\u00eda Aluminio, varios acabados.<\/li>\n<li>Cristal templado de seguridad de 8 mm.<\/li>\n<li>Sin perfileria inferior.<\/li>\n<li>Altura 200 cm, tratamiento EASY-CLEAN incluido.<\/li>\n<\/ul>\n<p><span class=\"ng-scope\"><b>Plazo de entrega 48-72 horas h\u00e1biles.<\/b><\/span><br class=\"ng-scope\" \/><span class=\"ng-scope\"><strong>IVA y transporte a pie de calle en pen\u00ednsula incluidos.<\/strong><\/span><\/p>","protected":false},"featured_media":37440,"template":"","meta":[],"product_brand":[],"product_cat":[312,272,233,165,166],"product_tag":[],"class_list":{"0":"post-37627","1":"product","2":"type-product","3":"status-publish","4":"has-post-thumbnail","6":"product_cat-2-cristales-fijos-1-hoja-corredera-mamparas-frontales","7":"product_cat-2-cristales-fijos-1-hoja-corredera","8":"product_cat-mamparas-angulares","9":"product_cat-mamparas-de-ducha","10":"product_cat-mamparas-frontales","12":"first","13":"instock","14":"featured","15":"taxable","16":"shipping-taxable","17":"purchasable","18":"product-type-variable"},"_links":{"self":[{"href":"https:\/\/mamparasyduchas.com\/en\/wp-json\/wp\/v2\/product\/37627","targetHints":{"allow":["GET"]}}],"collection":[{"href":"https:\/\/mamparasyduchas.com\/en\/wp-json\/wp\/v2\/product"}],"about":[{"href":"https:\/\/mamparasyduchas.com\/en\/wp-json\/wp\/v2\/types\/product"}],"wp:featuredmedia":[{"embeddable":true,"href":"https:\/\/mamparasyduchas.com\/en\/wp-json\/wp\/v2\/media\/37440"}],"wp:attachment":[{"href":"https:\/\/mamparasyduchas.com\/en\/wp-json\/wp\/v2\/media?parent=37627"}],"wp:term":[{"taxonomy":"product_brand","embeddable":true,"href":"https:\/\/mamparasyduchas.com\/en\/wp-json\/wp\/v2\/product_brand?post=37627"},{"taxonomy":"product_cat","embeddable":true,"href":"https:\/\/mamparasyduchas.com\/en\/wp-json\/wp\/v2\/product_cat?post=37627"},{"taxonomy":"product_tag","embeddable":true,"href":"https:\/\/mamparasyduchas.com\/en\/wp-json\/wp\/v2\/product_tag?post=37627"}],"curies":[{"name":"wp","href":"https:\/\/api.w.org\/{rel}","templated":true}]}}