{"id":38905,"date":"2024-07-17T13:14:00","date_gmt":"2024-07-17T11:14:00","guid":{"rendered":"https:\/\/mamparasyduchas.com\/?post_type=product&#038;p=38905"},"modified":"2024-07-17T19:48:15","modified_gmt":"2024-07-17T17:48:15","slug":"mampara-frontal-s400-aluminio-kassandra","status":"publish","type":"product","link":"https:\/\/mamparasyduchas.com\/en\/mamparas-de-ducha\/mamparas-frontales\/1-cristal-fijo-1-hoja-corredera\/mampara-frontal-s400-aluminio-kassandra\/","title":{"rendered":"Mampara Frontal S400 Plata (Kassandra)"},"content":{"rendered":"<p><strong>Mampara\u00a0 serie S400 en Aluminio Plata Brillo (Kassandra).<\/strong><\/p>\n<p>Est\u00e1 compuesta por una hoja fija + una hoja corredera, vidrio templado de seguridad de 6 mm.<\/p>\n<p>Est\u00e1 fabricada en aluminio plata brillo.<\/p>\n<p>Limpiar con una soluci\u00f3n de agua tibia y un poco de jab\u00f3n neutro. Aclarar con agua utilizando y utilizar un pa\u00f1o suave, nunca utilizar productos abrasivos.<\/p>","protected":false},"excerpt":{"rendered":"<p><strong>CARACTER\u00cdSTICAS PRINCIPALES:<\/strong><\/p>\n<ul>\n<li>Frente de ducha compuesta por una hoja fija + una hoja corredera.<\/li>\n<li>Perfiler\u00eda Aluminio Plata Brillo.<\/li>\n<li>Cristal templado de seguridad de 6 mm.<\/li>\n<li>Sin perfileria inferior.<\/li>\n<li>Altura 195 cm, tratamiento EASY-CLEAN incluido.<\/li>\n<\/ul>\n<p><span class=\"ng-scope\"><b>Plazo de entrega 48-72 horas h\u00e1biles.<\/b><\/span><br class=\"ng-scope\" \/><span class=\"ng-scope\"><strong>IVA y transporte a pie de calle en pen\u00ednsula incluidos.<\/strong><\/span><\/p>","protected":false},"featured_media":38969,"template":"","meta":[],"product_brand":[],"product_cat":[167,165,166],"product_tag":[],"class_list":{"0":"post-38905","1":"product","2":"type-product","3":"status-publish","4":"has-post-thumbnail","6":"product_cat-1-cristal-fijo-1-hoja-corredera","7":"product_cat-mamparas-de-ducha","8":"product_cat-mamparas-frontales","10":"first","11":"instock","12":"featured","13":"taxable","14":"shipping-taxable","15":"purchasable","16":"product-type-variable"},"_links":{"self":[{"href":"https:\/\/mamparasyduchas.com\/en\/wp-json\/wp\/v2\/product\/38905","targetHints":{"allow":["GET"]}}],"collection":[{"href":"https:\/\/mamparasyduchas.com\/en\/wp-json\/wp\/v2\/product"}],"about":[{"href":"https:\/\/mamparasyduchas.com\/en\/wp-json\/wp\/v2\/types\/product"}],"wp:featuredmedia":[{"embeddable":true,"href":"https:\/\/mamparasyduchas.com\/en\/wp-json\/wp\/v2\/media\/38969"}],"wp:attachment":[{"href":"https:\/\/mamparasyduchas.com\/en\/wp-json\/wp\/v2\/media?parent=38905"}],"wp:term":[{"taxonomy":"product_brand","embeddable":true,"href":"https:\/\/mamparasyduchas.com\/en\/wp-json\/wp\/v2\/product_brand?post=38905"},{"taxonomy":"product_cat","embeddable":true,"href":"https:\/\/mamparasyduchas.com\/en\/wp-json\/wp\/v2\/product_cat?post=38905"},{"taxonomy":"product_tag","embeddable":true,"href":"https:\/\/mamparasyduchas.com\/en\/wp-json\/wp\/v2\/product_tag?post=38905"}],"curies":[{"name":"wp","href":"https:\/\/api.w.org\/{rel}","templated":true}]}}