{"id":39225,"date":"2024-07-17T21:13:23","date_gmt":"2024-07-17T19:13:23","guid":{"rendered":"https:\/\/mamparasyduchas.com\/?post_type=product&#038;p=39225"},"modified":"2024-11-07T18:50:47","modified_gmt":"2024-11-07T17:50:47","slug":"mampara-semicircular-s400-plata-brillo-kassandra","status":"publish","type":"product","link":"https:\/\/mamparasyduchas.com\/en\/mamparas-de-ducha\/mamparas-semicirculares\/cristal\/mampara-semicircular-s400-plata-brillo-kassandra\/","title":{"rendered":"Mampara Semicircular S400 Plata Brillo (Kassandra)"},"content":{"rendered":"<p><strong>Mampara semicircular serie S400 en plata brillo (Kassandra).<\/strong><\/p>\n<p>Est\u00e1 compuesta por un frontal de 2 cristales fijos + 2 hojas correderas de 6 mm en vidrio templado de seguridad.<\/p>\n<p>Est\u00e1 fabricada en plata brillo.<\/p>\n<p>Liberador de puerta para una c\u00f3moda limpieza.<\/p>\n<p>Limpiar con una soluci\u00f3n de agua tibia y un poco de jab\u00f3n neutro. Aclarar con agua utilizando y utilizar un pa\u00f1o suave, nunca utilizar productos abrasivos<\/p>","protected":false},"excerpt":{"rendered":"<p><strong>CARACTER\u00cdSTICAS PRINCIPALES:<\/strong><\/p>\n<ul>\n<li>Semicircular de ducha, 2 hojas fijas + 2 hojas correderas, entrada central.<\/li>\n<li>Perfiler\u00eda Plata Brillo.<\/li>\n<li>Cristal templado de seguridad de 6 mm, EASY-CLEAN incluido.<\/li>\n<li>Altura 195 cm.<\/li>\n<\/ul>\n<p><span style=\"color: #0000ff;\"><strong>INDICAR SIEMPRE MEDIDAS EXACTAS SEG\u00daN DIBUJO A, B Y C<\/strong><\/span><\/p>\n<p><strong><span class=\"ng-scope\">Plazo de entrega de 3\u00a0a 5 d\u00edas laborables.<\/span><\/strong><br class=\"ng-scope\" \/><span class=\"ng-scope\"><strong>IVA y transporte a pie de calle en pen\u00ednsula incluidos.<\/strong><\/span><\/p>","protected":false},"featured_media":38970,"template":"","meta":[],"product_brand":[],"product_cat":[889,165,316],"product_tag":[],"class_list":{"0":"post-39225","1":"product","2":"type-product","3":"status-publish","4":"has-post-thumbnail","6":"product_cat-cristal","7":"product_cat-mamparas-de-ducha","8":"product_cat-mamparas-semicirculares","10":"first","11":"instock","12":"featured","13":"taxable","14":"shipping-taxable","15":"purchasable","16":"product-type-variable"},"_links":{"self":[{"href":"https:\/\/mamparasyduchas.com\/en\/wp-json\/wp\/v2\/product\/39225","targetHints":{"allow":["GET"]}}],"collection":[{"href":"https:\/\/mamparasyduchas.com\/en\/wp-json\/wp\/v2\/product"}],"about":[{"href":"https:\/\/mamparasyduchas.com\/en\/wp-json\/wp\/v2\/types\/product"}],"wp:featuredmedia":[{"embeddable":true,"href":"https:\/\/mamparasyduchas.com\/en\/wp-json\/wp\/v2\/media\/38970"}],"wp:attachment":[{"href":"https:\/\/mamparasyduchas.com\/en\/wp-json\/wp\/v2\/media?parent=39225"}],"wp:term":[{"taxonomy":"product_brand","embeddable":true,"href":"https:\/\/mamparasyduchas.com\/en\/wp-json\/wp\/v2\/product_brand?post=39225"},{"taxonomy":"product_cat","embeddable":true,"href":"https:\/\/mamparasyduchas.com\/en\/wp-json\/wp\/v2\/product_cat?post=39225"},{"taxonomy":"product_tag","embeddable":true,"href":"https:\/\/mamparasyduchas.com\/en\/wp-json\/wp\/v2\/product_tag?post=39225"}],"curies":[{"name":"wp","href":"https:\/\/api.w.org\/{rel}","templated":true}]}}