{"id":39992,"date":"2024-07-30T20:19:08","date_gmt":"2024-07-30T18:19:08","guid":{"rendered":"https:\/\/mamparasyduchas.com\/?post_type=product&#038;p=39992"},"modified":"2024-08-26T20:26:57","modified_gmt":"2024-08-26T18:26:57","slug":"termostatico-ducha-monza-cromo-imex","status":"publish","type":"product","link":"https:\/\/mamparasyduchas.com\/en\/griferia-y-accesorios\/grifo-termostatico\/ducha-grifo-termostatico\/termostatico-ducha-monza-cromo-imex\/","title":{"rendered":"Termost\u00e1tico Ducha Monza Cromo (Imex)"},"content":{"rendered":"<p>Busca productos de confianza con una excelente relaci\u00f3n calidad precio, el termostatico ducha<strong> MONZA<\/strong> es un producto elegante y sobrio con una tecnolog\u00eda insuperable.<\/p>\n<p>No tendr\u00e1s ning\u00fan problema con la instalaci\u00f3n, no obstante, sabes que puedes contactar con nuestro servicio de instalaci\u00f3n, cons\u00faltanos.<\/p>","protected":false},"excerpt":{"rendered":"<p>Modelo polivalente y adaptable a cualquier ba\u00f1o. Robustez y sobriedad son sus principales cualidades.<\/p>\n<ul>\n<li>Grifer\u00eda para ducha en lat\u00f3n.<\/li>\n<li>Acabado cromo.<\/li>\n<li>Soporte para mango de ducha de ABS.<\/li>\n<li>Mango ducha redondo 1 posici\u00f3n.<\/li>\n<li>Flexo acero reforzado 1.80.<\/li>\n<li>Cartucho termost\u00e1tico autolimpiable TURN CLEAN SYSTEM.<\/li>\n<li>Fabricado en Espa\u00f1a.<\/li>\n<\/ul>\n<p><strong><span class=\"ng-scope\">Plazo de entrega de 5 a 7 d\u00edas laborables.<\/span><\/strong><\/p>","protected":false},"featured_media":40449,"template":"","meta":[],"product_brand":[],"product_cat":[918,370,904],"product_tag":[],"class_list":{"0":"post-39992","1":"product","2":"type-product","3":"status-publish","4":"has-post-thumbnail","6":"product_cat-ducha-grifo-termostatico","7":"product_cat-griferia-y-accesorios","8":"product_cat-grifo-termostatico","10":"first","11":"instock","12":"sale","13":"featured","14":"taxable","15":"shipping-taxable","16":"purchasable","17":"product-type-simple"},"_links":{"self":[{"href":"https:\/\/mamparasyduchas.com\/en\/wp-json\/wp\/v2\/product\/39992","targetHints":{"allow":["GET"]}}],"collection":[{"href":"https:\/\/mamparasyduchas.com\/en\/wp-json\/wp\/v2\/product"}],"about":[{"href":"https:\/\/mamparasyduchas.com\/en\/wp-json\/wp\/v2\/types\/product"}],"wp:featuredmedia":[{"embeddable":true,"href":"https:\/\/mamparasyduchas.com\/en\/wp-json\/wp\/v2\/media\/40449"}],"wp:attachment":[{"href":"https:\/\/mamparasyduchas.com\/en\/wp-json\/wp\/v2\/media?parent=39992"}],"wp:term":[{"taxonomy":"product_brand","embeddable":true,"href":"https:\/\/mamparasyduchas.com\/en\/wp-json\/wp\/v2\/product_brand?post=39992"},{"taxonomy":"product_cat","embeddable":true,"href":"https:\/\/mamparasyduchas.com\/en\/wp-json\/wp\/v2\/product_cat?post=39992"},{"taxonomy":"product_tag","embeddable":true,"href":"https:\/\/mamparasyduchas.com\/en\/wp-json\/wp\/v2\/product_tag?post=39992"}],"curies":[{"name":"wp","href":"https:\/\/api.w.org\/{rel}","templated":true}]}}