{"id":40066,"date":"2024-08-04T19:36:36","date_gmt":"2024-08-04T17:36:36","guid":{"rendered":"https:\/\/mamparasyduchas.com\/?post_type=product&#038;p=40066"},"modified":"2024-08-18T09:18:51","modified_gmt":"2024-08-18T07:18:51","slug":"monomando-ducha-oculto-techo-monza-black-metal-imex","status":"publish","type":"product","link":"https:\/\/mamparasyduchas.com\/en\/griferia-y-accesorios\/griferia-empotrada\/monomando-griferia-empotrada\/techo\/monomando-ducha-oculto-techo-monza-black-metal-imex\/","title":{"rendered":"Monomando Ducha Oculto Techo Monza Black-Metal (Imex)"},"content":{"rendered":"<p>Busca productos de confianza con una excelente relaci\u00f3n calidad precio, el monomando ducha oculto<strong>\u00a0MONZA<\/strong> es un producto elegante y sobrio con una tecnolog\u00eda insuperable.<\/p>\n<p>No tendr\u00e1s ning\u00fan problema con la instalaci\u00f3n, no obstante, sabes que puedes contactar con nuestro servicio de instalaci\u00f3n, cons\u00faltanos.<\/p>","protected":false},"excerpt":{"rendered":"<p>Modelo polivalente y adaptable a cualquier ba\u00f1o. Robustez y sobriedad son sus principales cualidades.<\/p>\n<ul>\n<li>Rociador de acero inox \u00d825 cm, extraplano y antical.<\/li>\n<li>Tubo salida techo de lat\u00f3n acabado black-gun-metal.<\/li>\n<li>Mango de ducha redondo de 1 posici\u00f3n.<\/li>\n<li>Grifer\u00eda monomando de lat\u00f3n de 2 v\u00edas.<\/li>\n<li>Caudal medio 20 l\/min.<\/li>\n<li>Distribuidor redondo de lat\u00f3n.<\/li>\n<li>Soporte mango de ducha con salida agua pared.<\/li>\n<li>Cuerpo empotrado directo a pared. Con caja de registro.<\/li>\n<li>Fabricado en Espa\u00f1a.<\/li>\n<\/ul>\n<p><strong><span class=\"ng-scope\">Plazo de entrega de 5 a 7 d\u00edas laborables.<\/span><\/strong><\/p>","protected":false},"featured_media":40068,"template":"","meta":[],"product_brand":[],"product_cat":[905,370,919,920],"product_tag":[],"class_list":{"0":"post-40066","1":"product","2":"type-product","3":"status-publish","4":"has-post-thumbnail","6":"product_cat-griferia-empotrada","7":"product_cat-griferia-y-accesorios","8":"product_cat-monomando-griferia-empotrada","9":"product_cat-techo","11":"first","12":"instock","13":"sale","14":"featured","15":"taxable","16":"shipping-taxable","17":"purchasable","18":"product-type-simple"},"_links":{"self":[{"href":"https:\/\/mamparasyduchas.com\/en\/wp-json\/wp\/v2\/product\/40066","targetHints":{"allow":["GET"]}}],"collection":[{"href":"https:\/\/mamparasyduchas.com\/en\/wp-json\/wp\/v2\/product"}],"about":[{"href":"https:\/\/mamparasyduchas.com\/en\/wp-json\/wp\/v2\/types\/product"}],"wp:featuredmedia":[{"embeddable":true,"href":"https:\/\/mamparasyduchas.com\/en\/wp-json\/wp\/v2\/media\/40068"}],"wp:attachment":[{"href":"https:\/\/mamparasyduchas.com\/en\/wp-json\/wp\/v2\/media?parent=40066"}],"wp:term":[{"taxonomy":"product_brand","embeddable":true,"href":"https:\/\/mamparasyduchas.com\/en\/wp-json\/wp\/v2\/product_brand?post=40066"},{"taxonomy":"product_cat","embeddable":true,"href":"https:\/\/mamparasyduchas.com\/en\/wp-json\/wp\/v2\/product_cat?post=40066"},{"taxonomy":"product_tag","embeddable":true,"href":"https:\/\/mamparasyduchas.com\/en\/wp-json\/wp\/v2\/product_tag?post=40066"}],"curies":[{"name":"wp","href":"https:\/\/api.w.org\/{rel}","templated":true}]}}