{"id":40692,"date":"2024-09-09T18:56:25","date_gmt":"2024-09-09T16:56:25","guid":{"rendered":"https:\/\/mamparasyduchas.com\/?post_type=product&#038;p=40692"},"modified":"2024-09-09T18:59:57","modified_gmt":"2024-09-09T16:59:57","slug":"columna-termostatico-ducha-art-cromo-imex","status":"publish","type":"product","link":"https:\/\/mamparasyduchas.com\/en\/griferia-y-accesorios\/columnas-ducha\/termostatico\/columna-termostatico-ducha-art-cromo-imex\/","title":{"rendered":"Columna Termostatico Ducha Art Cromo (Imex)"},"content":{"rendered":"<p>Busca productos de confianza con una excelente relaci\u00f3n calidad precio, la columna termostatico ducha<strong> ART<\/strong>\u00a0es un producto elegante y sobrio con una tecnolog\u00eda insuperable.<\/p>\n<p>No tendr\u00e1s ning\u00fan problema con la instalaci\u00f3n, no obstante, sabes que puedes contactar con nuestro servicio de instalaci\u00f3n, cons\u00faltanos.<\/p>","protected":false},"excerpt":{"rendered":"<p>Modelo polivalente y adaptable a cualquier ba\u00f1o. Robustez y sobriedad son sus principales cualidades.<\/p>\n<ul>\n<li>Grifer\u00eda termost\u00e1tico de lat\u00f3n cromado.<\/li>\n<li>Barra de ducha de acero inox. extensible 93.5\/130 cm.<\/li>\n<li>Rociador de acero inox. 20 x 20 cm, extraplano, cromado y antical.<\/li>\n<li>Soporte mango de ducha regulable en altura.<\/li>\n<li>Mango de ducha cuadrado de 1 posiciones.<\/li>\n<li>Flexo reforzado 1.5 m.<\/li>\n<li>Fabricado en Espa\u00f1a.<\/li>\n<\/ul>\n<p><strong><span class=\"ng-scope\">Plazo de entrega de 5 a 7 d\u00edas laborables.<\/span><\/strong><\/p>","protected":false},"featured_media":40694,"template":"","meta":[],"product_brand":[],"product_cat":[899,370,923],"product_tag":[],"class_list":{"0":"post-40692","1":"product","2":"type-product","3":"status-publish","4":"has-post-thumbnail","6":"product_cat-columnas-ducha","7":"product_cat-griferia-y-accesorios","8":"product_cat-termostatico","10":"first","11":"instock","12":"sale","13":"featured","14":"taxable","15":"shipping-taxable","16":"purchasable","17":"product-type-simple"},"_links":{"self":[{"href":"https:\/\/mamparasyduchas.com\/en\/wp-json\/wp\/v2\/product\/40692","targetHints":{"allow":["GET"]}}],"collection":[{"href":"https:\/\/mamparasyduchas.com\/en\/wp-json\/wp\/v2\/product"}],"about":[{"href":"https:\/\/mamparasyduchas.com\/en\/wp-json\/wp\/v2\/types\/product"}],"wp:featuredmedia":[{"embeddable":true,"href":"https:\/\/mamparasyduchas.com\/en\/wp-json\/wp\/v2\/media\/40694"}],"wp:attachment":[{"href":"https:\/\/mamparasyduchas.com\/en\/wp-json\/wp\/v2\/media?parent=40692"}],"wp:term":[{"taxonomy":"product_brand","embeddable":true,"href":"https:\/\/mamparasyduchas.com\/en\/wp-json\/wp\/v2\/product_brand?post=40692"},{"taxonomy":"product_cat","embeddable":true,"href":"https:\/\/mamparasyduchas.com\/en\/wp-json\/wp\/v2\/product_cat?post=40692"},{"taxonomy":"product_tag","embeddable":true,"href":"https:\/\/mamparasyduchas.com\/en\/wp-json\/wp\/v2\/product_tag?post=40692"}],"curies":[{"name":"wp","href":"https:\/\/api.w.org\/{rel}","templated":true}]}}