{"id":40964,"date":"2024-09-30T19:22:06","date_gmt":"2024-09-30T17:22:06","guid":{"rendered":"https:\/\/mamparasyduchas.com\/?post_type=product&#038;p=40964"},"modified":"2025-03-03T13:21:21","modified_gmt":"2025-03-03T12:21:21","slug":"espejo-bano-suiza-luz-led-ledimex","status":"publish","type":"product","link":"https:\/\/mamparasyduchas.com\/en\/espejos-2\/led\/espejo-bano-suiza-luz-led-ledimex\/","title":{"rendered":"Espejo Ba\u00f1o Suiza Luz Led (Ledimex)"},"content":{"rendered":"<p class=\"ql-align-justify\">Disfruta de las ventajas del espejo Serie <strong>SUIZA<\/strong> Luz Led. <strong>Tres opciones de luz incorporado<\/strong> (c\u00e1lida, neutra y fr\u00eda).\u00a0 Elige entre las\u00a0<strong>medidas 60 x 80, 70 x 80,\u00a0 80 x 80, 90 x 80, 100 x 80, 120 x 80, 140 x 60 y 140 x 80 cm <\/strong>para\u00a0que se adapte mejor a tu cuarto de ba\u00f1o.<\/p>\n<p><strong><span class=\"text-2xl block mb-5 regular\" data-v-817630f0=\"\">Datos t\u00e9cnicos:<\/span><\/strong><\/p>\n<ul class=\"mb-6\" data-v-817630f0=\"\">\n<li class=\"text-base\" data-v-817630f0=\"\"><span class=\"font-bold\" data-v-817630f0=\"\"><strong>Clasificaci\u00f3n energ\u00e9tica<\/strong>:<\/span>\u00a0A<\/li>\n<li class=\"text-base\" data-v-817630f0=\"\"><span class=\"font-bold\" data-v-817630f0=\"\"><strong>N\u00ba de horas util de vida<\/strong>:<\/span>\u00a050.000<\/li>\n<li class=\"text-base\" data-v-817630f0=\"\"><span class=\"font-bold\" data-v-817630f0=\"\"><strong>Forma<\/strong>:<\/span> Redonda<\/li>\n<li class=\"text-base\" data-v-817630f0=\"\"><span class=\"font-bold\" data-v-817630f0=\"\"><strong>Material del marco<\/strong>:<\/span>\u00a0Met\u00e1lico<\/li>\n<li class=\"text-base\" data-v-817630f0=\"\"><span class=\"font-bold\" data-v-817630f0=\"\"><strong>Grosor del vidrio<\/strong>:<\/span>\u00a05 mm<\/li>\n<li class=\"text-base\" data-v-817630f0=\"\"><span class=\"font-bold\" data-v-817630f0=\"\"><strong>Tipo de luz<\/strong>:<\/span> Frontal directa (iluminaci\u00f3n alta)<\/li>\n<li class=\"text-base\" data-v-817630f0=\"\"><span class=\"font-bold\" data-v-817630f0=\"\"><strong>Tonalidad de la luz<\/strong>:<\/span> Triluz (c\u00e1lida, neutra y fr\u00eda)<\/li>\n<li class=\"text-base\" data-v-817630f0=\"\"><span class=\"font-bold\" data-v-817630f0=\"\"><strong>Sensor t\u00e1ctil<\/strong>:<\/span>\u00a0Con sensor t\u00e1ctil on\/off<\/li>\n<li class=\"text-base\" data-v-817630f0=\"\"><span class=\"font-bold\" data-v-817630f0=\"\"><strong>Sensor antivaho<\/strong>:<\/span>\u00a0Con sensor antivaho On\/Off<\/li>\n<li class=\"text-base\" data-v-817630f0=\"\"><span class=\"font-bold\" data-v-817630f0=\"\"><strong>Garant\u00eda<\/strong>:<\/span>\u00a03 a\u00f1os<\/li>\n<\/ul>","protected":false},"excerpt":{"rendered":"<p><strong>DESCRIPCI\u00d3N:<\/strong><\/p>\n<ul>\n<li>Espejo de alta calidad con m\u00e1ximas prestaciones con un marco acabado en aluminio que aporta dise\u00f1o y calidad al cuarto de ba\u00f1o.<\/li>\n<li>Espejo cuadrado de luz frontal con marco de aluminio acabado negro mate.<\/li>\n<li>Luz frontal.<\/li>\n<li>Doble sensor. On\/off y antivaho<\/li>\n<li>Tres tipos de luz ( c\u00e1lida 3.000K, neutra 4.000K y fr\u00eda 6.500K).<\/li>\n<\/ul>\n<p><strong>Plazo de entrega, 5-7 d\u00edas laborables<\/strong><\/p>","protected":false},"featured_media":40974,"template":"","meta":[],"product_brand":[],"product_cat":[970,974],"product_tag":[],"class_list":{"0":"post-40964","1":"product","2":"type-product","3":"status-publish","4":"has-post-thumbnail","6":"product_cat-espejos-2","7":"product_cat-led","9":"first","10":"instock","11":"sale","12":"featured","13":"taxable","14":"shipping-taxable","15":"purchasable","16":"product-type-variable"},"_links":{"self":[{"href":"https:\/\/mamparasyduchas.com\/en\/wp-json\/wp\/v2\/product\/40964","targetHints":{"allow":["GET"]}}],"collection":[{"href":"https:\/\/mamparasyduchas.com\/en\/wp-json\/wp\/v2\/product"}],"about":[{"href":"https:\/\/mamparasyduchas.com\/en\/wp-json\/wp\/v2\/types\/product"}],"wp:featuredmedia":[{"embeddable":true,"href":"https:\/\/mamparasyduchas.com\/en\/wp-json\/wp\/v2\/media\/40974"}],"wp:attachment":[{"href":"https:\/\/mamparasyduchas.com\/en\/wp-json\/wp\/v2\/media?parent=40964"}],"wp:term":[{"taxonomy":"product_brand","embeddable":true,"href":"https:\/\/mamparasyduchas.com\/en\/wp-json\/wp\/v2\/product_brand?post=40964"},{"taxonomy":"product_cat","embeddable":true,"href":"https:\/\/mamparasyduchas.com\/en\/wp-json\/wp\/v2\/product_cat?post=40964"},{"taxonomy":"product_tag","embeddable":true,"href":"https:\/\/mamparasyduchas.com\/en\/wp-json\/wp\/v2\/product_tag?post=40964"}],"curies":[{"name":"wp","href":"https:\/\/api.w.org\/{rel}","templated":true}]}}