{"id":41098,"date":"2024-10-07T19:48:50","date_gmt":"2024-10-07T17:48:50","guid":{"rendered":"https:\/\/mamparasyduchas.com\/?post_type=product&#038;p=41098"},"modified":"2025-03-03T13:13:53","modified_gmt":"2025-03-03T12:13:53","slug":"espejo-bano-fun-luz-led-ledimex","status":"publish","type":"product","link":"https:\/\/mamparasyduchas.com\/en\/espejos-2\/led\/espejo-bano-fun-luz-led-ledimex\/","title":{"rendered":"Espejo Ba\u00f1o Fun Luz Led (Ledimex)"},"content":{"rendered":"<p>Disfruta de las ventajas del espejo Serie <strong>FUN<\/strong> Luz Led. Medidas disponibles<strong> 60, 70 y 80 cm<\/strong>.<\/p>\n<p><strong><span class=\"text-2xl block mb-5 regular\" data-v-817630f0=\"\">Datos t\u00e9cnicos:<\/span><\/strong><\/p>\n<ul class=\"mb-6\" data-v-817630f0=\"\">\n<li class=\"text-base\" data-v-817630f0=\"\"><span class=\"font-bold\" data-v-817630f0=\"\"><strong>Clasificaci\u00f3n energ\u00e9tica<\/strong>:<\/span>\u00a0A<\/li>\n<li class=\"text-base\" data-v-817630f0=\"\"><span class=\"font-bold\" data-v-817630f0=\"\"><strong>N\u00ba de horas util de vida<\/strong>:<\/span>\u00a050.000<\/li>\n<li class=\"text-base\" data-v-817630f0=\"\"><span class=\"font-bold\" data-v-817630f0=\"\"><strong>Forma<\/strong>:<\/span> Redondo<\/li>\n<li class=\"text-base\" data-v-817630f0=\"\"><span class=\"font-bold\" data-v-817630f0=\"\"><strong>Grosor del vidrio<\/strong>:<\/span>\u00a05 mm<\/li>\n<li class=\"text-base\" data-v-817630f0=\"\"><span class=\"font-bold\" data-v-817630f0=\"\"><strong>Medidas disponibles<\/strong>: 60, 70 y 80<\/span>\u00a0 cm<\/li>\n<li class=\"text-base\" data-v-817630f0=\"\"><span class=\"font-bold\" data-v-817630f0=\"\"><strong>Sensor antivaho<\/strong>:<\/span>\u00a0Con sensor antivaho On\/Off<\/li>\n<li class=\"text-base\" data-v-817630f0=\"\"><span class=\"font-bold\" data-v-817630f0=\"\"><strong>Tipo de luz<\/strong>:<\/span> Frontal retroiluminado (Iluminaci\u00f3n media)<\/li>\n<li class=\"text-base\" data-v-817630f0=\"\"><span class=\"font-bold\" data-v-817630f0=\"\"><strong>Sensor t\u00e1ctil<\/strong>:<\/span> Con sensor t\u00e1ctil on\/off<\/li>\n<li class=\"text-base\" data-v-817630f0=\"\"><span class=\"font-bold\" data-v-817630f0=\"\"><strong>Tonalidad de la luz<\/strong>:<\/span> Triluz (c\u00e1lida, neutra y fr\u00eda)<\/li>\n<li class=\"text-base\" data-v-817630f0=\"\"><span class=\"font-bold\" data-v-817630f0=\"\"><strong>Garant\u00eda<\/strong>:<\/span>\u00a03 a\u00f1os<\/li>\n<\/ul>","protected":false},"excerpt":{"rendered":"<p><strong>DESCRIPCI\u00d3N:<\/strong><\/p>\n<ul>\n<li>Espejo que combina\u00a0 lo simple de un espejo redondo retroiluminado con el valor a\u00f1adido del marco en aluminio que aporta color y dise\u00f1o al cuarto de ba\u00f1o.<\/li>\n<li>Espejo redondo de luz retroiluminada con marco en aluminio disponible en dos colores, negro mate y oro cepillado.<\/li>\n<li>Doble sensor. On\/off y antivaho.<\/li>\n<li>Tres tipos de luz ( c\u00e1l i da 3.000K, neut ra 4.000K y fr\u00eda 6.500K).<\/li>\n<\/ul>\n<p><strong>Plazo de entrega, 5-7 d\u00edas laborables<\/strong><\/p>","protected":false},"featured_media":41105,"template":"","meta":[],"product_brand":[],"product_cat":[970,974],"product_tag":[],"class_list":{"0":"post-41098","1":"product","2":"type-product","3":"status-publish","4":"has-post-thumbnail","6":"product_cat-espejos-2","7":"product_cat-led","9":"first","10":"instock","11":"sale","12":"featured","13":"taxable","14":"shipping-taxable","15":"purchasable","16":"product-type-variable"},"_links":{"self":[{"href":"https:\/\/mamparasyduchas.com\/en\/wp-json\/wp\/v2\/product\/41098","targetHints":{"allow":["GET"]}}],"collection":[{"href":"https:\/\/mamparasyduchas.com\/en\/wp-json\/wp\/v2\/product"}],"about":[{"href":"https:\/\/mamparasyduchas.com\/en\/wp-json\/wp\/v2\/types\/product"}],"wp:featuredmedia":[{"embeddable":true,"href":"https:\/\/mamparasyduchas.com\/en\/wp-json\/wp\/v2\/media\/41105"}],"wp:attachment":[{"href":"https:\/\/mamparasyduchas.com\/en\/wp-json\/wp\/v2\/media?parent=41098"}],"wp:term":[{"taxonomy":"product_brand","embeddable":true,"href":"https:\/\/mamparasyduchas.com\/en\/wp-json\/wp\/v2\/product_brand?post=41098"},{"taxonomy":"product_cat","embeddable":true,"href":"https:\/\/mamparasyduchas.com\/en\/wp-json\/wp\/v2\/product_cat?post=41098"},{"taxonomy":"product_tag","embeddable":true,"href":"https:\/\/mamparasyduchas.com\/en\/wp-json\/wp\/v2\/product_tag?post=41098"}],"curies":[{"name":"wp","href":"https:\/\/api.w.org\/{rel}","templated":true}]}}