{"id":41423,"date":"2024-11-05T20:05:45","date_gmt":"2024-11-05T19:05:45","guid":{"rendered":"https:\/\/mamparasyduchas.com\/?post_type=product&#038;p=41423"},"modified":"2025-05-15T21:38:11","modified_gmt":"2025-05-15T19:38:11","slug":"mampara-abatible-pivotante-negro-kassandra","status":"publish","type":"product","link":"https:\/\/mamparasyduchas.com\/en\/mamparas-de-ducha\/mamparas-abatibles\/1-hoja-abatible-mamparas-abatibles\/mampara-abatible-pivotante-negro-kassandra\/","title":{"rendered":"Mampara Abatible Pivotante Negro (Kassandra)"},"content":{"rendered":"<p><strong>Mampara\u00a0 serie Pivot en aluminio Negro Mate (Kassandra).<\/strong><\/p>\n<p>Puerta Abatible pivotante de Ducha, vidrio transparente templado de seguridad de 6\/5 mm.<\/p>\n<p>Est\u00e1 fabricada en aluminio negro mate.<\/p>\n<p>Limpiar con una soluci\u00f3n de agua tibia y un poco de jab\u00f3n neutro. Aclarar con agua utilizando y utilizar un pa\u00f1o suave, nunca utilizar productos abrasivos.<\/p>","protected":false},"excerpt":{"rendered":"<p><strong>CARACTER\u00cdSTICAS PRINCIPALES:<\/strong><\/p>\n<ul>\n<li>Frente Ducha Abatible Pivotante.<\/li>\n<li>Perfiler\u00eda Aluminio Negro Mate.<\/li>\n<li>Cristal templado de seguridad de 6\/5 mm transparente, EASY-CLEAN incluido.<\/li>\n<li>Altura 195 cm.<\/li>\n<li>Especial para espacios reducidos.<\/li>\n<\/ul>\n<p><strong><span class=\"ng-scope\">Plazo de entrega de 3\u00a0a 5 d\u00edas laborables.<\/span><\/strong><br class=\"ng-scope\" \/><span class=\"ng-scope\"><strong>IVA y transporte a pie de calle en pen\u00ednsula incluidos.<\/strong><\/span><\/p>\n<p><strong>Nota: El precio indicado corresponde solamente a la parte frontal sin lateral fijo.<\/strong><\/p>","protected":false},"featured_media":41432,"template":"","meta":[],"product_brand":[],"product_cat":[318,317,165],"product_tag":[],"class_list":{"0":"post-41423","1":"product","2":"type-product","3":"status-publish","4":"has-post-thumbnail","6":"product_cat-1-hoja-abatible-mamparas-abatibles","7":"product_cat-mamparas-abatibles","8":"product_cat-mamparas-de-ducha","10":"first","11":"instock","12":"featured","13":"taxable","14":"shipping-taxable","15":"purchasable","16":"product-type-variable"},"_links":{"self":[{"href":"https:\/\/mamparasyduchas.com\/en\/wp-json\/wp\/v2\/product\/41423","targetHints":{"allow":["GET"]}}],"collection":[{"href":"https:\/\/mamparasyduchas.com\/en\/wp-json\/wp\/v2\/product"}],"about":[{"href":"https:\/\/mamparasyduchas.com\/en\/wp-json\/wp\/v2\/types\/product"}],"wp:featuredmedia":[{"embeddable":true,"href":"https:\/\/mamparasyduchas.com\/en\/wp-json\/wp\/v2\/media\/41432"}],"wp:attachment":[{"href":"https:\/\/mamparasyduchas.com\/en\/wp-json\/wp\/v2\/media?parent=41423"}],"wp:term":[{"taxonomy":"product_brand","embeddable":true,"href":"https:\/\/mamparasyduchas.com\/en\/wp-json\/wp\/v2\/product_brand?post=41423"},{"taxonomy":"product_cat","embeddable":true,"href":"https:\/\/mamparasyduchas.com\/en\/wp-json\/wp\/v2\/product_cat?post=41423"},{"taxonomy":"product_tag","embeddable":true,"href":"https:\/\/mamparasyduchas.com\/en\/wp-json\/wp\/v2\/product_tag?post=41423"}],"curies":[{"name":"wp","href":"https:\/\/api.w.org\/{rel}","templated":true}]}}