{"id":47083,"date":"2025-05-08T18:25:35","date_gmt":"2025-05-08T16:25:35","guid":{"rendered":"https:\/\/mamparasyduchas.com\/?post_type=product&#038;p=47083"},"modified":"2025-08-06T16:27:21","modified_gmt":"2025-08-06T14:27:21","slug":"mampara-burgos-decorban","status":"publish","type":"product","link":"https:\/\/mamparasyduchas.com\/en\/mamparas-de-ducha\/mamparas-frontales\/3-hojas-correderas\/mampara-burgos-decorban\/","title":{"rendered":"Mampara Burgos (Decorban)"},"content":{"rendered":"<p><b>Mampara\u00a0 serie Burgos.<\/b><\/p>\n<p>Mampara frontal compuesta por 3 hojas correderas, cristal templado de seguridad de 4 mm.<\/p>\n<p>Est\u00e1 fabricada en Aluminio Plata Brillo y Aluminio Blanco.<\/p>\n<p>Limpiar con una soluci\u00f3n de agua tibia y un poco de jab\u00f3n neutro. Aclarar con agua utilizando y utilizar un pa\u00f1o suave, nunca utilizar productos abrasivos.<\/p>","protected":false},"excerpt":{"rendered":"<p><span style=\"font-size: 14px;\"><strong>CARACTER\u00cdSTICAS PRINCIPALES:<\/strong><\/span><\/p>\n<ul>\n<li><span style=\"font-size: 14px;\">Mampara frontal, 3 hojas correderas.<\/span><\/li>\n<li><span style=\"font-size: 14px;\">Perfiler\u00eda Plata, Blanco.<\/span><\/li>\n<li><span style=\"font-size: 14px;\">Cristal de seguridad de 4 mm.<\/span><\/li>\n<li><span style=\"font-size: 14px;\">Tratamiento DRY-DEC incluido, (limpio por m\u00e1s tiempo).<\/span><\/li>\n<li><span style=\"font-size: 14px;\">Altura 195 cm.<\/span><\/li>\n<\/ul>\n<p><strong><span class=\"ng-scope\">Plazo de entrega de 3 a 5 d\u00edas laborables.<\/span><\/strong><br class=\"ng-scope\" \/><span class=\"ng-scope\"><strong>IVA y transporte a pie de calle en pen\u00ednsula incluidos.<\/strong><\/span><\/p>","protected":false},"featured_media":47188,"template":"","meta":[],"product_brand":[],"product_cat":[993,165,166],"product_tag":[],"class_list":{"0":"post-47083","1":"product","2":"type-product","3":"status-publish","4":"has-post-thumbnail","6":"product_cat-3-hojas-correderas","7":"product_cat-mamparas-de-ducha","8":"product_cat-mamparas-frontales","10":"first","11":"instock","12":"taxable","13":"shipping-taxable","14":"purchasable","15":"product-type-variable"},"_links":{"self":[{"href":"https:\/\/mamparasyduchas.com\/en\/wp-json\/wp\/v2\/product\/47083","targetHints":{"allow":["GET"]}}],"collection":[{"href":"https:\/\/mamparasyduchas.com\/en\/wp-json\/wp\/v2\/product"}],"about":[{"href":"https:\/\/mamparasyduchas.com\/en\/wp-json\/wp\/v2\/types\/product"}],"wp:featuredmedia":[{"embeddable":true,"href":"https:\/\/mamparasyduchas.com\/en\/wp-json\/wp\/v2\/media\/47188"}],"wp:attachment":[{"href":"https:\/\/mamparasyduchas.com\/en\/wp-json\/wp\/v2\/media?parent=47083"}],"wp:term":[{"taxonomy":"product_brand","embeddable":true,"href":"https:\/\/mamparasyduchas.com\/en\/wp-json\/wp\/v2\/product_brand?post=47083"},{"taxonomy":"product_cat","embeddable":true,"href":"https:\/\/mamparasyduchas.com\/en\/wp-json\/wp\/v2\/product_cat?post=47083"},{"taxonomy":"product_tag","embeddable":true,"href":"https:\/\/mamparasyduchas.com\/en\/wp-json\/wp\/v2\/product_tag?post=47083"}],"curies":[{"name":"wp","href":"https:\/\/api.w.org\/{rel}","templated":true}]}}