{"id":47312,"date":"2025-05-15T19:45:54","date_gmt":"2025-05-15T17:45:54","guid":{"rendered":"https:\/\/mamparasyduchas.com\/?post_type=product&#038;p=47312"},"modified":"2025-05-15T19:48:55","modified_gmt":"2025-05-15T17:48:55","slug":"mampara-frontal-prisma-lateral-fijo-plata-brillo-kassandra","status":"publish","type":"product","link":"https:\/\/mamparasyduchas.com\/en\/mamparas-de-ducha\/mamparas-abatibles\/1-cristal-fijo-1-hoja-abatible-mamparas-abatibles\/mampara-frontal-prisma-lateral-fijo-plata-brillo-kassandra\/","title":{"rendered":"Mampara Frontal Prisma + Lateral Fijo Plata Brillo (Kassandra)"},"content":{"rendered":"<p><strong>Mampara\u00a0 serie Prisma abatible con brazo oscilante en Aluminio Plata Brillo (Kassandra).<\/strong><\/p>\n<p>Est\u00e1 compuesta por un frontal abatible con brazo oscilante + lateral fijo, vidrio templado de seguridad de 6 mm.<\/p>\n<p>Est\u00e1 fabricada en aluminio.<\/p>\n<p>Especial para espacios reducidos.<\/p>\n<p>Limpiar con una soluci\u00f3n de agua tibia y un poco de jab\u00f3n neutro. Aclarar con agua utilizando y utilizar un pa\u00f1o suave, nunca utilizar productos abrasivos.<\/p>","protected":false},"excerpt":{"rendered":"<p><strong>CARACTER\u00cdSTICAS PRINCIPALES:<\/strong><\/p>\n<ul>\n<li>Frente de ducha abatible con brazo oscilante + lateral fijo, especial para espacios reducidos.<\/li>\n<li>Perfiler\u00eda Aluminio Plata Brillo.<\/li>\n<li>Cristal templado de seguridad de 8\/6 mm.<\/li>\n<li>Altura 195 cm, tratamiento EASY-CLEAN incluido.<\/li>\n<\/ul>\n<p><strong>Indicar medidas exactas.<\/strong><\/p>\n<p><span class=\"ng-scope\"><b>Plazo de entrega 48-72 horas h\u00e1biles.<\/b><\/span><br class=\"ng-scope\" \/><span class=\"ng-scope\"><strong>IVA y transporte a pie de calle en pen\u00ednsula incluidos.<\/strong><\/span><\/p>","protected":false},"featured_media":47310,"template":"","meta":[],"product_brand":[],"product_cat":[319,317,165],"product_tag":[],"class_list":{"0":"post-47312","1":"product","2":"type-product","3":"status-publish","4":"has-post-thumbnail","6":"product_cat-1-cristal-fijo-1-hoja-abatible-mamparas-abatibles","7":"product_cat-mamparas-abatibles","8":"product_cat-mamparas-de-ducha","10":"first","11":"instock","12":"taxable","13":"shipping-taxable","14":"purchasable","15":"product-type-variable"},"_links":{"self":[{"href":"https:\/\/mamparasyduchas.com\/en\/wp-json\/wp\/v2\/product\/47312","targetHints":{"allow":["GET"]}}],"collection":[{"href":"https:\/\/mamparasyduchas.com\/en\/wp-json\/wp\/v2\/product"}],"about":[{"href":"https:\/\/mamparasyduchas.com\/en\/wp-json\/wp\/v2\/types\/product"}],"wp:featuredmedia":[{"embeddable":true,"href":"https:\/\/mamparasyduchas.com\/en\/wp-json\/wp\/v2\/media\/47310"}],"wp:attachment":[{"href":"https:\/\/mamparasyduchas.com\/en\/wp-json\/wp\/v2\/media?parent=47312"}],"wp:term":[{"taxonomy":"product_brand","embeddable":true,"href":"https:\/\/mamparasyduchas.com\/en\/wp-json\/wp\/v2\/product_brand?post=47312"},{"taxonomy":"product_cat","embeddable":true,"href":"https:\/\/mamparasyduchas.com\/en\/wp-json\/wp\/v2\/product_cat?post=47312"},{"taxonomy":"product_tag","embeddable":true,"href":"https:\/\/mamparasyduchas.com\/en\/wp-json\/wp\/v2\/product_tag?post=47312"}],"curies":[{"name":"wp","href":"https:\/\/api.w.org\/{rel}","templated":true}]}}