{"id":47368,"date":"2025-05-22T19:00:19","date_gmt":"2025-05-22T17:00:19","guid":{"rendered":"https:\/\/mamparasyduchas.com\/?post_type=product&#038;p=47368"},"modified":"2025-05-26T17:44:33","modified_gmt":"2025-05-26T15:44:33","slug":"monomando-ducha-oculto-pared-monza-cromo-imex","status":"publish","type":"product","link":"https:\/\/mamparasyduchas.com\/en\/griferia-y-accesorios\/griferia-empotrada\/monomando-griferia-empotrada\/pared\/monomando-ducha-oculto-pared-monza-cromo-imex\/","title":{"rendered":"Monomando Ducha Oculto Pared Pisa Cromo (Imex)"},"content":{"rendered":"<p>Busca productos de confianza con una excelente relaci\u00f3n calidad precio, el monomando ducha oculto<strong> PISA<\/strong>\u00a0es un producto elegante y sobrio con una tecnolog\u00eda insuperable.<\/p>\n<p>No tendr\u00e1s ning\u00fan problema con la instalaci\u00f3n, no obstante, sabes que puedes contactar con nuestro servicio de instalaci\u00f3n, cons\u00faltanos.<\/p>","protected":false},"excerpt":{"rendered":"<p><strong>Modelo polivalente y adaptable a cualquier ba\u00f1o. Robustez y sobriedad son sus principales cualidades.<\/strong><\/p>\n<ul>\n<li>Rociador de acero inox 25 x 25 cm, extraplano y antical.<\/li>\n<li>Tubo salida pared de lat\u00f3n acabado Cromo.<\/li>\n<li>Mango de ducha cuadrado de 1 posici\u00f3n.<\/li>\n<li>Grifer\u00eda monomando de lat\u00f3n acabado Cromo de 2 v\u00edas.<\/li>\n<li>Caudal medio 20 l\/min.<\/li>\n<li>Distribuidor redondo de lat\u00f3n.<\/li>\n<li>Soporte mango de ducha con salida agua pared.<\/li>\n<li>Cuerpo empotrado directo a pared. Con caja de registro.<\/li>\n<li>Fabricado en Espa\u00f1a.<\/li>\n<\/ul>\n<p><strong><span class=\"ng-scope\">Plazo de entrega de 5 a 7 d\u00edas laborables.<\/span><\/strong><\/p>","protected":false},"featured_media":47369,"template":"","meta":[],"product_brand":[],"product_cat":[905,370,919,921],"product_tag":[],"class_list":{"0":"post-47368","1":"product","2":"type-product","3":"status-publish","4":"has-post-thumbnail","6":"product_cat-griferia-empotrada","7":"product_cat-griferia-y-accesorios","8":"product_cat-monomando-griferia-empotrada","9":"product_cat-pared","11":"first","12":"instock","13":"sale","14":"taxable","15":"shipping-taxable","16":"purchasable","17":"product-type-simple"},"_links":{"self":[{"href":"https:\/\/mamparasyduchas.com\/en\/wp-json\/wp\/v2\/product\/47368","targetHints":{"allow":["GET"]}}],"collection":[{"href":"https:\/\/mamparasyduchas.com\/en\/wp-json\/wp\/v2\/product"}],"about":[{"href":"https:\/\/mamparasyduchas.com\/en\/wp-json\/wp\/v2\/types\/product"}],"wp:featuredmedia":[{"embeddable":true,"href":"https:\/\/mamparasyduchas.com\/en\/wp-json\/wp\/v2\/media\/47369"}],"wp:attachment":[{"href":"https:\/\/mamparasyduchas.com\/en\/wp-json\/wp\/v2\/media?parent=47368"}],"wp:term":[{"taxonomy":"product_brand","embeddable":true,"href":"https:\/\/mamparasyduchas.com\/en\/wp-json\/wp\/v2\/product_brand?post=47368"},{"taxonomy":"product_cat","embeddable":true,"href":"https:\/\/mamparasyduchas.com\/en\/wp-json\/wp\/v2\/product_cat?post=47368"},{"taxonomy":"product_tag","embeddable":true,"href":"https:\/\/mamparasyduchas.com\/en\/wp-json\/wp\/v2\/product_tag?post=47368"}],"curies":[{"name":"wp","href":"https:\/\/api.w.org\/{rel}","templated":true}]}}