{"id":47448,"date":"2025-05-27T19:18:00","date_gmt":"2025-05-27T17:18:00","guid":{"rendered":"https:\/\/mamparasyduchas.com\/?post_type=product&#038;p=47448"},"modified":"2025-05-27T19:40:12","modified_gmt":"2025-05-27T17:40:12","slug":"mampara-delta-100-bronce-kassandra","status":"publish","type":"product","link":"https:\/\/mamparasyduchas.com\/en\/mamparas-de-ducha\/mamparas-frontales\/1-cristal-fijo-1-hoja-corredera\/mampara-delta-100-bronce-kassandra\/","title":{"rendered":"Mampara Delta 100 Bronce (Kassandra)"},"content":{"rendered":"<p><strong>Mampara\u00a0 serie Delta en aluminio anodizado Bronce (Kassandra).<\/strong><\/p>\n<p>Est\u00e1 compuesta por un 1 hoja fija + 1 hoja corredera, vidrio templado de seguridad de 6 mm.<\/p>\n<p>Est\u00e1 fabricada en aluminio Bronce.<\/p>\n<p>Liberador de puerta para una c\u00f3moda limpieza.<\/p>\n<p>Limpiar con una soluci\u00f3n de agua tibia y un poco de jab\u00f3n neutro. Aclarar con agua utilizando y utilizar un pa\u00f1o suave, nunca utilizar productos abrasivos.<\/p>","protected":false},"excerpt":{"rendered":"<p><strong>CARACTER\u00cdSTICAS PRINCIPALES:<\/strong><\/p>\n<ul>\n<li>Frente de ducha, 1 hoja fija + 1 hoja corredera.<\/li>\n<li>Perfiler\u00eda Aluminio Bronce.<\/li>\n<li>Cristal templado de seguridad de 6 mm, EASY-CLEAN incluido.<\/li>\n<li>Sin perfileria inferior.<\/li>\n<li>Liberaci\u00f3n de puertas para una f\u00e1cil limpieza.<\/li>\n<li>Altura 195 cm.<\/li>\n<li>F\u00e1cil Instalaci\u00f3n.<\/li>\n<\/ul>\n<p><strong>Indicar medida exacta.<\/strong><\/p>\n<p><strong><span class=\"ng-scope\">Plazo de entrega de 3\u00a0a 5 d\u00edas laborables.<\/span><\/strong><br class=\"ng-scope\" \/><span class=\"ng-scope\"><strong>IVA y transporte a pie de calle en pen\u00ednsula incluidos.<\/strong><\/span><\/p>","protected":false},"featured_media":47481,"template":"","meta":[],"product_brand":[],"product_cat":[167,165,166],"product_tag":[],"class_list":{"0":"post-47448","1":"product","2":"type-product","3":"status-publish","4":"has-post-thumbnail","6":"product_cat-1-cristal-fijo-1-hoja-corredera","7":"product_cat-mamparas-de-ducha","8":"product_cat-mamparas-frontales","10":"first","11":"instock","12":"featured","13":"taxable","14":"shipping-taxable","15":"purchasable","16":"product-type-variable"},"_links":{"self":[{"href":"https:\/\/mamparasyduchas.com\/en\/wp-json\/wp\/v2\/product\/47448","targetHints":{"allow":["GET"]}}],"collection":[{"href":"https:\/\/mamparasyduchas.com\/en\/wp-json\/wp\/v2\/product"}],"about":[{"href":"https:\/\/mamparasyduchas.com\/en\/wp-json\/wp\/v2\/types\/product"}],"wp:featuredmedia":[{"embeddable":true,"href":"https:\/\/mamparasyduchas.com\/en\/wp-json\/wp\/v2\/media\/47481"}],"wp:attachment":[{"href":"https:\/\/mamparasyduchas.com\/en\/wp-json\/wp\/v2\/media?parent=47448"}],"wp:term":[{"taxonomy":"product_brand","embeddable":true,"href":"https:\/\/mamparasyduchas.com\/en\/wp-json\/wp\/v2\/product_brand?post=47448"},{"taxonomy":"product_cat","embeddable":true,"href":"https:\/\/mamparasyduchas.com\/en\/wp-json\/wp\/v2\/product_cat?post=47448"},{"taxonomy":"product_tag","embeddable":true,"href":"https:\/\/mamparasyduchas.com\/en\/wp-json\/wp\/v2\/product_tag?post=47448"}],"curies":[{"name":"wp","href":"https:\/\/api.w.org\/{rel}","templated":true}]}}