{"id":47656,"date":"2025-05-29T19:38:24","date_gmt":"2025-05-29T17:38:24","guid":{"rendered":"https:\/\/mamparasyduchas.com\/?post_type=product&#038;p=47656"},"modified":"2025-05-29T19:38:25","modified_gmt":"2025-05-29T17:38:25","slug":"monomando-banera-pisa-oro-cepillado-imex","status":"publish","type":"product","link":"https:\/\/mamparasyduchas.com\/en\/griferia-y-accesorios\/conjunto-grifo-monomando\/banera\/monomando-banera-pisa-oro-cepillado-imex\/","title":{"rendered":"Monomando Ba\u00f1era Pisa Oro Cepillado (Imex)"},"content":{"rendered":"<p>Busca productos de confianza con una excelente relaci\u00f3n calidad precio, el monomando ba\u00f1o\/ducha <strong>PISA<\/strong> es un producto elegante y sobrio con una tecnolog\u00eda insuperable.<\/p>\n<p>No tendr\u00e1s ning\u00fan problema con la instalaci\u00f3n, no obstante, sabes que puedes contactar con nuestro servicio de instalaci\u00f3n, cons\u00faltanos.<\/p>","protected":false},"excerpt":{"rendered":"<p><strong>Modelo polivalente y adaptable a cualquier ba\u00f1o. Robustez y sobriedad son sus principales cualidades.<\/strong><\/p>\n<ul>\n<li>Grifer\u00eda para ba\u00f1o\/ducha en lat\u00f3n.<\/li>\n<li>Ca\u00f1o giratorio.<\/li>\n<li>Soporte para mango de ducha de ABS.<\/li>\n<li>Acabado Oro Cepillado.<\/li>\n<li>Mango ducha redondo 1 posici\u00f3n.<\/li>\n<li>Flexo PVC 1.80.<\/li>\n<li>Cartucho monomando cer\u00e1mico \u00d835 mm.<\/li>\n<li>Fabricado en Espa\u00f1a.<\/li>\n<\/ul>\n<p><strong><span class=\"ng-scope\">Plazo de entrega de 5 a 7 d\u00edas laborables.<\/span><\/strong><\/p>","protected":false},"featured_media":47658,"template":"","meta":[],"product_brand":[],"product_cat":[915,370,895],"product_tag":[],"class_list":{"0":"post-47656","1":"product","2":"type-product","3":"status-publish","4":"has-post-thumbnail","6":"product_cat-banera","7":"product_cat-griferia-y-accesorios","8":"product_cat-conjunto-grifo-monomando","10":"first","11":"instock","12":"sale","13":"taxable","14":"shipping-taxable","15":"purchasable","16":"product-type-simple"},"_links":{"self":[{"href":"https:\/\/mamparasyduchas.com\/en\/wp-json\/wp\/v2\/product\/47656","targetHints":{"allow":["GET"]}}],"collection":[{"href":"https:\/\/mamparasyduchas.com\/en\/wp-json\/wp\/v2\/product"}],"about":[{"href":"https:\/\/mamparasyduchas.com\/en\/wp-json\/wp\/v2\/types\/product"}],"wp:featuredmedia":[{"embeddable":true,"href":"https:\/\/mamparasyduchas.com\/en\/wp-json\/wp\/v2\/media\/47658"}],"wp:attachment":[{"href":"https:\/\/mamparasyduchas.com\/en\/wp-json\/wp\/v2\/media?parent=47656"}],"wp:term":[{"taxonomy":"product_brand","embeddable":true,"href":"https:\/\/mamparasyduchas.com\/en\/wp-json\/wp\/v2\/product_brand?post=47656"},{"taxonomy":"product_cat","embeddable":true,"href":"https:\/\/mamparasyduchas.com\/en\/wp-json\/wp\/v2\/product_cat?post=47656"},{"taxonomy":"product_tag","embeddable":true,"href":"https:\/\/mamparasyduchas.com\/en\/wp-json\/wp\/v2\/product_tag?post=47656"}],"curies":[{"name":"wp","href":"https:\/\/api.w.org\/{rel}","templated":true}]}}