{"id":48166,"date":"2025-06-16T12:54:01","date_gmt":"2025-06-16T10:54:01","guid":{"rendered":"https:\/\/mamparasyduchas.com\/?post_type=product&#038;p=48166"},"modified":"2025-06-19T18:13:26","modified_gmt":"2025-06-19T16:13:26","slug":"mampara-stylo-200-cromo-bathroom-screens","status":"publish","type":"product","link":"https:\/\/mamparasyduchas.com\/en\/mamparas-de-ducha\/mamparas-frontales\/2-cristales-fijos-2-hojas-correderas\/mampara-stylo-200-cromo-bathroom-screens\/","title":{"rendered":"Mampara Stylo 200 Cromo ( Bathroom Screens )"},"content":{"rendered":"<p><b>Mampara\u00a0 serie Stylo 200.<\/b><\/p>\n<p>Mampara frontal compuesta por 2 hojas correderas centrales + 2 hojas fijas laterales en cristal templado de seguridad de 6 mm.<\/p>\n<p>Est\u00e1 fabricada en Aluminio Cromo.<\/p>\n<p>Limpiar con una soluci\u00f3n de agua tibia y un poco de jab\u00f3n neutro. Aclarar con agua utilizando y utilizar un pa\u00f1o suave, nunca utilizar productos abrasivos.<\/p>","protected":false},"excerpt":{"rendered":"<p><span style=\"font-size: 14px;\"><strong>CARACTER\u00cdSTICAS PRINCIPALES:<\/strong><\/span><\/p>\n<ul>\n<li><span style=\"font-size: 14px;\">Mampara frontal, 2 hojas correderas centrales + 2 hojas fijas laterales.<\/span><\/li>\n<li><span style=\"font-size: 14px;\">Perfiler\u00eda aluminio cromo.<\/span><\/li>\n<li><span style=\"font-size: 14px;\">Cristal templado de seguridad TRANSPARENTE de 6 mm.<\/span><\/li>\n<li>Tratamiento EASY-CLEAN incluido.<\/li>\n<li><span style=\"font-size: 14px;\">Altura 195 cm.<\/span><\/li>\n<\/ul>\n<p><strong><span class=\"ng-scope\">Plazo de entrega de 5 a 7 d\u00edas laborables.<\/span><\/strong><br class=\"ng-scope\" \/><span class=\"ng-scope\"><strong>IVA y transporte a pie de calle en pen\u00ednsula incluidos.<\/strong><\/span><\/p>\n<p>Ll\u00e1manos si necesitas m\u00e1s informaci\u00f3n para <a href=\"\/en\/\">comprar mamparas de ducha online<\/a><\/p>","protected":false},"featured_media":48183,"template":"","meta":[],"product_brand":[],"product_cat":[168,165,166],"product_tag":[],"class_list":{"0":"post-48166","1":"product","2":"type-product","3":"status-publish","4":"has-post-thumbnail","6":"product_cat-2-cristales-fijos-2-hojas-correderas","7":"product_cat-mamparas-de-ducha","8":"product_cat-mamparas-frontales","10":"first","11":"instock","12":"featured","13":"taxable","14":"shipping-taxable","15":"purchasable","16":"product-type-variable"},"_links":{"self":[{"href":"https:\/\/mamparasyduchas.com\/en\/wp-json\/wp\/v2\/product\/48166","targetHints":{"allow":["GET"]}}],"collection":[{"href":"https:\/\/mamparasyduchas.com\/en\/wp-json\/wp\/v2\/product"}],"about":[{"href":"https:\/\/mamparasyduchas.com\/en\/wp-json\/wp\/v2\/types\/product"}],"wp:featuredmedia":[{"embeddable":true,"href":"https:\/\/mamparasyduchas.com\/en\/wp-json\/wp\/v2\/media\/48183"}],"wp:attachment":[{"href":"https:\/\/mamparasyduchas.com\/en\/wp-json\/wp\/v2\/media?parent=48166"}],"wp:term":[{"taxonomy":"product_brand","embeddable":true,"href":"https:\/\/mamparasyduchas.com\/en\/wp-json\/wp\/v2\/product_brand?post=48166"},{"taxonomy":"product_cat","embeddable":true,"href":"https:\/\/mamparasyduchas.com\/en\/wp-json\/wp\/v2\/product_cat?post=48166"},{"taxonomy":"product_tag","embeddable":true,"href":"https:\/\/mamparasyduchas.com\/en\/wp-json\/wp\/v2\/product_tag?post=48166"}],"curies":[{"name":"wp","href":"https:\/\/api.w.org\/{rel}","templated":true}]}}