{"id":48475,"date":"2025-06-16T19:29:52","date_gmt":"2025-06-16T17:29:52","guid":{"rendered":"https:\/\/mamparasyduchas.com\/?post_type=product&#038;p=48475"},"modified":"2025-12-10T17:37:13","modified_gmt":"2025-12-10T16:37:13","slug":"mampara-avila-100-decorban-2","status":"publish","type":"product","link":"https:\/\/mamparasyduchas.com\/en\/mamparas-de-ducha\/mamparas-frontales\/1-cristal-fijo-1-hoja-corredera\/mampara-avila-100-decorban-2\/","title":{"rendered":"Mampara Avila 100 Negro ( Decorban )"},"content":{"rendered":"<p data-start=\"227\" data-end=\"677\">La <strong data-start=\"230\" data-end=\"268\">Mampara \u00c1vila 100 Negro (Decorban)<\/strong> es una soluci\u00f3n moderna, elegante y de alta resistencia para cualquier cuarto de ba\u00f1o. Dise\u00f1ada para ofrecer comodidad y durabilidad, combina un sistema corredero suave con materiales de primera calidad, lo que la convierte en una opci\u00f3n ideal para quienes buscan funcionalidad y est\u00e9tica al mejor precio. Disponible en un rango de <strong data-start=\"601\" data-end=\"618\">340 \u20ac a 514 \u20ac<\/strong>, incluye <strong data-start=\"628\" data-end=\"676\">IVA y transporte a pie de calle en pen\u00ednsula<\/strong>.<\/p>\n<h2 data-start=\"684\" data-end=\"710\"><strong data-start=\"687\" data-end=\"710\">Dise\u00f1o y estructura<\/strong><\/h2>\n<p data-start=\"711\" data-end=\"1025\">La mampara presenta un <strong data-start=\"734\" data-end=\"787\">formato frontal de 1 hoja corredera + 1 hoja fija<\/strong>, pensado para optimizar el espacio y garantizar un uso c\u00f3modo incluso en ba\u00f1os peque\u00f1os. Su <strong data-start=\"880\" data-end=\"910\">perfiler\u00eda en negro mate<\/strong>\u00a0aporta un acabado moderno y resistente a la corrosi\u00f3n, manteniendo la est\u00e9tica impecable durante mucho m\u00e1s tiempo.<\/p>\n<h2 data-start=\"1032\" data-end=\"1068\"><strong data-start=\"1035\" data-end=\"1068\">Cristal templado de seguridad<\/strong><\/h2>\n<p data-start=\"1069\" data-end=\"1143\">Equipada con <strong data-start=\"1082\" data-end=\"1110\">cristal templado de 6 mm<\/strong>, la Mampara \u00c1vila 100 garantiza:<\/p>\n<ul data-start=\"1145\" data-end=\"1254\">\n<li data-start=\"1145\" data-end=\"1184\">\n<p data-start=\"1147\" data-end=\"1184\">Mayor resistencia frente a impactos<\/p>\n<\/li>\n<li data-start=\"1185\" data-end=\"1216\">\n<p data-start=\"1187\" data-end=\"1216\">Seguridad en caso de rotura<\/p>\n<\/li>\n<li data-start=\"1217\" data-end=\"1254\">\n<p data-start=\"1219\" data-end=\"1254\">Estabilidad y rigidez estructural<\/p>\n<\/li>\n<\/ul>\n<p data-start=\"1256\" data-end=\"1426\">Adem\u00e1s, incorpora el tratamiento <strong data-start=\"1289\" data-end=\"1300\">DRY-DEC<\/strong>, que repele la suciedad y las gotas de agua, facilitando la limpieza y manteniendo el vidrio transparente durante m\u00e1s tiempo.<\/p>\n<h2 data-start=\"1433\" data-end=\"1468\"><strong data-start=\"1436\" data-end=\"1468\">Dimensiones y compatibilidad<\/strong><\/h2>\n<ul data-start=\"1469\" data-end=\"1628\">\n<li data-start=\"1469\" data-end=\"1497\">\n<p data-start=\"1471\" data-end=\"1497\"><strong data-start=\"1471\" data-end=\"1488\">Altura total:<\/strong> 195 cm<\/p>\n<\/li>\n<li data-start=\"1498\" data-end=\"1571\">\n<p data-start=\"1500\" data-end=\"1571\">Perfecta para platos de ducha modernos y para instalaciones a medida.<\/p>\n<\/li>\n<li data-start=\"1572\" data-end=\"1628\">\n<p data-start=\"1574\" data-end=\"1628\">Apta para ba\u00f1os de estilo contempor\u00e1neo o minimalista.<\/p>\n<\/li>\n<\/ul>\n<h2 data-start=\"1635\" data-end=\"1669\"><strong data-start=\"1638\" data-end=\"1669\">Instalaci\u00f3n y mantenimiento<\/strong><\/h2>\n<p data-start=\"1670\" data-end=\"1904\">La instalaci\u00f3n es sencilla y segura, con un sistema pensado para ofrecer una apertura suave y silenciosa. El tratamiento DRY-DEC minimiza el mantenimiento y reduce la aparici\u00f3n de cal, conservando la mampara como nueva por m\u00e1s tiempo.<\/p>\n<h2 data-start=\"1911\" data-end=\"1941\"><strong data-start=\"1914\" data-end=\"1941\">Entrega r\u00e1pida y precio<\/strong><\/h2>\n<p data-start=\"1942\" data-end=\"2229\">La <strong data-start=\"1945\" data-end=\"1983\">Mampara \u00c1vila 100 Negro (Decorban)<\/strong> se entrega en un plazo estimado de <strong data-start=\"2019\" data-end=\"2044\">3 a 5 d\u00edas laborables<\/strong>, directamente a pie de calle en pen\u00ednsula. Su rango de precios, entre <strong data-start=\"2115\" data-end=\"2132\">340 \u20ac y 514 \u20ac<\/strong>, la convierte en una de las mejores opciones del mercado en t\u00e9rminos de relaci\u00f3n calidad-precio.<\/p>\n<h2 data-start=\"2236\" data-end=\"2284\"><strong data-start=\"2239\" data-end=\"2284\">Por qu\u00e9 elegir la Mampara \u00c1vila 100 Negro<\/strong><\/h2>\n<ul data-start=\"2285\" data-end=\"2558\">\n<li data-start=\"2285\" data-end=\"2335\">\n<p data-start=\"2287\" data-end=\"2335\">Dise\u00f1o elegante con perfiler\u00eda en negro mate<\/p>\n<\/li>\n<li data-start=\"2336\" data-end=\"2399\">\n<p data-start=\"2338\" data-end=\"2399\">Seguridad y resistencia gracias al cristal templado de 6 mm<\/p>\n<\/li>\n<li data-start=\"2400\" data-end=\"2446\">\n<p data-start=\"2402\" data-end=\"2446\">Limpieza m\u00e1s f\u00e1cil con tratamiento DRY-DEC<\/p>\n<\/li>\n<li data-start=\"2447\" data-end=\"2487\">\n<p data-start=\"2449\" data-end=\"2487\">Apertura corredera suave y funcional<\/p>\n<\/li>\n<li data-start=\"2488\" data-end=\"2539\">\n<p data-start=\"2490\" data-end=\"2539\">Excelente precio con transporte e IVA incluidos<\/p>\n<\/li>\n<li data-start=\"2540\" data-end=\"2558\">\n<p data-start=\"2542\" data-end=\"2558\">Entrega r\u00e1pida<\/p>\n<\/li>\n<\/ul>\n<p data-start=\"2560\" data-end=\"2724\">La <strong data-start=\"2563\" data-end=\"2601\">Mampara \u00c1vila 100 Negro (Decorban)<\/strong> es una elecci\u00f3n segura para quienes desean renovar su ba\u00f1o con un producto moderno, resistente y con una gran durabilidad.<\/p>","protected":false},"excerpt":{"rendered":"<p><span style=\"font-size: 14px;\"><strong>CARACTER\u00cdSTICAS PRINCIPALES:<\/strong><\/span><\/p>\n<ul>\n<li><span style=\"font-size: 14px;\">Mampara frontal, 1 hoja corredera + 1 hoja fija.<\/span><\/li>\n<li><span style=\"font-size: 14px;\">Perfiler\u00eda negro mate.<\/span><\/li>\n<li><span style=\"font-size: 14px;\">Cristal de seguridad de 6 mm, tratamiento DRY-DEC, (limpio x m\u00e1s tiempo).<\/span><\/li>\n<li><span style=\"font-size: 14px;\">Altura 195 cm<\/span><\/li>\n<\/ul>\n<p><strong><span class=\"ng-scope\">Plazo de entrega de 3\u00a0a 5 d\u00edas laborables.<\/span><\/strong><br class=\"ng-scope\" \/><span class=\"ng-scope\"><strong>IVA y transporte a pie de calle en pen\u00ednsula incluidos.<\/strong><\/span><\/p>\n<p>Ll\u00e1manos si necesitas m\u00e1s informaci\u00f3n para <a href=\"\/en\/\">comprar mamparas de ducha online<\/a><\/p>\n<p>\u00a1Echa un vistazo a nuestras <a href=\"\/en\/mamparas-de-ducha\/mamparas-plegables\/1-plegable\/\">mamparas plegables<\/a>!<\/p>","protected":false},"featured_media":48578,"template":"","meta":[],"product_brand":[],"product_cat":[167,165,166],"product_tag":[],"class_list":{"0":"post-48475","1":"product","2":"type-product","3":"status-publish","4":"has-post-thumbnail","6":"product_cat-1-cristal-fijo-1-hoja-corredera","7":"product_cat-mamparas-de-ducha","8":"product_cat-mamparas-frontales","10":"first","11":"instock","12":"featured","13":"taxable","14":"shipping-taxable","15":"purchasable","16":"product-type-variable"},"_links":{"self":[{"href":"https:\/\/mamparasyduchas.com\/en\/wp-json\/wp\/v2\/product\/48475","targetHints":{"allow":["GET"]}}],"collection":[{"href":"https:\/\/mamparasyduchas.com\/en\/wp-json\/wp\/v2\/product"}],"about":[{"href":"https:\/\/mamparasyduchas.com\/en\/wp-json\/wp\/v2\/types\/product"}],"wp:featuredmedia":[{"embeddable":true,"href":"https:\/\/mamparasyduchas.com\/en\/wp-json\/wp\/v2\/media\/48578"}],"wp:attachment":[{"href":"https:\/\/mamparasyduchas.com\/en\/wp-json\/wp\/v2\/media?parent=48475"}],"wp:term":[{"taxonomy":"product_brand","embeddable":true,"href":"https:\/\/mamparasyduchas.com\/en\/wp-json\/wp\/v2\/product_brand?post=48475"},{"taxonomy":"product_cat","embeddable":true,"href":"https:\/\/mamparasyduchas.com\/en\/wp-json\/wp\/v2\/product_cat?post=48475"},{"taxonomy":"product_tag","embeddable":true,"href":"https:\/\/mamparasyduchas.com\/en\/wp-json\/wp\/v2\/product_tag?post=48475"}],"curies":[{"name":"wp","href":"https:\/\/api.w.org\/{rel}","templated":true}]}}