{"id":49069,"date":"2025-07-21T18:14:27","date_gmt":"2025-07-21T16:14:27","guid":{"rendered":"https:\/\/mamparasyduchas.com\/?post_type=product&#038;p=49069"},"modified":"2025-07-21T19:11:18","modified_gmt":"2025-07-21T17:11:18","slug":"mampara-easy-300-negro-bathroom-screens","status":"publish","type":"product","link":"https:\/\/mamparasyduchas.com\/en\/mamparas-de-ducha\/mamparas-angulares\/2-cristales-fijos-2-hojas-correderas-mamparas-angulares\/mampara-easy-300-negro-bathroom-screens\/","title":{"rendered":"Mampara Easy 300 Negro ( Bathroom Screens )"},"content":{"rendered":"<p><b>Mampara\u00a0 serie Easy 300.<\/b><\/p>\n<p>Mampara angular compuesta por 2 hojas correderas centrales + 2 hojas fijas laterales, apertura en el v\u00e9rtice en cristal templado de seguridad de 6 mm.<\/p>\n<p>Est\u00e1 fabricada en Aluminio Negro.<\/p>\n<p>Limpiar con una soluci\u00f3n de agua tibia y un poco de jab\u00f3n neutro. Aclarar con agua utilizando y utilizar un pa\u00f1o suave, nunca utilizar productos abrasivos.<\/p>","protected":false},"excerpt":{"rendered":"<p><strong>CARACTER\u00cdSTICAS PRINCIPALES:<\/strong><\/p>\n<ul>\n<li>Mampara angular, 2 hojas correderas + 2 hojas fijas, entrada por el v\u00e9rtice.<\/li>\n<li>Perfiler\u00eda aluminio negro mate.<\/li>\n<li>Cristal templado de seguridad TRANSPARENTE de 6 mm.<\/li>\n<li>Tratamiento EASY-CLEAN incluido<\/li>\n<li>Altura 195 cm<\/li>\n<\/ul>\n<p><strong><span class=\"ng-scope\">Plazo de entrega de 5 a 7 d\u00edas laborables.<\/span><\/strong><br class=\"ng-scope\" \/><span class=\"ng-scope\"><strong>IVA y transporte a pie de calle en pen\u00ednsula incluidos.<\/strong><\/span><\/p>\n<p>Ll\u00e1manos si necesitas m\u00e1s informaci\u00f3n para\u00a0<a href=\"https:\/\/mamparasyduchas.com\/en\/\">comprar mamparas de ducha online<\/a><\/p>","protected":false},"featured_media":49116,"template":"","meta":[],"product_brand":[],"product_cat":[234,233,165],"product_tag":[],"class_list":{"0":"post-49069","1":"product","2":"type-product","3":"status-publish","4":"has-post-thumbnail","6":"product_cat-2-cristales-fijos-2-hojas-correderas-mamparas-angulares","7":"product_cat-mamparas-angulares","8":"product_cat-mamparas-de-ducha","10":"first","11":"instock","12":"featured","13":"taxable","14":"shipping-taxable","15":"purchasable","16":"product-type-variable"},"_links":{"self":[{"href":"https:\/\/mamparasyduchas.com\/en\/wp-json\/wp\/v2\/product\/49069","targetHints":{"allow":["GET"]}}],"collection":[{"href":"https:\/\/mamparasyduchas.com\/en\/wp-json\/wp\/v2\/product"}],"about":[{"href":"https:\/\/mamparasyduchas.com\/en\/wp-json\/wp\/v2\/types\/product"}],"wp:featuredmedia":[{"embeddable":true,"href":"https:\/\/mamparasyduchas.com\/en\/wp-json\/wp\/v2\/media\/49116"}],"wp:attachment":[{"href":"https:\/\/mamparasyduchas.com\/en\/wp-json\/wp\/v2\/media?parent=49069"}],"wp:term":[{"taxonomy":"product_brand","embeddable":true,"href":"https:\/\/mamparasyduchas.com\/en\/wp-json\/wp\/v2\/product_brand?post=49069"},{"taxonomy":"product_cat","embeddable":true,"href":"https:\/\/mamparasyduchas.com\/en\/wp-json\/wp\/v2\/product_cat?post=49069"},{"taxonomy":"product_tag","embeddable":true,"href":"https:\/\/mamparasyduchas.com\/en\/wp-json\/wp\/v2\/product_tag?post=49069"}],"curies":[{"name":"wp","href":"https:\/\/api.w.org\/{rel}","templated":true}]}}