{"id":49732,"date":"2025-08-26T18:47:57","date_gmt":"2025-08-26T16:47:57","guid":{"rendered":"https:\/\/mamparasyduchas.com\/?post_type=product&#038;p=49732"},"modified":"2025-08-26T19:05:05","modified_gmt":"2025-08-26T17:05:05","slug":"mampara-pavia-400-oro-cepillado-kassandra","status":"publish","type":"product","link":"https:\/\/mamparasyduchas.com\/en\/mamparas-de-ducha\/mamparas-angulares\/2-cristales-fijos-1-hoja-corredera\/mampara-pavia-400-oro-cepillado-kassandra\/","title":{"rendered":"Mampara Pav\u00eda 400 Oro Cepillado (Kassandra)"},"content":{"rendered":"<p><strong>Mampara serie Pav\u00eda en aluminio anodizado Oro Cepillado (Kassandra).<\/strong><\/p>\n<p>Est\u00e1 compuesta por un 1 hoja fija + 1 hoja corredera + lateral fijo, vidrio templado de seguridad de 8 mm.<\/p>\n<p>Est\u00e1 fabricada en aluminio Oro Cepillado.<\/p>\n<p>Liberador de puerta para una c\u00f3moda limpieza.<\/p>\n<p>Limpiar con una soluci\u00f3n de agua tibia y un poco de jab\u00f3n neutro. Aclarar con agua utilizando y utilizar un pa\u00f1o suave, nunca utilizar productos abrasivos.<\/p>","protected":false},"excerpt":{"rendered":"<p><strong>CARACTER\u00cdSTICAS PRINCIPALES:<\/strong><\/p>\n<ul>\n<li>Frente de ducha, 1 hoja fija + 1 hoja corredera + lateral fijo.<\/li>\n<li>Perfiler\u00eda Aluminio Oro Cepillado.<\/li>\n<li>Cristal templado de seguridad de 8 mm, EASY-CLEAN incluido.<\/li>\n<li>Sin perfileria inferior.<\/li>\n<li>Liberaci\u00f3n de puertas para una f\u00e1cil limpieza.<\/li>\n<li>Altura 200 cm.<\/li>\n<\/ul>\n<p><strong>Indicar medida exacta.<\/strong><\/p>\n<p><strong><span class=\"ng-scope\">Plazo de entrega de 3\u00a0a 5 d\u00edas laborables.<\/span><\/strong><br class=\"ng-scope\" \/><span class=\"ng-scope\"><strong>IVA y transporte a pie de calle en pen\u00ednsula incluidos.<\/strong><\/span><\/p>","protected":false},"featured_media":49801,"template":"","meta":[],"product_brand":[],"product_cat":[272,233,165],"product_tag":[],"class_list":{"0":"post-49732","1":"product","2":"type-product","3":"status-publish","4":"has-post-thumbnail","6":"product_cat-2-cristales-fijos-1-hoja-corredera","7":"product_cat-mamparas-angulares","8":"product_cat-mamparas-de-ducha","10":"first","11":"instock","12":"featured","13":"taxable","14":"shipping-taxable","15":"purchasable","16":"product-type-variable"},"_links":{"self":[{"href":"https:\/\/mamparasyduchas.com\/en\/wp-json\/wp\/v2\/product\/49732","targetHints":{"allow":["GET"]}}],"collection":[{"href":"https:\/\/mamparasyduchas.com\/en\/wp-json\/wp\/v2\/product"}],"about":[{"href":"https:\/\/mamparasyduchas.com\/en\/wp-json\/wp\/v2\/types\/product"}],"wp:featuredmedia":[{"embeddable":true,"href":"https:\/\/mamparasyduchas.com\/en\/wp-json\/wp\/v2\/media\/49801"}],"wp:attachment":[{"href":"https:\/\/mamparasyduchas.com\/en\/wp-json\/wp\/v2\/media?parent=49732"}],"wp:term":[{"taxonomy":"product_brand","embeddable":true,"href":"https:\/\/mamparasyduchas.com\/en\/wp-json\/wp\/v2\/product_brand?post=49732"},{"taxonomy":"product_cat","embeddable":true,"href":"https:\/\/mamparasyduchas.com\/en\/wp-json\/wp\/v2\/product_cat?post=49732"},{"taxonomy":"product_tag","embeddable":true,"href":"https:\/\/mamparasyduchas.com\/en\/wp-json\/wp\/v2\/product_tag?post=49732"}],"curies":[{"name":"wp","href":"https:\/\/api.w.org\/{rel}","templated":true}]}}