{"id":49888,"date":"2025-08-27T16:59:15","date_gmt":"2025-08-27T14:59:15","guid":{"rendered":"https:\/\/mamparasyduchas.com\/?post_type=product&#038;p=49888"},"modified":"2025-08-27T17:05:03","modified_gmt":"2025-08-27T15:05:03","slug":"mampara-pavia-600-oro-cepillado-kassandra","status":"publish","type":"product","link":"https:\/\/mamparasyduchas.com\/en\/mamparas-de-ducha\/mamparas-walk-in-fijos\/1-cristal-fijo-1-puerta-corredera\/mampara-pavia-600-oro-cepillado-kassandra\/","title":{"rendered":"Mampara Pav\u00eda 600 Oro Cepillado (Kassandra)"},"content":{"rendered":"<p><strong>Mampara\u00a0 serie Pav\u00eda en aluminio anodizado Oro Cepillado (Kassandra).<\/strong><\/p>\n<p>Est\u00e1 compuesta por un 1 hoja fija + 1 hoja corredera, vidrio templado de seguridad de 8 mm.<\/p>\n<p>Est\u00e1 fabricada en aluminio Oro Cepillado.<\/p>\n<p>Liberador de puerta para una c\u00f3moda limpieza.<\/p>\n<p>Limpiar con una soluci\u00f3n de agua tibia y un poco de jab\u00f3n neutro. Aclarar con agua utilizando y utilizar un pa\u00f1o suave, nunca utilizar productos abrasivos.<\/p>","protected":false},"excerpt":{"rendered":"<p><strong>CARACTER\u00cdSTICAS PRINCIPALES:<\/strong><\/p>\n<ul>\n<li>Frente de ducha, 1 hoja fija + 1 hoja corredera.<\/li>\n<li>Perfiler\u00eda Aluminio Oro Cepillado.<\/li>\n<li>Cristal templado de seguridad de 8 mm, EASY-CLEAN incluido.<\/li>\n<li>Sin perfileria inferior.<\/li>\n<li>Liberaci\u00f3n de puertas para una f\u00e1cil limpieza.<\/li>\n<li>Altura 200 cm.<\/li>\n<\/ul>\n<p><strong><span class=\"ng-scope\">Plazo de entrega de 3\u00a0a 5 d\u00edas laborables.<\/span><\/strong><br class=\"ng-scope\" \/><span class=\"ng-scope\"><strong>IVA y transporte a pie de calle en pen\u00ednsula incluidos.<\/strong><\/span><\/p>","protected":false},"featured_media":49903,"template":"","meta":[],"product_brand":[],"product_cat":[332,165,292],"product_tag":[],"class_list":{"0":"post-49888","1":"product","2":"type-product","3":"status-publish","4":"has-post-thumbnail","6":"product_cat-1-cristal-fijo-1-puerta-corredera","7":"product_cat-mamparas-de-ducha","8":"product_cat-mamparas-walk-in-fijos","10":"first","11":"instock","12":"featured","13":"taxable","14":"shipping-taxable","15":"purchasable","16":"product-type-variable"},"_links":{"self":[{"href":"https:\/\/mamparasyduchas.com\/en\/wp-json\/wp\/v2\/product\/49888","targetHints":{"allow":["GET"]}}],"collection":[{"href":"https:\/\/mamparasyduchas.com\/en\/wp-json\/wp\/v2\/product"}],"about":[{"href":"https:\/\/mamparasyduchas.com\/en\/wp-json\/wp\/v2\/types\/product"}],"wp:featuredmedia":[{"embeddable":true,"href":"https:\/\/mamparasyduchas.com\/en\/wp-json\/wp\/v2\/media\/49903"}],"wp:attachment":[{"href":"https:\/\/mamparasyduchas.com\/en\/wp-json\/wp\/v2\/media?parent=49888"}],"wp:term":[{"taxonomy":"product_brand","embeddable":true,"href":"https:\/\/mamparasyduchas.com\/en\/wp-json\/wp\/v2\/product_brand?post=49888"},{"taxonomy":"product_cat","embeddable":true,"href":"https:\/\/mamparasyduchas.com\/en\/wp-json\/wp\/v2\/product_cat?post=49888"},{"taxonomy":"product_tag","embeddable":true,"href":"https:\/\/mamparasyduchas.com\/en\/wp-json\/wp\/v2\/product_tag?post=49888"}],"curies":[{"name":"wp","href":"https:\/\/api.w.org\/{rel}","templated":true}]}}