{"id":50169,"date":"2025-10-04T20:08:11","date_gmt":"2025-10-04T18:08:11","guid":{"rendered":"https:\/\/mamparasyduchas.com\/?post_type=product&#038;p=50169"},"modified":"2025-10-04T20:56:57","modified_gmt":"2025-10-04T18:56:57","slug":"mampara-malta-negro-doccia","status":"publish","type":"product","link":"https:\/\/mamparasyduchas.com\/en\/mamparas-de-ducha\/mamparas-angulares\/1-fijo-corredera-abatible-lateral-fijo\/mampara-malta-negro-doccia\/","title":{"rendered":"Mampara Malta Negro (Doccia)"},"content":{"rendered":"<p><strong>Mampara\u00a0 serie Malta en aluminio anodizado Negro (Doccia).<\/strong><\/p>\n<p>Mampara frontal compuesta por 1 hoja fija + 1 puerta corredera-abatible + 1 lateral fijo, cristal templado de seguridad de 8 mm.<\/p>\n<p>Est\u00e1 fabricada en Aluminio Negro Mate.<\/p>\n<p>Limpiar con una soluci\u00f3n de agua tibia y un poco de jab\u00f3n neutro. Aclarar con agua utilizando y utilizar un pa\u00f1o suave, nunca utilizar productos abrasivos.<\/p>","protected":false},"excerpt":{"rendered":"<p><strong>CARACTER\u00cdSTICAS PRINCIPALES:<\/strong><\/p>\n<ul>\n<li>Mampara ducha 1 hoja fija + puerta corredera-abatible + lateral fijo.<\/li>\n<li>Perfiler\u00eda aluminio Negro.<\/li>\n<li>Cristal de seguridad de 8 mm, antical en ambas caras incluido.<\/li>\n<li>Altura 195 cm.<\/li>\n<\/ul>\n<p><strong><span class=\"ng-scope\">Plazo de entrega de 3\u00a0a 5 d\u00edas laborables.<\/span><\/strong><br class=\"ng-scope\" \/><span class=\"ng-scope\"><strong>IVA y transporte a pie de calle en pen\u00ednsula incluidos.<\/strong><\/span><\/p>","protected":false},"featured_media":50188,"template":"","meta":[],"product_brand":[],"product_cat":[1096,233,165],"product_tag":[],"class_list":{"0":"post-50169","1":"product","2":"type-product","3":"status-publish","4":"has-post-thumbnail","6":"product_cat-1-fijo-corredera-abatible-lateral-fijo","7":"product_cat-mamparas-angulares","8":"product_cat-mamparas-de-ducha","10":"first","11":"instock","12":"featured","13":"taxable","14":"shipping-taxable","15":"purchasable","16":"product-type-variable"},"_links":{"self":[{"href":"https:\/\/mamparasyduchas.com\/en\/wp-json\/wp\/v2\/product\/50169","targetHints":{"allow":["GET"]}}],"collection":[{"href":"https:\/\/mamparasyduchas.com\/en\/wp-json\/wp\/v2\/product"}],"about":[{"href":"https:\/\/mamparasyduchas.com\/en\/wp-json\/wp\/v2\/types\/product"}],"wp:featuredmedia":[{"embeddable":true,"href":"https:\/\/mamparasyduchas.com\/en\/wp-json\/wp\/v2\/media\/50188"}],"wp:attachment":[{"href":"https:\/\/mamparasyduchas.com\/en\/wp-json\/wp\/v2\/media?parent=50169"}],"wp:term":[{"taxonomy":"product_brand","embeddable":true,"href":"https:\/\/mamparasyduchas.com\/en\/wp-json\/wp\/v2\/product_brand?post=50169"},{"taxonomy":"product_cat","embeddable":true,"href":"https:\/\/mamparasyduchas.com\/en\/wp-json\/wp\/v2\/product_cat?post=50169"},{"taxonomy":"product_tag","embeddable":true,"href":"https:\/\/mamparasyduchas.com\/en\/wp-json\/wp\/v2\/product_tag?post=50169"}],"curies":[{"name":"wp","href":"https:\/\/api.w.org\/{rel}","templated":true}]}}