{"id":53628,"date":"2026-01-05T18:45:02","date_gmt":"2026-01-05T17:45:02","guid":{"rendered":"https:\/\/mamparasyduchas.com\/?post_type=product&#038;p=53628"},"modified":"2026-01-05T18:51:22","modified_gmt":"2026-01-05T17:51:22","slug":"plato-ducha-resina-rain-forest-brown-3d","status":"publish","type":"product","link":"https:\/\/mamparasyduchas.com\/en\/platos-de-ducha-antideslizantes-y-extraplanos\/3d\/rain-forest-brown\/plato-ducha-resina-rain-forest-brown-3d\/","title":{"rendered":"Plato Ducha Resina Rain Forest Brown 3D"},"content":{"rendered":"<p>Los platos de ducha \u00ab3D\u00bb\u00a0son principalmente modelos de\u00a0<strong data-complete=\"true\">resina y cargas minerales<\/strong>\u00a0que utilizan tecnolog\u00eda de\u00a0<strong data-complete=\"true\">impresi\u00f3n digital bajo gel-coat<\/strong> para lograr texturas y dise\u00f1os realistas, como imitaci\u00f3n madera, cemento o m\u00e1rmol. El t\u00e9rmino \u00ab3D\u00bb hace referencia a la profundidad visual y el realismo de estos acabados texturizados, m\u00e1s que a una forma tridimensional inusual del plato en s\u00ed mismo.<\/p>\n<div class=\"otQkpb\" role=\"heading\" aria-level=\"3\" data-animation-nesting=\"\" data-sfc-cp=\"\" data-sae=\"\" data-complete=\"true\"><strong>Caracter\u00edsticas Principales.<\/strong><\/div>\n<ul class=\"KsbFXc U6u95\" data-processed=\"true\" data-complete=\"true\">\n<li data-hveid=\"CAQQAA\" data-sae=\"\" data-complete=\"true\"><span class=\"T286Pc\" data-sfc-cp=\"\" data-complete=\"true\"><strong class=\"Yjhzub\" data-complete=\"true\">Material:<\/strong>\u00a0Est\u00e1n fabricados con una mezcla de resinas de poli\u00e9ster y cargas minerales, con un recubrimiento final de Gel Coat que les otorga propiedades antibacterianas y resistencia.<\/span><\/li>\n<li data-hveid=\"CAQQAQ\" data-sae=\"\" data-complete=\"true\"><span class=\"T286Pc\" data-sfc-cp=\"\" data-complete=\"true\"><strong class=\"Yjhzub\" data-complete=\"true\">Texturas y Dise\u00f1os:<\/strong>\u00a0La tecnolog\u00eda de impresi\u00f3n 3D digital permite una amplia gama de acabados de gran realismo, como la imitaci\u00f3n madera, pizarra, cemento, m\u00e1rmol, dise\u00f1os hidr\u00e1ulicos o incluso infantiles.<\/span><\/li>\n<li data-hveid=\"CAQQAg\" data-sae=\"\" data-complete=\"true\"><span class=\"T286Pc\" data-sfc-cp=\"\" data-complete=\"true\"><strong class=\"Yjhzub\" data-complete=\"true\">Antideslizante:<\/strong> La superficie suele ser altamente antideslizante (nivel C3) para mayor seguridad.<\/span><\/li>\n<li data-hveid=\"CAQQAw\" data-sae=\"\" data-complete=\"true\"><span class=\"T286Pc\" data-sfc-cp=\"\" data-complete=\"true\"><strong class=\"Yjhzub\" data-complete=\"true\">Personalizaci\u00f3n:<\/strong>\u00a0Se fabrican frecuentemente a medida, lo que permite adaptarlos a casi cualquier espacio de ba\u00f1o y se pueden cortar para ajustar su forma o tama\u00f1o si es necesario.<\/span><\/li>\n<li data-hveid=\"CAQQBA\" data-sae=\"\" data-complete=\"true\"><span class=\"T286Pc\" data-sfc-cp=\"\" data-complete=\"true\"><strong class=\"Yjhzub\" data-complete=\"true\">Durabilidad y Resistencia:<\/strong>\u00a0Son conocidos por su alta resistencia a golpes, ralladuras y cambios de temperatura, y tienen una superficie no porosa, lo que facilita su limpieza y mantenimiento.<\/span><\/li>\n<li data-hveid=\"CAQQBQ\" data-sae=\"\" data-complete=\"true\"><span class=\"T286Pc\" data-sfc-cp=\"\" data-complete=\"true\"><strong class=\"Yjhzub\" data-complete=\"true\">Est\u00e9tica:<\/strong>\u00a0Aportan un toque moderno y natural al ba\u00f1o, a menudo con un dise\u00f1o extraplano que se integra a ras de suelo.<\/span><\/li>\n<\/ul>","protected":false},"excerpt":{"rendered":"<p><strong>CARACTER\u00cdSTICAS PRINCIPALES:<\/strong><\/p>\n<ul>\n<li>Modelo Oasis Rain Forest Brown.<\/li>\n<li>Plato de ducha textura liso.<\/li>\n<li>Fabricado en resina.<\/li>\n<li>Tratamiento antideslizante nivel C-3.<\/li>\n<li>Incluye<strong> Rejilla, V\u00e1lvula de desag\u00fce y Kit Adhesivo de Instalacion<\/strong>.<\/li>\n<\/ul>\n<p><span class=\"ng-scope\"><b>Plazo de entrega inmediato, 5 &#8211; 7 d\u00edas h\u00e1biles.<\/b><\/span><br class=\"ng-scope\" \/><span class=\"ng-scope\"><strong>IVA y transporte a pie de calle en pen\u00ednsula incluidos<\/strong><\/span><\/p>\n<p>Echa un vistazo a nuestras <a href=\"https:\/\/mamparasyduchas.com\/en\/mamparas-de-ducha\/\">Mamparas de ducha<\/a><\/p>\n<p>Echa un vistazo a nuestras\u00a0<a href=\"https:\/\/mamparasyduchas.com\/en\/griferia-y-accesorios\/columnas-ducha\/\">Columnas De Ducha<\/a><\/p>","protected":false},"featured_media":53696,"template":"","meta":[],"product_brand":[],"product_cat":[1173,162,1215],"product_tag":[],"class_list":{"0":"post-53628","1":"product","2":"type-product","3":"status-publish","4":"has-post-thumbnail","6":"product_cat-3d","7":"product_cat-platos-de-ducha-antideslizantes-y-extraplanos","8":"product_cat-rain-forest-brown","10":"first","11":"instock","12":"featured","13":"taxable","14":"shipping-taxable","15":"purchasable","16":"product-type-variable"},"_links":{"self":[{"href":"https:\/\/mamparasyduchas.com\/en\/wp-json\/wp\/v2\/product\/53628","targetHints":{"allow":["GET"]}}],"collection":[{"href":"https:\/\/mamparasyduchas.com\/en\/wp-json\/wp\/v2\/product"}],"about":[{"href":"https:\/\/mamparasyduchas.com\/en\/wp-json\/wp\/v2\/types\/product"}],"wp:featuredmedia":[{"embeddable":true,"href":"https:\/\/mamparasyduchas.com\/en\/wp-json\/wp\/v2\/media\/53696"}],"wp:attachment":[{"href":"https:\/\/mamparasyduchas.com\/en\/wp-json\/wp\/v2\/media?parent=53628"}],"wp:term":[{"taxonomy":"product_brand","embeddable":true,"href":"https:\/\/mamparasyduchas.com\/en\/wp-json\/wp\/v2\/product_brand?post=53628"},{"taxonomy":"product_cat","embeddable":true,"href":"https:\/\/mamparasyduchas.com\/en\/wp-json\/wp\/v2\/product_cat?post=53628"},{"taxonomy":"product_tag","embeddable":true,"href":"https:\/\/mamparasyduchas.com\/en\/wp-json\/wp\/v2\/product_tag?post=53628"}],"curies":[{"name":"wp","href":"https:\/\/api.w.org\/{rel}","templated":true}]}}