{"id":7991,"date":"2024-02-02T12:00:27","date_gmt":"2024-02-02T12:00:27","guid":{"rendered":"https:\/\/www.mamparasyduchas.com\/?post_type=product&#038;p=7991"},"modified":"2024-02-02T12:00:33","modified_gmt":"2024-02-02T12:00:33","slug":"mueble-bano-suspendido-ainsa-siroko-blanco-brillo-socimobel","status":"publish","type":"product","link":"https:\/\/mamparasyduchas.com\/en\/muebles-de-bano\/suspendido\/ainsa\/mueble-bano-suspendido-ainsa-siroko-blanco-brillo-socimobel\/","title":{"rendered":"Mueble Ba\u00f1o Suspendido Ainsa Siroko-Blanco Brillo (Socimobel)"},"content":{"rendered":"<p><strong>MUEBLE DE BA\u00d1O SUSPENDIDO AINSA 6 CAJONES 180 CM.<\/strong><\/p>\n<p>Mueble de Ba\u00f1o de 181 cm de ancho, composici\u00f3n de 3 m\u00f3dulos de 2 cajones cada uno con encimera de madera y 2 lavabos de sobre mueble, Medidas 181 x 46 x 62 cm, 2 Espejo 60 x 80 cm <strong>PRISTINA<\/strong><\/p>\n<p>Mueble de ba\u00f1o alta calidad.<\/p>\n<p><span style=\"font-size: 14px;\">\u00b7\u00a0Mueble fabricado en DM y acabado en colores o maderas.<\/span><br \/>\n<span style=\"font-size: 14px;\">\u00b7 Cajones met\u00e1licos con extracci\u00f3n total.<\/span><br \/>\n<span style=\"font-size: 14px;\">\u00b7\u00a0<strong>Guias HETTICH<\/strong>, guias de alta calidad y duraci\u00f3n.<\/span><br \/>\n<span style=\"font-size: 14px;\">\u00b7\u00a0Mueble de ba\u00f1o modular.<\/span><br \/>\n<span style=\"font-size: 14px;\">\u00b7 Herrajes con certificados de calidad y cierres amortiguados.<\/span><\/p>","protected":false},"excerpt":{"rendered":"<p><strong>SOCIMOBEL<\/strong><\/p>\n<ul>\n<li>ACABADO : Siroko &#8211; Blanco Brillo<\/li>\n<li>MODULOS: 3 Bajo portalavabo 60 AINSA 2 cajones<\/li>\n<li>LAVABO: 2 lavabos Libra<\/li>\n<li>ENCIMERA: Encimera 181 x 46 x 1,6 cm lacada<\/li>\n<li>ESPEJO: 2 Espejos 60 x 80 cm PRISTINA<\/li>\n<li>Se fabrica en fondo de 40 y 45 cm<\/li>\n<li>Todos los muebles pueden combinarse con otras serie y en cualquier color.<\/li>\n<li>Los colores pueden ser en brillo y en mate, elecci\u00f3n de color RAL tiene un incremento de un 10% en todos los modelos.<\/li>\n<li>Grifer\u00eda y v\u00e1lvulas no incluidas<\/li>\n<li><strong>Plazo de entrega, 15-18 d\u00edas h\u00e1biles<\/strong><\/li>\n<\/ul>","protected":false},"featured_media":8022,"template":"","meta":[],"product_brand":[],"product_cat":[337,333,336],"product_tag":[],"class_list":{"0":"post-7991","1":"product","2":"type-product","3":"status-publish","4":"has-post-thumbnail","6":"product_cat-ainsa","7":"product_cat-muebles-de-bano","8":"product_cat-suspendido","10":"first","11":"instock","12":"taxable","13":"shipping-taxable","14":"purchasable","15":"product-type-simple"},"_links":{"self":[{"href":"https:\/\/mamparasyduchas.com\/en\/wp-json\/wp\/v2\/product\/7991","targetHints":{"allow":["GET"]}}],"collection":[{"href":"https:\/\/mamparasyduchas.com\/en\/wp-json\/wp\/v2\/product"}],"about":[{"href":"https:\/\/mamparasyduchas.com\/en\/wp-json\/wp\/v2\/types\/product"}],"wp:featuredmedia":[{"embeddable":true,"href":"https:\/\/mamparasyduchas.com\/en\/wp-json\/wp\/v2\/media\/8022"}],"wp:attachment":[{"href":"https:\/\/mamparasyduchas.com\/en\/wp-json\/wp\/v2\/media?parent=7991"}],"wp:term":[{"taxonomy":"product_brand","embeddable":true,"href":"https:\/\/mamparasyduchas.com\/en\/wp-json\/wp\/v2\/product_brand?post=7991"},{"taxonomy":"product_cat","embeddable":true,"href":"https:\/\/mamparasyduchas.com\/en\/wp-json\/wp\/v2\/product_cat?post=7991"},{"taxonomy":"product_tag","embeddable":true,"href":"https:\/\/mamparasyduchas.com\/en\/wp-json\/wp\/v2\/product_tag?post=7991"}],"curies":[{"name":"wp","href":"https:\/\/api.w.org\/{rel}","templated":true}]}}