{"id":7992,"date":"2024-02-02T12:00:27","date_gmt":"2024-02-02T12:00:27","guid":{"rendered":"https:\/\/www.mamparasyduchas.com\/?post_type=product&#038;p=7992"},"modified":"2024-02-02T12:00:33","modified_gmt":"2024-02-02T12:00:33","slug":"mueble-bano-suspendido-ainsa-fresno-taiga-socimobel","status":"publish","type":"product","link":"https:\/\/mamparasyduchas.com\/en\/muebles-de-bano\/suspendido\/ainsa\/mueble-bano-suspendido-ainsa-fresno-taiga-socimobel\/","title":{"rendered":"Mueble Ba\u00f1o Suspendido Ainsa Fresno Taiga (Socimobel)"},"content":{"rendered":"<p>MUEBLE DE BA\u00d1O SUSPENDIDO AINSA 4 CAJONES 150 CM,<\/p>\n<p>Mueble de Ba\u00f1o de 151 cm de ancho, composici\u00f3n de 2 m\u00f3dulos de 2 cajones, 1 m\u00f3dulo bajo baldas con encimera de madera y 2 lavabos de sobre mueble.<\/p>\n<p><strong>Medidas disponibles:<\/strong> 60, 70, 80, 90, 100, 120 cm, consultar precio<\/p>\n<p><strong>Fondo:<\/strong> 40, 50 cm<\/p>\n<p><span style=\"font-size: 14px;\">\u00b7\u00a0Mueble fabricado en DM y acabado en colores o maderas.<\/span><br \/>\n<span style=\"font-size: 14px;\">\u00b7 Cajones met\u00e1licos con extracci\u00f3n total.<\/span><br \/>\n<span style=\"font-size: 14px;\">\u00b7\u00a0<strong>Guias HETTICH<\/strong>, guias de alta calidad y duraci\u00f3n.<\/span><br \/>\n<span style=\"font-size: 14px;\">\u00b7\u00a0Mueble de ba\u00f1o modular. Mueble compuesto por 2 m\u00f3dulos de 2 cajones, un m\u00f3dulo bajo con balda abierto, encimera de madera y 2 lavabos de sobre mueble.<\/span><br \/>\n<span style=\"font-size: 14px;\">\u00b7 Herrajes con certificados de calidad y cierres amortiguados.<\/span><\/p>","protected":false},"excerpt":{"rendered":"<p><strong>SOCIMOBEL<\/strong><\/p>\n<ul>\n<li>ACABADO : Fresno Taiga<\/li>\n<li>MODULOS: 2 Bajo portalavabo 60 AINSA 2 cajones + 1 Bajo baldas 30 AINSA<\/li>\n<li>LAVABO: 2 Lavabo MONACO<\/li>\n<li>ENCIMERA: 1 Encimera 151 x 46 x 1,6 cm madera<\/li>\n<li>ESPEJO: 2 Espejo 60 x 80 PRISTINA<\/li>\n<li>Se fabrica en fondo de 40 y 45 cm<\/li>\n<li>Todos los muebles pueden combinarse con otras serie y en cualquier color.<\/li>\n<li>Los colores pueden ser en brillo y en mate, elecci\u00f3n de color RAL tiene un incremento de un 10% en todos los modelos.<\/li>\n<li>Grifer\u00eda y v\u00e1lvulas no incluidas<\/li>\n<li><strong>Plazo de entrega, 15-18 d\u00edas h\u00e1biles<\/strong><\/li>\n<\/ul>","protected":false},"featured_media":8023,"template":"","meta":[],"product_brand":[],"product_cat":[337,333,336],"product_tag":[],"class_list":{"0":"post-7992","1":"product","2":"type-product","3":"status-publish","4":"has-post-thumbnail","6":"product_cat-ainsa","7":"product_cat-muebles-de-bano","8":"product_cat-suspendido","10":"first","11":"instock","12":"taxable","13":"shipping-taxable","14":"purchasable","15":"product-type-simple"},"_links":{"self":[{"href":"https:\/\/mamparasyduchas.com\/en\/wp-json\/wp\/v2\/product\/7992","targetHints":{"allow":["GET"]}}],"collection":[{"href":"https:\/\/mamparasyduchas.com\/en\/wp-json\/wp\/v2\/product"}],"about":[{"href":"https:\/\/mamparasyduchas.com\/en\/wp-json\/wp\/v2\/types\/product"}],"wp:featuredmedia":[{"embeddable":true,"href":"https:\/\/mamparasyduchas.com\/en\/wp-json\/wp\/v2\/media\/8023"}],"wp:attachment":[{"href":"https:\/\/mamparasyduchas.com\/en\/wp-json\/wp\/v2\/media?parent=7992"}],"wp:term":[{"taxonomy":"product_brand","embeddable":true,"href":"https:\/\/mamparasyduchas.com\/en\/wp-json\/wp\/v2\/product_brand?post=7992"},{"taxonomy":"product_cat","embeddable":true,"href":"https:\/\/mamparasyduchas.com\/en\/wp-json\/wp\/v2\/product_cat?post=7992"},{"taxonomy":"product_tag","embeddable":true,"href":"https:\/\/mamparasyduchas.com\/en\/wp-json\/wp\/v2\/product_tag?post=7992"}],"curies":[{"name":"wp","href":"https:\/\/api.w.org\/{rel}","templated":true}]}}