{"id":8009,"date":"2024-02-02T12:00:28","date_gmt":"2024-02-02T12:00:28","guid":{"rendered":"https:\/\/www.mamparasyduchas.com\/?post_type=product&#038;p=8009"},"modified":"2024-02-02T12:00:58","modified_gmt":"2024-02-02T12:00:58","slug":"mueble-bano-suspendido-tamano-reducido-sun-socimobel","status":"publish","type":"product","link":"https:\/\/mamparasyduchas.com\/en\/muebles-de-bano\/suspendido\/tamano-reducido\/mueble-bano-suspendido-tamano-reducido-sun-socimobel\/","title":{"rendered":"Mueble Ba\u00f1o Suspendido Tama\u00f1o Reducido Sun (Socimobel)"},"content":{"rendered":"<p><strong>MUEBLE DE BA\u00d1O SUSPENDIDO TAMA\u00d1O REDUCIDO SERIE SUN 2 CAJONES.<\/strong><\/p>\n<p>Mueble de Ba\u00f1o suspendido, compuesto de 2 cajones,\u00a0 lavabo de porcelana sobre mueble.<\/p>\n<p><strong>Fondo Reducido: <\/strong>35 cm<\/p>\n<p>&nbsp;<\/p>","protected":false},"excerpt":{"rendered":"<p><strong>SOCIMOBEL<\/strong><\/p>\n<ul>\n<li>MODULOS: Suspendido portalavabo 70 cm, 2 cajones<\/li>\n<li>LAVABO: 71 x 36 cm porcelana<\/li>\n<li>ESPEJO: 70 x 80 cm ECO<\/li>\n<li>Todos los muebles pueden combinarse con otras serie y en cualquier color.<\/li>\n<li>Los colores pueden ser en brillo y en mate, elecci\u00f3n de color RAL tiene un incremento de un 10% en todos los modelos.<\/li>\n<li>Grifer\u00eda y v\u00e1lvula no incluido<\/li>\n<li><strong>Plazo de entrega, 15-18 d\u00edas h\u00e1biles<\/strong><\/li>\n<\/ul>","protected":false},"featured_media":8046,"template":"","meta":[],"product_brand":[],"product_cat":[333,336,342],"product_tag":[],"class_list":{"0":"post-8009","1":"product","2":"type-product","3":"status-publish","4":"has-post-thumbnail","6":"product_cat-muebles-de-bano","7":"product_cat-suspendido","8":"product_cat-tamano-reducido","10":"first","11":"instock","12":"taxable","13":"shipping-taxable","14":"purchasable","15":"product-type-variable"},"_links":{"self":[{"href":"https:\/\/mamparasyduchas.com\/en\/wp-json\/wp\/v2\/product\/8009","targetHints":{"allow":["GET"]}}],"collection":[{"href":"https:\/\/mamparasyduchas.com\/en\/wp-json\/wp\/v2\/product"}],"about":[{"href":"https:\/\/mamparasyduchas.com\/en\/wp-json\/wp\/v2\/types\/product"}],"wp:featuredmedia":[{"embeddable":true,"href":"https:\/\/mamparasyduchas.com\/en\/wp-json\/wp\/v2\/media\/8046"}],"wp:attachment":[{"href":"https:\/\/mamparasyduchas.com\/en\/wp-json\/wp\/v2\/media?parent=8009"}],"wp:term":[{"taxonomy":"product_brand","embeddable":true,"href":"https:\/\/mamparasyduchas.com\/en\/wp-json\/wp\/v2\/product_brand?post=8009"},{"taxonomy":"product_cat","embeddable":true,"href":"https:\/\/mamparasyduchas.com\/en\/wp-json\/wp\/v2\/product_cat?post=8009"},{"taxonomy":"product_tag","embeddable":true,"href":"https:\/\/mamparasyduchas.com\/en\/wp-json\/wp\/v2\/product_tag?post=8009"}],"curies":[{"name":"wp","href":"https:\/\/api.w.org\/{rel}","templated":true}]}}